{"id":5556,"date":"2022-09-26T13:47:07","date_gmt":"2022-09-26T13:47:07","guid":{"rendered":"https:\/\/lostshoecollective.com\/?page_id=5556"},"modified":"2023-08-22T18:01:55","modified_gmt":"2023-08-22T18:01:55","slug":"matches","status":"publish","type":"page","link":"https:\/\/lostshoecollective.com\/is\/matches\/","title":{"rendered":"Matches"},"content":{"rendered":"<div data-elementor-type=\"wp-page\" data-elementor-id=\"5556\" class=\"elementor elementor-5556\" data-elementor-post-type=\"page\">\n\t\t\t\t\t\t<section class=\"elementor-section elementor-top-section elementor-element elementor-element-75ac9ca elementor-section-boxed elementor-section-height-default elementor-section-height-default\" data-id=\"75ac9ca\" data-element_type=\"section\" data-e-type=\"section\">\n\t\t\t\t\t\t<div class=\"elementor-container elementor-column-gap-default\">\n\t\t\t\t\t<div class=\"elementor-column elementor-col-100 elementor-top-column elementor-element elementor-element-f0ee46f\" data-id=\"f0ee46f\" data-element_type=\"column\" data-e-type=\"column\">\n\t\t\t<div class=\"elementor-widget-wrap elementor-element-populated\">\n\t\t\t\t\t\t<div class=\"elementor-element elementor-element-3f62d1e elementor-widget elementor-widget-video\" data-id=\"3f62d1e\" data-element_type=\"widget\" data-e-type=\"widget\" data-settings=\"{&quot;video_type&quot;:&quot;vimeo&quot;}\" data-widget_type=\"video.default\">\n\t\t\t\t<div class=\"elementor-widget-container\">\n\t\t\t\t\t\t\t<div class=\"elementor-wrapper elementor-open-inline\">\n\t\t\t<iframe class=\"elementor-video-iframe\" allowfullscreen allow=\"clipboard-write\" title=\"vimeo Video Player\" src=\"https:\/\/player.vimeo.com\/video\/334015077?color&amp;autopause=0&amp;loop=0&amp;muted=0&amp;title=0&amp;portrait=0&amp;byline=0&amp;h=cbd5a9e137#t=\"><\/iframe>\t\t<\/div>\n\t\t\t\t\t\t<\/div>\n\t\t\t\t<\/div>\n\t\t\t\t<div class=\"elementor-element elementor-element-c661a69 elementor-widget elementor-widget-spacer\" data-id=\"c661a69\" data-element_type=\"widget\" data-e-type=\"widget\" data-widget_type=\"spacer.default\">\n\t\t\t\t<div class=\"elementor-widget-container\">\n\t\t\t\t\t\t\t<div class=\"elementor-spacer\">\n\t\t\t<div class=\"elementor-spacer-inner\"><\/div>\n\t\t<\/div>\n\t\t\t\t\t\t<\/div>\n\t\t\t\t<\/div>\n\t\t\t\t\t<\/div>\n\t\t<\/div>\n\t\t\t\t\t<\/div>\n\t\t<\/section>\n\t\t\t\t<section class=\"elementor-section elementor-top-section elementor-element elementor-element-9ebae1c elementor-section-boxed elementor-section-height-default elementor-section-height-default\" data-id=\"9ebae1c\" data-element_type=\"section\" data-e-type=\"section\">\n\t\t\t\t\t\t<div class=\"elementor-container elementor-column-gap-default\">\n\t\t\t\t\t<div class=\"elementor-column elementor-col-100 elementor-top-column elementor-element elementor-element-1e91dd8\" data-id=\"1e91dd8\" data-element_type=\"column\" data-e-type=\"column\">\n\t\t\t<div class=\"elementor-widget-wrap elementor-element-populated\">\n\t\t\t\t\t\t<div class=\"elementor-element elementor-element-a98f974 elementor-widget elementor-widget-heading\" data-id=\"a98f974\" data-element_type=\"widget\" data-e-type=\"widget\" data-widget_type=\"heading.default\">\n\t\t\t\t<div class=\"elementor-widget-container\">\n\t\t\t\t\t<h2 class=\"elementor-heading-title elementor-size-default\">MATCHES<\/h2>\t\t\t\t<\/div>\n\t\t\t\t<\/div>\n\t\t\t\t\t<\/div>\n\t\t<\/div>\n\t\t\t\t\t<\/div>\n\t\t<\/section>\n\t\t\t\t<section class=\"elementor-section elementor-top-section elementor-element elementor-element-4e7e2d0 elementor-section-boxed elementor-section-height-default elementor-section-height-default\" data-id=\"4e7e2d0\" data-element_type=\"section\" data-e-type=\"section\">\n\t\t\t\t\t\t<div class=\"elementor-container elementor-column-gap-default\">\n\t\t\t\t\t<div class=\"elementor-column elementor-col-100 elementor-top-column elementor-element elementor-element-62cc1a4\" data-id=\"62cc1a4\" data-element_type=\"column\" data-e-type=\"column\">\n\t\t\t<div class=\"elementor-widget-wrap elementor-element-populated\">\n\t\t\t\t\t\t<div class=\"elementor-element elementor-element-dcc2cbf elementor-widget elementor-widget-spacer\" data-id=\"dcc2cbf\" data-element_type=\"widget\" data-e-type=\"widget\" data-widget_type=\"spacer.default\">\n\t\t\t\t<div class=\"elementor-widget-container\">\n\t\t\t\t\t\t\t<div class=\"elementor-spacer\">\n\t\t\t<div class=\"elementor-spacer-inner\"><\/div>\n\t\t<\/div>\n\t\t\t\t\t\t<\/div>\n\t\t\t\t<\/div>\n\t\t\t\t<div class=\"elementor-element elementor-element-1ce4d81 elementor-widget elementor-widget-text-editor\" data-id=\"1ce4d81\" data-element_type=\"widget\" data-e-type=\"widget\" data-widget_type=\"text-editor.default\">\n\t\t\t\t<div class=\"elementor-widget-container\">\n\t\t\t\t\t\t\t\t\t<p class=\"has-text-align-center\">Ungur ma\u00f0ur sem gl\u00edmir vi\u00f0 f\u00edkn s\u00edna fl\u00fdr raunveruleikann og bar\u00e1ttu fort\u00ed\u00f0ar sinnar.<\/p><p class=\"has-text-align-center\"><br><\/p>\n<p class=\"has-text-align-center\">\n<\/p><p class=\"has-text-align-center\">Innbl\u00e1sinn af&nbsp;<em>The Little Match Girl<\/em>, sm\u00e1saga eftir H.C. Andersen. \u00de\u00e6ttir \u00far s\u00f6gunni eru sko\u00f0a\u00f0ir \u00ed gegnum s\u00fdn a\u00f0als\u00f6guhetjunnar \u00fear sem \u00ed tengslum vi\u00f0 raunverulegt l\u00edf hans sj\u00e1um vi\u00f0 hann berjast vi\u00f0 dj\u00f6fla s\u00edna og fort\u00ed\u00f0 s\u00edna. \u00deetta er\u00a0fer\u00f0 \u00ed huga ungs manns sem t\u00fdnist \u00e1 l\u00edfslei\u00f0inni. <\/p>\n<p class=\"has-text-align-center\">\n<\/p><p class=\"has-text-align-center\" style=\"text-align: center;\"><br><\/p>\t\t\t\t\t\t\t\t<\/div>\n\t\t\t\t<\/div>\n\t\t\t\t\t<\/div>\n\t\t<\/div>\n\t\t\t\t\t<\/div>\n\t\t<\/section>\n\t\t\t\t<\/div>","protected":false},"excerpt":{"rendered":"<p>MATCHES A young man struggling with his addiction escapes reality and the struggle of his past. Inspired by&nbsp;The Little Match Girl, a short story by H.C. Andersen. Elements from the story are explored through the visions of the main protagonist where in conjunction with his real life we see him battle with his demons and<a class=\"more-link\" href=\"https:\/\/lostshoecollective.com\/is\/matches\/\">Continue reading <span class=\"screen-reader-text\">&#8220;Matches&#8221;<\/span><\/a><\/p>","protected":false},"author":161824182,"featured_media":0,"parent":0,"menu_order":0,"comment_status":"closed","ping_status":"closed","template":"","meta":{"_crdt_document":"","advanced_seo_description":"","jetpack_seo_html_title":"","jetpack_seo_noindex":false,"footnotes":""},"class_list":["post-5556","page","type-page","status-publish","hentry","entry"],"jetpack_likes_enabled":true,"jetpack_sharing_enabled":true,"jetpack_shortlink":"https:\/\/wp.me\/Pe1weW-1rC","jetpack-related-posts":[{"id":14376,"url":"https:\/\/lostshoecollective.com\/is\/contact-us\/","url_meta":{"origin":5556,"position":0},"title":"Haf\u00f0u samband vi\u00f0 okkur","author":"Lost Shoe Collective Collective","date":"\u00e1g\u00fast 21, 2023","format":false,"excerpt":"Would you like to work with us? You can contact us via e-mail at info@lostshoecollective.com or leave a message right here:","rel":"","context":"Similar post","block_context":{"text":"Similar post","link":""},"img":{"alt_text":"","src":"","width":0,"height":0},"classes":[]},{"id":1550,"url":"https:\/\/lostshoecollective.com\/is\/team\/","url_meta":{"origin":5556,"position":1},"title":"Me\u00f0limir","author":"Lost Shoe Collective Collective","date":"september 24, 2022","format":false,"excerpt":"THE COLLECTIVE MEMBERS Fatou N'dure Tinna Bj\u00f6rk Helgad\u00f3ttir Marta Sveinbj\u00f6rnsd\u00f3ttir Ragnar Ingi Magn\u00fasson Hafsteinn \u00d3lafsson Jerem\u00edas Caro Rom\u00e1n J\u00fal\u00eda Margr\u00e9t Einarsd\u00f3ttir S\u00f3lveig Johnsen Fendina M\u00fcller Sunna Halld\u00f3rud\u00f3ttir","rel":"","context":"Similar post","block_context":{"text":"Similar post","link":""},"img":{"alt_text":"","src":"https:\/\/i0.wp.com\/lostshoecollective.com\/wp-content\/uploads\/2022\/09\/d47fe084-ffb8-4283-9d0d-da6354df1337-150x150.png?resize=350%2C200&ssl=1","width":350,"height":200},"classes":[]},{"id":3727,"url":"https:\/\/lostshoecollective.com\/is\/services\/","url_meta":{"origin":5556,"position":2},"title":"\u00dej\u00f3nusta","author":"Lost Shoe Collective Collective","date":"september 28, 2022","format":false,"excerpt":"SERVICES We are proud to offer a variety of film production services to help you realise your video. From pre-production, on-set to post-production \u2013 please click the service you are interested in to find out more! \u00a0 Educational & Promotional Videos Need an promotional video for your business, project or\u2026","rel":"","context":"Similar post","block_context":{"text":"Similar post","link":""},"img":{"alt_text":"","src":"https:\/\/i0.wp.com\/lostshoecollective.com\/wp-content\/uploads\/2022\/09\/Untitled-design-4-300x300.jpg?resize=350%2C200&ssl=1","width":350,"height":200},"classes":[]},{"id":157,"url":"https:\/\/lostshoecollective.com\/is\/about-us-2\/","url_meta":{"origin":5556,"position":3},"title":"Um okkur","author":"Lost Shoe Collective Collective","date":"j\u00fan\u00ed 9, 2022","format":false,"excerpt":"LOST SHOE COLLECTIVE The Lost Shoe Collective is a passionate group of independent filmmakers based in Reykjavik, Berlin and Barcelona. We're a young, dynamic team with years of experience and education to back up our talent. WHAT SETS US APART? With the Lost Shoe Collective, you are first and foremost\u2026","rel":"","context":"Similar post","block_context":{"text":"Similar post","link":""},"img":{"alt_text":"","src":"https:\/\/i0.wp.com\/lostshoecollective.com\/wp-content\/uploads\/2022\/09\/20190904_202107-1024x768.jpg?resize=350%2C200&ssl=1","width":350,"height":200,"srcset":"https:\/\/i0.wp.com\/lostshoecollective.com\/wp-content\/uploads\/2022\/09\/20190904_202107-1024x768.jpg?resize=350%2C200&ssl=1 1x, https:\/\/i0.wp.com\/lostshoecollective.com\/wp-content\/uploads\/2022\/09\/20190904_202107-1024x768.jpg?resize=525%2C300&ssl=1 1.5x, https:\/\/i0.wp.com\/lostshoecollective.com\/wp-content\/uploads\/2022\/09\/20190904_202107-1024x768.jpg?resize=700%2C400&ssl=1 2x"},"classes":[]},{"id":183,"url":"https:\/\/lostshoecollective.com\/is\/visual-sound-editing\/","url_meta":{"origin":5556,"position":4},"title":"Hlj\u00f3\u00f0 &amp; myndvinnsla","author":"Lost Shoe Collective Collective","date":"j\u00fan\u00ed 9, 2022","format":false,"excerpt":"VISUAL & SOUND EDITING Our talented visual and sound editors will work on assignment to finalise your project. They are happy to work on films or podcasts of any length to your brief. After effects or animation? No problem! Get in touch for a quote. FLAT HOURLY RATE We offer\u2026","rel":"","context":"Similar post","block_context":{"text":"Similar post","link":""},"img":{"alt_text":"","src":"","width":0,"height":0},"classes":[]},{"id":182,"url":"https:\/\/lostshoecollective.com\/is\/short-films\/","url_meta":{"origin":5556,"position":5},"title":"Stuttmyndir","author":"Lost Shoe Collective Collective","date":"j\u00fan\u00ed 9, 2022","format":false,"excerpt":"SHORTS & MUSIC VIDEOS Hire our whole team, or the individual crew members you need to fulfill your vision. Experienced and creative, we have plenty of on-set credits as well as top-notch visual and sound editors. Contact us to discuss your needs! SPECIALITIES Bring your idea, your story, your song,\u2026","rel":"","context":"Similar post","block_context":{"text":"Similar post","link":""},"img":{"alt_text":"","src":"https:\/\/i0.wp.com\/lostshoecollective.com\/wp-content\/uploads\/2022\/08\/Untitled-design-6-300x300.jpg?resize=350%2C200&ssl=1","width":350,"height":200},"classes":[]}],"_links":{"self":[{"href":"https:\/\/lostshoecollective.com\/is\/wp-json\/wp\/v2\/pages\/5556","targetHints":{"allow":["GET"]}}],"collection":[{"href":"https:\/\/lostshoecollective.com\/is\/wp-json\/wp\/v2\/pages"}],"about":[{"href":"https:\/\/lostshoecollective.com\/is\/wp-json\/wp\/v2\/types\/page"}],"author":[{"embeddable":true,"href":"https:\/\/lostshoecollective.com\/is\/wp-json\/wp\/v2\/users\/161824182"}],"replies":[{"embeddable":true,"href":"https:\/\/lostshoecollective.com\/is\/wp-json\/wp\/v2\/comments?post=5556"}],"version-history":[{"count":46,"href":"https:\/\/lostshoecollective.com\/is\/wp-json\/wp\/v2\/pages\/5556\/revisions"}],"predecessor-version":[{"id":15133,"href":"https:\/\/lostshoecollective.com\/is\/wp-json\/wp\/v2\/pages\/5556\/revisions\/15133"}],"wp:attachment":[{"href":"https:\/\/lostshoecollective.com\/is\/wp-json\/wp\/v2\/media?parent=5556"}],"curies":[{"name":"wp","href":"https:\/\/api.w.org\/{rel}","templated":true}]}}