{"id":5202,"date":"2022-09-26T12:58:10","date_gmt":"2022-09-26T12:58:10","guid":{"rendered":"https:\/\/lostshoecollective.com\/?page_id=5202"},"modified":"2023-03-01T18:15:49","modified_gmt":"2023-03-01T18:15:49","slug":"artist-run-spaces-have-more-freedom","status":"publish","type":"page","link":"https:\/\/lostshoecollective.com\/is\/artist-run-spaces-have-more-freedom\/","title":{"rendered":"<strong>&#8220;Artist run spaces have more freedom&#8221;<\/strong>"},"content":{"rendered":"<div data-elementor-type=\"wp-page\" data-elementor-id=\"5202\" class=\"elementor elementor-5202\" data-elementor-post-type=\"page\">\n\t\t\t\t\t\t<section class=\"elementor-section elementor-top-section elementor-element elementor-element-77f39bda elementor-section-boxed elementor-section-height-default elementor-section-height-default\" data-id=\"77f39bda\" data-element_type=\"section\" data-e-type=\"section\">\n\t\t\t\t\t\t<div class=\"elementor-container elementor-column-gap-default\">\n\t\t\t\t\t<div class=\"elementor-column elementor-col-100 elementor-top-column elementor-element elementor-element-3f1e5598\" data-id=\"3f1e5598\" data-element_type=\"column\" data-e-type=\"column\">\n\t\t\t<div class=\"elementor-widget-wrap elementor-element-populated\">\n\t\t\t\t\t\t<div class=\"elementor-element elementor-element-6763c2df elementor-widget elementor-widget-text-editor\" data-id=\"6763c2df\" data-element_type=\"widget\" data-e-type=\"widget\" data-widget_type=\"text-editor.default\">\n\t\t\t\t<div class=\"elementor-widget-container\">\n\t\t\t\t\t\t\t\t\t<p><\/p>\n<h2 class=\"has-text-align-center wp-block-heading\"><strong>&#8220;Artist run spaces have more freedom&#8221;<\/strong><\/h2>\n<div><strong>\u00a0<\/strong><\/div>\n<p><\/p>\n<p><\/p>\n<figure class=\"wp-block-image size-large\"><img fetchpriority=\"high\" decoding=\"async\" data-attachment-id=\"5207\" data-permalink=\"https:\/\/lostshoecollective.com\/is\/artist-run-spaces-have-more-freedom\/klingogbang-1-1\/\" data-orig-file=\"https:\/\/i0.wp.com\/lostshoecollective.com\/wp-content\/uploads\/2022\/09\/KlingogBang-1-1.png?fit=1920%2C1080&amp;ssl=1\" data-orig-size=\"1920,1080\" data-comments-opened=\"1\" data-image-meta=\"{&quot;aperture&quot;:&quot;0&quot;,&quot;credit&quot;:&quot;&quot;,&quot;camera&quot;:&quot;&quot;,&quot;caption&quot;:&quot;&quot;,&quot;created_timestamp&quot;:&quot;0&quot;,&quot;copyright&quot;:&quot;&quot;,&quot;focal_length&quot;:&quot;0&quot;,&quot;iso&quot;:&quot;0&quot;,&quot;shutter_speed&quot;:&quot;0&quot;,&quot;title&quot;:&quot;&quot;,&quot;orientation&quot;:&quot;0&quot;}\" data-image-title=\"KlingogBang-1-1\" data-image-description=\"\" data-image-caption=\"\" data-medium-file=\"https:\/\/i0.wp.com\/lostshoecollective.com\/wp-content\/uploads\/2022\/09\/KlingogBang-1-1.png?fit=300%2C169&amp;ssl=1\" data-large-file=\"https:\/\/i0.wp.com\/lostshoecollective.com\/wp-content\/uploads\/2022\/09\/KlingogBang-1-1.png?fit=750%2C422&amp;ssl=1\" data-recalc-dims=\"1\" height=\"422\" width=\"750\" class=\"wp-image-5207\" src=\"https:\/\/i0.wp.com\/lostshoecollective.com\/wp-content\/uploads\/2022\/09\/KlingogBang-1-1.png?resize=750%2C422&#038;ssl=1\" alt=\"\" srcset=\"https:\/\/i0.wp.com\/lostshoecollective.com\/wp-content\/uploads\/2022\/09\/KlingogBang-1-1.png?w=1920&amp;ssl=1 1920w, https:\/\/i0.wp.com\/lostshoecollective.com\/wp-content\/uploads\/2022\/09\/KlingogBang-1-1.png?resize=300%2C169&amp;ssl=1 300w, https:\/\/i0.wp.com\/lostshoecollective.com\/wp-content\/uploads\/2022\/09\/KlingogBang-1-1.png?resize=1024%2C576&amp;ssl=1 1024w, https:\/\/i0.wp.com\/lostshoecollective.com\/wp-content\/uploads\/2022\/09\/KlingogBang-1-1.png?resize=768%2C432&amp;ssl=1 768w, https:\/\/i0.wp.com\/lostshoecollective.com\/wp-content\/uploads\/2022\/09\/KlingogBang-1-1.png?resize=1536%2C864&amp;ssl=1 1536w, https:\/\/i0.wp.com\/lostshoecollective.com\/wp-content\/uploads\/2022\/09\/KlingogBang-1-1.png?resize=1200%2C675&amp;ssl=1 1200w\" sizes=\"(max-width: 750px) 100vw, 750px\" \/>\n<p>\u00a0<\/p>\n<figcaption class=\"wp-element-caption\"><strong>\u00a0<\/strong><\/figcaption>\n<figcaption class=\"wp-element-caption\"><strong>Hekla D\u00f6gg J\u00f3nsd\u00f3ttir<\/strong><\/figcaption>\n<\/figure>\n<p><\/p>\n<p><\/p>\n<p id=\"viewer-4le6k\" class=\"has-text-align-center wp-block-paragraph\">\u201cArtist run spaces always have more freedom, it gives the artist an opportunity to kind of work without the influence of what it\u2019s supposed to be which can happen in more commercial spaces and to do more interesting things.\u201d<\/p>\n<p><\/p>\n<p><\/p>\n<p id=\"viewer-6cou\" class=\"has-text-align-center wp-block-paragraph\">That was the opinion of artist Hekla D\u00f6gg J\u00f3nsd\u00f3ttir, 47, when we met her last summer in the newly rehoused Kling og Bang gallery in Reykjavik.<\/p>\n<p><\/p>\n<p><\/p>\n<p id=\"viewer-930n9\" class=\"has-text-align-center wp-block-paragraph\">Hekla whose work includes installations, videos and photographs helped establish the artist run initiative in 2003.<\/p>\n<p><\/p>\n<p><\/p>\n<p id=\"viewer-cp1j0\" class=\"has-text-align-center wp-block-paragraph\">\u201cWhat I appreciate the most is that we are still artist run, it\u2019s still volunteer work almost entirely, members want to have a say in what\u2019s being shown in the gallery. The ones who do the most work are the ones who have the most control over what\u2019s being shown, it\u2019s a nice way to run things, it makes sense.\u201d<\/p>\n<p><\/p>\n<p><\/p>\n<p id=\"viewer-150ii\" class=\"has-text-align-center wp-block-paragraph\">Kling og Bang has had several homes since it was founded but its most recent is supported by the city.<\/p>\n<p><\/p>\n<p><\/p>\n<p id=\"viewer-1r8gu\" class=\"has-text-align-center wp-block-paragraph\">She told us: \u201cThis was the most positive thing the city has done, to support this house, it\u2019s the most positive feedback from the city, it\u2019s very important for this area, artist run spaces are the ones that keep things going.\u201d<\/p>\n<p><\/p>\n<p><\/p>\n<p id=\"viewer-dfsd4\" class=\"has-text-align-center wp-block-paragraph\">\u201cSometimes the artists who show here are young, sometimes they are developing a little bit, we always think it\u2019s fresh art they\u2019re making.\u201d<\/p>\n<p><\/p>\n<p><\/p>\n<p id=\"viewer-8ruvh\" class=\"has-text-align-center wp-block-paragraph\">\u201cI hope we continue working in the same way we have been and making the art the most important thing&#8230;it\u2019s so easy to get institutionalised.\u201d<\/p>\n<p><\/p>\n<p><\/p>\n<p id=\"viewer-6s242\" class=\"has-text-align-center wp-block-paragraph\">Hekla feels art and in particular fine arts are enjoying a resurgence in Iceland, she said that although financially things can be challenging popularity in art is on the up and the future looks very positive.<\/p>\n<p><\/p>\n<p><\/p>\n<p id=\"viewer-2t7bq\" class=\"has-text-align-center wp-block-paragraph\">\u201cReykjavik is more artist run than most places. What\u2019s missing is that we don\u2019t have any market here for art, but an art market can also be negative.\u201d<\/p>\n<p><\/p>\n<p><\/p>\n<p id=\"viewer-4l94i\" class=\"has-text-align-center wp-block-paragraph\">\u201cOf course financial things have influence but also some kind of fashion, fine arts were not in fashion at all and were not really nurtured in Iceland. Now there is a more positive view on fine arts than I have seen ever before.\u201d<\/p>\n<p><\/p>\n<p><\/p>\n<p id=\"viewer-3enn6\" class=\"has-text-align-center wp-block-paragraph\">For more information about Kling og Bang visit <a href=\"http:\/\/this.is\/klingogbang\/\" target=\"_blank\" rel=\"noreferrer noopener\"><u>http:\/\/this.is\/klingogbang\/<\/u><\/a>.<\/p>\n<p><\/p>\n<p><\/p>\n<p class=\"has-text-align-center wp-block-paragraph\"><em>Words by Beth Cherryman<\/em><\/p>\n<div class=\"wp-block-group\">\n<p><\/p>\n<\/div>\n<p><!-- \/wp:group --><\/p>\t\t\t\t\t\t\t\t<\/div>\n\t\t\t\t<\/div>\n\t\t\t\t\t<\/div>\n\t\t<\/div>\n\t\t\t\t\t<\/div>\n\t\t<\/section>\n\t\t\t\t<section class=\"elementor-section elementor-top-section elementor-element elementor-element-38ec977 elementor-section-boxed elementor-section-height-default elementor-section-height-default\" data-id=\"38ec977\" data-element_type=\"section\" data-e-type=\"section\">\n\t\t\t\t\t\t<div class=\"elementor-container elementor-column-gap-default\">\n\t\t\t\t\t<div class=\"elementor-column elementor-col-100 elementor-top-column elementor-element elementor-element-0c760c1\" data-id=\"0c760c1\" data-element_type=\"column\" data-e-type=\"column\">\n\t\t\t<div class=\"elementor-widget-wrap elementor-element-populated\">\n\t\t\t\t\t\t<div class=\"elementor-element elementor-element-570cc90 elementor-widget elementor-widget-text-editor\" data-id=\"570cc90\" data-element_type=\"widget\" data-e-type=\"widget\" data-widget_type=\"text-editor.default\">\n\t\t\t\t<div class=\"elementor-widget-container\">\n\t\t\t\t\t\t\t\t\t<h4 class=\"has-text-align-center\"><a href=\"https:\/\/lostshoecollective.com\/is\/artist-run\/\" data-type=\"page\" data-id=\"4365\">Back To Artist Run<\/a><\/h4>\t\t\t\t\t\t\t\t<\/div>\n\t\t\t\t<\/div>\n\t\t\t\t\t<\/div>\n\t\t<\/div>\n\t\t\t\t\t<\/div>\n\t\t<\/section>\n\t\t\t\t<section class=\"elementor-section elementor-top-section elementor-element elementor-element-2435341 elementor-section-boxed elementor-section-height-default elementor-section-height-default\" data-id=\"2435341\" data-element_type=\"section\" data-e-type=\"section\">\n\t\t\t\t\t\t<div class=\"elementor-container elementor-column-gap-default\">\n\t\t\t\t\t<div class=\"elementor-column elementor-col-100 elementor-top-column elementor-element elementor-element-014180b\" data-id=\"014180b\" data-element_type=\"column\" data-e-type=\"column\">\n\t\t\t<div class=\"elementor-widget-wrap elementor-element-populated\">\n\t\t\t\t\t\t<div class=\"elementor-element elementor-element-f43f2c3 elementor-widget elementor-widget-text-editor\" data-id=\"f43f2c3\" data-element_type=\"widget\" data-e-type=\"widget\" data-widget_type=\"text-editor.default\">\n\t\t\t\t<div class=\"elementor-widget-container\">\n\t\t\t\t\t\t\t\t\t<p style=\"text-align: center;\"><a href=\"https:\/\/lostshoecollective.com\/is\/\"><strong>Lost Shoe Collective<\/strong><\/a> Framlei\u00f0slufyrirt\u00e6ki<\/p>\t\t\t\t\t\t\t\t<\/div>\n\t\t\t\t<\/div>\n\t\t\t\t\t<\/div>\n\t\t<\/div>\n\t\t\t\t\t<\/div>\n\t\t<\/section>\n\t\t\t\t<section class=\"elementor-section elementor-top-section elementor-element elementor-element-dc56c94 elementor-section-boxed elementor-section-height-default elementor-section-height-default\" data-id=\"dc56c94\" data-element_type=\"section\" data-e-type=\"section\">\n\t\t\t\t\t\t<div class=\"elementor-container elementor-column-gap-default\">\n\t\t\t\t\t<div class=\"elementor-column elementor-col-100 elementor-top-column elementor-element elementor-element-f0242d4\" data-id=\"f0242d4\" data-element_type=\"column\" data-e-type=\"column\">\n\t\t\t<div class=\"elementor-widget-wrap elementor-element-populated\">\n\t\t\t\t\t\t<div class=\"elementor-element elementor-element-864ce51 elementor-shape-rounded elementor-grid-0 e-grid-align-center elementor-widget elementor-widget-social-icons\" data-id=\"864ce51\" data-element_type=\"widget\" data-e-type=\"widget\" data-widget_type=\"social-icons.default\">\n\t\t\t\t<div class=\"elementor-widget-container\">\n\t\t\t\t\t\t\t<div class=\"elementor-social-icons-wrapper elementor-grid\" role=\"list\">\n\t\t\t\t\t\t\t<span class=\"elementor-grid-item\" role=\"listitem\">\n\t\t\t\t\t<a class=\"elementor-icon elementor-social-icon elementor-social-icon-vimeo elementor-repeater-item-554ca09\" href=\"https:\/\/vimeo.com\/lostshoecollective\" target=\"_blank\">\n\t\t\t\t\t\t<span class=\"elementor-screen-only\">Vimeo<\/span>\n\t\t\t\t\t\t<i aria-hidden=\"true\" class=\"fab fa-vimeo\"><\/i>\t\t\t\t\t<\/a>\n\t\t\t\t<\/span>\n\t\t\t\t\t\t\t<span class=\"elementor-grid-item\" role=\"listitem\">\n\t\t\t\t\t<a class=\"elementor-icon elementor-social-icon elementor-social-icon-instagram elementor-repeater-item-5e91977\" href=\"https:\/\/www.instagram.com\/lostshoecollective\/\" target=\"_blank\">\n\t\t\t\t\t\t<span class=\"elementor-screen-only\">Instagram<\/span>\n\t\t\t\t\t\t<i aria-hidden=\"true\" class=\"fab fa-instagram\"><\/i>\t\t\t\t\t<\/a>\n\t\t\t\t<\/span>\n\t\t\t\t\t\t\t<span class=\"elementor-grid-item\" role=\"listitem\">\n\t\t\t\t\t<a class=\"elementor-icon elementor-social-icon elementor-social-icon-facebook elementor-repeater-item-9fdaf3c\" href=\"https:\/\/www.facebook.com\/lostshoecollective\/\" target=\"_blank\">\n\t\t\t\t\t\t<span class=\"elementor-screen-only\">Facebook<\/span>\n\t\t\t\t\t\t<i aria-hidden=\"true\" class=\"fab fa-facebook\"><\/i>\t\t\t\t\t<\/a>\n\t\t\t\t<\/span>\n\t\t\t\t\t<\/div>\n\t\t\t\t\t\t<\/div>\n\t\t\t\t<\/div>\n\t\t\t\t\t<\/div>\n\t\t<\/div>\n\t\t\t\t\t<\/div>\n\t\t<\/section>\n\t\t\t\t<\/div>","protected":false},"excerpt":{"rendered":"<p>&#8220;Artist run spaces have more freedom&#8221; \u00a0 \u201cArtist run spaces always have more freedom, it gives the artist an opportunity to kind of work without the influence of what it\u2019s supposed to be which can happen in more commercial spaces and to do more interesting things.\u201d That was the opinion of artist Hekla D\u00f6gg J\u00f3nsd\u00f3ttir,<a class=\"more-link\" href=\"https:\/\/lostshoecollective.com\/is\/artist-run-spaces-have-more-freedom\/\">Continue reading <span class=\"screen-reader-text\">&#8220;<strong>&#8220;Artist run spaces have more freedom&#8221;<\/strong>&#8220;<\/span><\/a><\/p>","protected":false},"author":161824182,"featured_media":0,"parent":0,"menu_order":0,"comment_status":"closed","ping_status":"closed","template":"","meta":{"_crdt_document":"","advanced_seo_description":"","jetpack_seo_html_title":"","jetpack_seo_noindex":false,"jetpack_post_was_ever_published":false,"footnotes":""},"class_list":["post-5202","page","type-page","status-publish","hentry","entry"],"jetpack_likes_enabled":true,"jetpack_sharing_enabled":true,"jetpack_shortlink":"https:\/\/wp.me\/Pe1weW-1lU","jetpack-related-posts":[{"id":4365,"url":"https:\/\/lostshoecollective.com\/is\/artist-run\/","url_meta":{"origin":5202,"position":0},"title":"Artist Run","author":"Lost Shoe Collective Collective","date":"september 26, 2022","format":false,"excerpt":"ARTIST RUN Artist Run\u00a0is a short documentary featuring several artist run galleries in Berlin (Neuk\u00f6lln) and Reykjav\u00edk (city centre) and the actuality that surrounds their spaces. Through interviews we get to know the gallery managers and artists working in the cities or exhibiting in the art spaces during the filming\u2026","rel":"","context":"Similar post","block_context":{"text":"Similar post","link":""},"img":{"alt_text":"","src":"https:\/\/i0.wp.com\/lostshoecollective.com\/wp-content\/uploads\/2022\/09\/Freyja-1-1024x576.png?resize=350%2C200&ssl=1","width":350,"height":200,"srcset":"https:\/\/i0.wp.com\/lostshoecollective.com\/wp-content\/uploads\/2022\/09\/Freyja-1-1024x576.png?resize=350%2C200&ssl=1 1x, https:\/\/i0.wp.com\/lostshoecollective.com\/wp-content\/uploads\/2022\/09\/Freyja-1-1024x576.png?resize=525%2C300&ssl=1 1.5x, https:\/\/i0.wp.com\/lostshoecollective.com\/wp-content\/uploads\/2022\/09\/Freyja-1-1024x576.png?resize=700%2C400&ssl=1 2x"},"classes":[]},{"id":5069,"url":"https:\/\/lostshoecollective.com\/is\/reykjavik-needs-more-artist-run-spaces\/","url_meta":{"origin":5202,"position":1},"title":"&#8220;Reykjavik needs more artist run spaces&#8221;","author":"Lost Shoe Collective Collective","date":"september 26, 2022","format":false,"excerpt":"\"Reykjavik needs more artist run spaces\" \u00a0 \u00a0 \u00a0 \u00c1rni M\u00e1r Erlingsson Tourists are a blessing and a curse for the Icelandic art scene according to the director of Gallery Port, \u00c1rni M\u00e1r Erlingsson. The 30-year-old who started his art career writing on walls at the age of 12, spoke\u2026","rel":"","context":"Similar post","block_context":{"text":"Similar post","link":""},"img":{"alt_text":"","src":"https:\/\/i0.wp.com\/lostshoecollective.com\/wp-content\/uploads\/2022\/09\/Arni_port-1.png?resize=350%2C200&ssl=1","width":350,"height":200,"srcset":"https:\/\/i0.wp.com\/lostshoecollective.com\/wp-content\/uploads\/2022\/09\/Arni_port-1.png?resize=350%2C200&ssl=1 1x, https:\/\/i0.wp.com\/lostshoecollective.com\/wp-content\/uploads\/2022\/09\/Arni_port-1.png?resize=525%2C300&ssl=1 1.5x, https:\/\/i0.wp.com\/lostshoecollective.com\/wp-content\/uploads\/2022\/09\/Arni_port-1.png?resize=700%2C400&ssl=1 2x, https:\/\/i0.wp.com\/lostshoecollective.com\/wp-content\/uploads\/2022\/09\/Arni_port-1.png?resize=1050%2C600&ssl=1 3x, https:\/\/i0.wp.com\/lostshoecollective.com\/wp-content\/uploads\/2022\/09\/Arni_port-1.png?resize=1400%2C800&ssl=1 4x"},"classes":[]},{"id":4958,"url":"https:\/\/lostshoecollective.com\/is\/my-motivation-is-helping-fellow-artists\/","url_meta":{"origin":5202,"position":2},"title":"&#8220;My motivation is helping fellow artists&#8221;","author":"Lost Shoe Collective Collective","date":"september 26, 2022","format":false,"excerpt":"\"My motivation is helping fellow artists\" \u00a0 \u00a0 \u00a0 Michael Pohl \"Making the projects of fellow artists happen that's my core motivation.\" The artist behind Berlin gallery space The Landing Strip, Michael Pohl, believes helping artists - especially young artists - with an opportunity to exhibit their work is just\u2026","rel":"","context":"Similar post","block_context":{"text":"Similar post","link":""},"img":{"alt_text":"","src":"https:\/\/i0.wp.com\/lostshoecollective.com\/wp-content\/uploads\/2022\/09\/Michael-Landingstrip-1-1.png?resize=350%2C200&ssl=1","width":350,"height":200,"srcset":"https:\/\/i0.wp.com\/lostshoecollective.com\/wp-content\/uploads\/2022\/09\/Michael-Landingstrip-1-1.png?resize=350%2C200&ssl=1 1x, https:\/\/i0.wp.com\/lostshoecollective.com\/wp-content\/uploads\/2022\/09\/Michael-Landingstrip-1-1.png?resize=525%2C300&ssl=1 1.5x, https:\/\/i0.wp.com\/lostshoecollective.com\/wp-content\/uploads\/2022\/09\/Michael-Landingstrip-1-1.png?resize=700%2C400&ssl=1 2x, https:\/\/i0.wp.com\/lostshoecollective.com\/wp-content\/uploads\/2022\/09\/Michael-Landingstrip-1-1.png?resize=1050%2C600&ssl=1 3x, https:\/\/i0.wp.com\/lostshoecollective.com\/wp-content\/uploads\/2022\/09\/Michael-Landingstrip-1-1.png?resize=1400%2C800&ssl=1 4x"},"classes":[]},{"id":4789,"url":"https:\/\/lostshoecollective.com\/is\/you-can-open-an-art-space-on-a-pin\/","url_meta":{"origin":5202,"position":3},"title":"&#8220;You can open an art space on a pin&#8221;","author":"Lost Shoe Collective Collective","date":"september 26, 2022","format":false,"excerpt":"\"You can open an art space on a pin\" \u00a0 \u00a0 \u00a0 Freyja Eilif \u201cI\u2019ve always been fascinated by artists claiming space and creating venues. I saw nothing was too small or inconvenient for a creative art space or art venue, like a Mary Poppins\u2019 bag it seems the possibilities\u2026","rel":"","context":"Similar post","block_context":{"text":"Similar post","link":""},"img":{"alt_text":"","src":"https:\/\/i0.wp.com\/lostshoecollective.com\/wp-content\/uploads\/2022\/09\/Freyja-1.png?resize=350%2C200&ssl=1","width":350,"height":200,"srcset":"https:\/\/i0.wp.com\/lostshoecollective.com\/wp-content\/uploads\/2022\/09\/Freyja-1.png?resize=350%2C200&ssl=1 1x, https:\/\/i0.wp.com\/lostshoecollective.com\/wp-content\/uploads\/2022\/09\/Freyja-1.png?resize=525%2C300&ssl=1 1.5x, https:\/\/i0.wp.com\/lostshoecollective.com\/wp-content\/uploads\/2022\/09\/Freyja-1.png?resize=700%2C400&ssl=1 2x, https:\/\/i0.wp.com\/lostshoecollective.com\/wp-content\/uploads\/2022\/09\/Freyja-1.png?resize=1050%2C600&ssl=1 3x, https:\/\/i0.wp.com\/lostshoecollective.com\/wp-content\/uploads\/2022\/09\/Freyja-1.png?resize=1400%2C800&ssl=1 4x"},"classes":[]},{"id":4992,"url":"https:\/\/lostshoecollective.com\/is\/the-idea-is-everything\/","url_meta":{"origin":5202,"position":4},"title":"&#8220;The idea is everything&#8221;","author":"Lost Shoe Collective Collective","date":"september 26, 2022","format":false,"excerpt":"\"The idea is everything\" \u00a0 \u00a0 \u00a0 Dino Steinhof How important is the idea behind the art? To Berlin sculptor Dino Steinhof the idea is everything. \u201cThe idea behind the work is the most important thing, in the process I find the best material, the best shape and the best\u2026","rel":"","context":"Similar post","block_context":{"text":"Similar post","link":""},"img":{"alt_text":"","src":"https:\/\/i0.wp.com\/lostshoecollective.com\/wp-content\/uploads\/2022\/09\/Dino-1.png?resize=350%2C200&ssl=1","width":350,"height":200,"srcset":"https:\/\/i0.wp.com\/lostshoecollective.com\/wp-content\/uploads\/2022\/09\/Dino-1.png?resize=350%2C200&ssl=1 1x, https:\/\/i0.wp.com\/lostshoecollective.com\/wp-content\/uploads\/2022\/09\/Dino-1.png?resize=525%2C300&ssl=1 1.5x, https:\/\/i0.wp.com\/lostshoecollective.com\/wp-content\/uploads\/2022\/09\/Dino-1.png?resize=700%2C400&ssl=1 2x, https:\/\/i0.wp.com\/lostshoecollective.com\/wp-content\/uploads\/2022\/09\/Dino-1.png?resize=1050%2C600&ssl=1 3x, https:\/\/i0.wp.com\/lostshoecollective.com\/wp-content\/uploads\/2022\/09\/Dino-1.png?resize=1400%2C800&ssl=1 4x"},"classes":[]},{"id":5134,"url":"https:\/\/lostshoecollective.com\/is\/economic-crashes-bring-opportunities\/","url_meta":{"origin":5202,"position":5},"title":"&#8220;Economic crashes bring opportunities&#8221;","author":"Lost Shoe Collective Collective","date":"september 26, 2022","format":false,"excerpt":"\"Economic crashes bring opportunities\" \u00a0 \u00a0 \u00a0 Ragnar M\u00e1r Nikul\u00e1sson Gentrification is not black and white - it brings the money as well as increases the rents, according to Reykjavik artist and gallery owner Ragnar M\u00e1r Nikul\u00e1sson of Bismut. Ragnar, 32, had been running his space Bismut, a cafe with\u2026","rel":"","context":"Similar post","block_context":{"text":"Similar post","link":""},"img":{"alt_text":"","src":"https:\/\/i0.wp.com\/lostshoecollective.com\/wp-content\/uploads\/2022\/09\/Ragnar_Bismut-1.png?resize=350%2C200&ssl=1","width":350,"height":200,"srcset":"https:\/\/i0.wp.com\/lostshoecollective.com\/wp-content\/uploads\/2022\/09\/Ragnar_Bismut-1.png?resize=350%2C200&ssl=1 1x, https:\/\/i0.wp.com\/lostshoecollective.com\/wp-content\/uploads\/2022\/09\/Ragnar_Bismut-1.png?resize=525%2C300&ssl=1 1.5x, https:\/\/i0.wp.com\/lostshoecollective.com\/wp-content\/uploads\/2022\/09\/Ragnar_Bismut-1.png?resize=700%2C400&ssl=1 2x, https:\/\/i0.wp.com\/lostshoecollective.com\/wp-content\/uploads\/2022\/09\/Ragnar_Bismut-1.png?resize=1050%2C600&ssl=1 3x, https:\/\/i0.wp.com\/lostshoecollective.com\/wp-content\/uploads\/2022\/09\/Ragnar_Bismut-1.png?resize=1400%2C800&ssl=1 4x"},"classes":[]}],"_links":{"self":[{"href":"https:\/\/lostshoecollective.com\/is\/wp-json\/wp\/v2\/pages\/5202","targetHints":{"allow":["GET"]}}],"collection":[{"href":"https:\/\/lostshoecollective.com\/is\/wp-json\/wp\/v2\/pages"}],"about":[{"href":"https:\/\/lostshoecollective.com\/is\/wp-json\/wp\/v2\/types\/page"}],"author":[{"embeddable":true,"href":"https:\/\/lostshoecollective.com\/is\/wp-json\/wp\/v2\/users\/161824182"}],"replies":[{"embeddable":true,"href":"https:\/\/lostshoecollective.com\/is\/wp-json\/wp\/v2\/comments?post=5202"}],"version-history":[{"count":18,"href":"https:\/\/lostshoecollective.com\/is\/wp-json\/wp\/v2\/pages\/5202\/revisions"}],"predecessor-version":[{"id":13305,"href":"https:\/\/lostshoecollective.com\/is\/wp-json\/wp\/v2\/pages\/5202\/revisions\/13305"}],"wp:attachment":[{"href":"https:\/\/lostshoecollective.com\/is\/wp-json\/wp\/v2\/media?parent=5202"}],"curies":[{"name":"wp","href":"https:\/\/api.w.org\/{rel}","templated":true}]}}