{"id":5099,"date":"2022-09-26T12:58:44","date_gmt":"2022-09-26T12:58:44","guid":{"rendered":"https:\/\/lostshoecollective.com\/?page_id=5099"},"modified":"2023-03-01T17:38:15","modified_gmt":"2023-03-01T17:38:15","slug":"we-need-more-nonsense","status":"publish","type":"page","link":"https:\/\/lostshoecollective.com\/is\/we-need-more-nonsense\/","title":{"rendered":"<strong>&#8220;We need more nonsense&#8221;<\/strong>"},"content":{"rendered":"<div data-elementor-type=\"wp-page\" data-elementor-id=\"5099\" class=\"elementor elementor-5099\" data-elementor-post-type=\"page\">\n\t\t\t\t\t\t<section class=\"elementor-section elementor-top-section elementor-element elementor-element-44b6b233 elementor-section-boxed elementor-section-height-default elementor-section-height-default\" data-id=\"44b6b233\" data-element_type=\"section\" data-e-type=\"section\">\n\t\t\t\t\t\t<div class=\"elementor-container elementor-column-gap-default\">\n\t\t\t\t\t<div class=\"elementor-column elementor-col-100 elementor-top-column elementor-element elementor-element-2447fca7\" data-id=\"2447fca7\" data-element_type=\"column\" data-e-type=\"column\">\n\t\t\t<div class=\"elementor-widget-wrap elementor-element-populated\">\n\t\t\t\t\t\t<div class=\"elementor-element elementor-element-5237df15 elementor-widget elementor-widget-text-editor\" data-id=\"5237df15\" data-element_type=\"widget\" data-e-type=\"widget\" data-widget_type=\"text-editor.default\">\n\t\t\t\t<div class=\"elementor-widget-container\">\n\t\t\t\t\t\t\t\t\t<p><\/p>\n<h2 class=\"has-text-align-center wp-block-heading\"><strong>&#8220;We need more nonsense&#8221;<\/strong><\/h2>\n<div><strong>\u00a0<\/strong><\/div>\n<p><\/p>\n<p><\/p>\n<figure class=\"wp-block-image size-large\"><img fetchpriority=\"high\" decoding=\"async\" data-attachment-id=\"4461\" data-permalink=\"https:\/\/lostshoecollective.com\/is\/artist-run\/steinunn_bismut-1\/\" data-orig-file=\"https:\/\/i0.wp.com\/lostshoecollective.com\/wp-content\/uploads\/2022\/09\/Steinunn_bismut-1.png?fit=1920%2C1080&amp;ssl=1\" data-orig-size=\"1920,1080\" data-comments-opened=\"1\" data-image-meta=\"{&quot;aperture&quot;:&quot;0&quot;,&quot;credit&quot;:&quot;&quot;,&quot;camera&quot;:&quot;&quot;,&quot;caption&quot;:&quot;&quot;,&quot;created_timestamp&quot;:&quot;0&quot;,&quot;copyright&quot;:&quot;&quot;,&quot;focal_length&quot;:&quot;0&quot;,&quot;iso&quot;:&quot;0&quot;,&quot;shutter_speed&quot;:&quot;0&quot;,&quot;title&quot;:&quot;&quot;,&quot;orientation&quot;:&quot;0&quot;}\" data-image-title=\"Steinunn_bismut-1\" data-image-description=\"\" data-image-caption=\"\" data-medium-file=\"https:\/\/i0.wp.com\/lostshoecollective.com\/wp-content\/uploads\/2022\/09\/Steinunn_bismut-1.png?fit=300%2C169&amp;ssl=1\" data-large-file=\"https:\/\/i0.wp.com\/lostshoecollective.com\/wp-content\/uploads\/2022\/09\/Steinunn_bismut-1.png?fit=750%2C422&amp;ssl=1\" data-recalc-dims=\"1\" height=\"422\" width=\"750\" class=\"wp-image-4461\" src=\"https:\/\/i0.wp.com\/lostshoecollective.com\/wp-content\/uploads\/2022\/09\/Steinunn_bismut-1.png?resize=750%2C422&#038;ssl=1\" alt=\"\" srcset=\"https:\/\/i0.wp.com\/lostshoecollective.com\/wp-content\/uploads\/2022\/09\/Steinunn_bismut-1.png?w=1920&amp;ssl=1 1920w, https:\/\/i0.wp.com\/lostshoecollective.com\/wp-content\/uploads\/2022\/09\/Steinunn_bismut-1.png?resize=300%2C169&amp;ssl=1 300w, https:\/\/i0.wp.com\/lostshoecollective.com\/wp-content\/uploads\/2022\/09\/Steinunn_bismut-1.png?resize=1024%2C576&amp;ssl=1 1024w, https:\/\/i0.wp.com\/lostshoecollective.com\/wp-content\/uploads\/2022\/09\/Steinunn_bismut-1.png?resize=768%2C432&amp;ssl=1 768w, https:\/\/i0.wp.com\/lostshoecollective.com\/wp-content\/uploads\/2022\/09\/Steinunn_bismut-1.png?resize=1536%2C864&amp;ssl=1 1536w, https:\/\/i0.wp.com\/lostshoecollective.com\/wp-content\/uploads\/2022\/09\/Steinunn_bismut-1.png?resize=1200%2C675&amp;ssl=1 1200w\" sizes=\"(max-width: 750px) 100vw, 750px\" \/>\n<p>\u00a0<\/p>\n<figcaption class=\"wp-element-caption\"><strong>\u00a0<\/strong><\/figcaption>\n<figcaption class=\"wp-element-caption\"><strong>Steinunn Eldflaug Har\u00f0ard\u00f3ttir<\/strong><\/figcaption>\n<\/figure>\n<p><\/p>\n<p><\/p>\n<p id=\"viewer-70o9f\" class=\"has-text-align-center wp-block-paragraph\">The world needs more nonsense according to Reykjavik based artist and musician Steinunn Eldflaug Har\u00f0ard\u00f3ttir.<\/p>\n<p><\/p>\n<p><\/p>\n<p id=\"viewer-2bg1j\" class=\"has-text-align-center wp-block-paragraph\">The 30-year-old had a show in gallery cafe Bismut when we interviewed her in June last year.<\/p>\n<p><\/p>\n<p><\/p>\n<p id=\"viewer-as9q\" class=\"has-text-align-center wp-block-paragraph\">\u201cI\u2019ve been making music, I\u2019ve been in a rock band, a punk band and electronic band and I\u2019ve been doing my art on the side. Now I\u2019ve just had an exhibition in Bismut I\u2019m coming into the art scene again, I\u2019ve not been there in a few years.\u201d<\/p>\n<p><\/p>\n<p><\/p>\n<p id=\"viewer-cnfie\" class=\"has-text-align-center wp-block-paragraph\">\u201cI think it\u2019s really important for artists and musicians to make their own scene and make things happen.\u201d<\/p>\n<p><\/p>\n<p><\/p>\n<p id=\"viewer-bc4e3\" class=\"has-text-align-center wp-block-paragraph\">Steinunn has been incorporating art such as images and sculptures into her concerts and in the past has helped co-found an artist run space in Reykjavik.<\/p>\n<p><\/p>\n<p><\/p>\n<p id=\"viewer-32b7\" class=\"has-text-align-center wp-block-paragraph\">\u201cIf you wait until something happens then nothing is going to happen, you have to make your own opportunities.\u201d<\/p>\n<p><\/p>\n<p><\/p>\n<p id=\"viewer-ctr4t\" class=\"has-text-align-center wp-block-paragraph\">\u201cI don\u2019t feel part of the art scene, I feel I can do what I like, I\u2019m not really thinking about what it means deeply.\u201d<\/p>\n<p><\/p>\n<p><\/p>\n<p id=\"viewer-d9q0r\" class=\"has-text-align-center wp-block-paragraph\">She told us that for her art does not have to be too serious.<\/p>\n<p><\/p>\n<p><\/p>\n<p id=\"viewer-chino\" class=\"has-text-align-center wp-block-paragraph\">\u201cMy art is not important, it\u2019s just something to do, something I like, something beautiful, something to make you think, not political but more to get out of the mess.\u201d<\/p>\n<p><\/p>\n<p><\/p>\n<p id=\"viewer-6i4pa\" class=\"has-text-align-center wp-block-paragraph\">\u201cArt does something new that has not been in the world, it makes the world a bigger place.\u201d<\/p>\n<p><\/p>\n<p><\/p>\n<p id=\"viewer-am9qi\" class=\"has-text-align-center wp-block-paragraph\">\u201cWe need more nonsense, more things that don\u2019t matter, not always to do things we can see the point of.\u201d<\/p>\n<p><\/p>\n<p><\/p>\n<p id=\"viewer-aiv7h\" class=\"has-text-align-center wp-block-paragraph\">She continued that in her view art is valued in Iceland but thinks some people are intimidated by exhibitions.<\/p>\n<p><\/p>\n<p><\/p>\n<p id=\"viewer-6lcd\" class=\"has-text-align-center wp-block-paragraph\">\u201cI think people are interested and a little bit afraid of the art work or they don\u2019t understand and feel they should go to school to understand, I don\u2019t know how to fix that.\u201d<\/p>\n<p><\/p>\n<p><\/p>\n<p class=\"has-text-align-center wp-block-paragraph\"><em>Words by Beth Cherryman<\/em><\/p>\n<div class=\"wp-block-group\">\n<p><\/p>\n<\/div>\n<p><!-- \/wp:group --><\/p>\t\t\t\t\t\t\t\t<\/div>\n\t\t\t\t<\/div>\n\t\t\t\t\t<\/div>\n\t\t<\/div>\n\t\t\t\t\t<\/div>\n\t\t<\/section>\n\t\t\t\t<section class=\"elementor-section elementor-top-section elementor-element elementor-element-7af4c83 elementor-section-boxed elementor-section-height-default elementor-section-height-default\" data-id=\"7af4c83\" data-element_type=\"section\" data-e-type=\"section\">\n\t\t\t\t\t\t<div class=\"elementor-container elementor-column-gap-default\">\n\t\t\t\t\t<div class=\"elementor-column elementor-col-100 elementor-top-column elementor-element elementor-element-3c42977\" data-id=\"3c42977\" data-element_type=\"column\" data-e-type=\"column\">\n\t\t\t<div class=\"elementor-widget-wrap elementor-element-populated\">\n\t\t\t\t\t\t<div class=\"elementor-element elementor-element-e04dfd1 elementor-widget elementor-widget-text-editor\" data-id=\"e04dfd1\" data-element_type=\"widget\" data-e-type=\"widget\" data-widget_type=\"text-editor.default\">\n\t\t\t\t<div class=\"elementor-widget-container\">\n\t\t\t\t\t\t\t\t\t<h4 class=\"has-text-align-center\"><a href=\"https:\/\/lostshoecollective.com\/is\/artist-run\/\" data-type=\"page\" data-id=\"4365\">Back To Artist Run<\/a><\/h4>\t\t\t\t\t\t\t\t<\/div>\n\t\t\t\t<\/div>\n\t\t\t\t\t<\/div>\n\t\t<\/div>\n\t\t\t\t\t<\/div>\n\t\t<\/section>\n\t\t\t\t<section class=\"elementor-section elementor-top-section elementor-element elementor-element-dfd02e1 elementor-section-boxed elementor-section-height-default elementor-section-height-default\" data-id=\"dfd02e1\" data-element_type=\"section\" data-e-type=\"section\">\n\t\t\t\t\t\t<div class=\"elementor-container elementor-column-gap-default\">\n\t\t\t\t\t<div class=\"elementor-column elementor-col-100 elementor-top-column elementor-element elementor-element-2218cf9\" data-id=\"2218cf9\" data-element_type=\"column\" data-e-type=\"column\">\n\t\t\t<div class=\"elementor-widget-wrap elementor-element-populated\">\n\t\t\t\t\t\t<div class=\"elementor-element elementor-element-4a87a8d elementor-widget elementor-widget-text-editor\" data-id=\"4a87a8d\" data-element_type=\"widget\" data-e-type=\"widget\" data-widget_type=\"text-editor.default\">\n\t\t\t\t<div class=\"elementor-widget-container\">\n\t\t\t\t\t\t\t\t\t<p style=\"text-align: center;\"><a href=\"https:\/\/lostshoecollective.com\/is\/\"><strong>Lost Shoe Collective<\/strong><\/a> Framlei\u00f0slufyrirt\u00e6ki<\/p>\t\t\t\t\t\t\t\t<\/div>\n\t\t\t\t<\/div>\n\t\t\t\t\t<\/div>\n\t\t<\/div>\n\t\t\t\t\t<\/div>\n\t\t<\/section>\n\t\t\t\t<section class=\"elementor-section elementor-top-section elementor-element elementor-element-832b993 elementor-section-boxed elementor-section-height-default elementor-section-height-default\" data-id=\"832b993\" data-element_type=\"section\" data-e-type=\"section\">\n\t\t\t\t\t\t<div class=\"elementor-container elementor-column-gap-default\">\n\t\t\t\t\t<div class=\"elementor-column elementor-col-100 elementor-top-column elementor-element elementor-element-a454395\" data-id=\"a454395\" data-element_type=\"column\" data-e-type=\"column\">\n\t\t\t<div class=\"elementor-widget-wrap elementor-element-populated\">\n\t\t\t\t\t\t<div class=\"elementor-element elementor-element-0dd2b12 elementor-shape-rounded elementor-grid-0 e-grid-align-center elementor-widget elementor-widget-social-icons\" data-id=\"0dd2b12\" data-element_type=\"widget\" data-e-type=\"widget\" data-widget_type=\"social-icons.default\">\n\t\t\t\t<div class=\"elementor-widget-container\">\n\t\t\t\t\t\t\t<div class=\"elementor-social-icons-wrapper elementor-grid\" role=\"list\">\n\t\t\t\t\t\t\t<span class=\"elementor-grid-item\" role=\"listitem\">\n\t\t\t\t\t<a class=\"elementor-icon elementor-social-icon elementor-social-icon-vimeo elementor-repeater-item-3bf4fac\" href=\"https:\/\/vimeo.com\/lostshoecollective\" target=\"_blank\">\n\t\t\t\t\t\t<span class=\"elementor-screen-only\">Vimeo<\/span>\n\t\t\t\t\t\t<i aria-hidden=\"true\" class=\"fab fa-vimeo\"><\/i>\t\t\t\t\t<\/a>\n\t\t\t\t<\/span>\n\t\t\t\t\t\t\t<span class=\"elementor-grid-item\" role=\"listitem\">\n\t\t\t\t\t<a class=\"elementor-icon elementor-social-icon elementor-social-icon-instagram elementor-repeater-item-2f0025c\" href=\"https:\/\/www.instagram.com\/lostshoecollective\/\" target=\"_blank\">\n\t\t\t\t\t\t<span class=\"elementor-screen-only\">Instagram<\/span>\n\t\t\t\t\t\t<i aria-hidden=\"true\" class=\"fab fa-instagram\"><\/i>\t\t\t\t\t<\/a>\n\t\t\t\t<\/span>\n\t\t\t\t\t\t\t<span class=\"elementor-grid-item\" role=\"listitem\">\n\t\t\t\t\t<a class=\"elementor-icon elementor-social-icon elementor-social-icon-facebook elementor-repeater-item-5333ecc\" href=\"https:\/\/www.facebook.com\/lostshoecollective\/\" target=\"_blank\">\n\t\t\t\t\t\t<span class=\"elementor-screen-only\">Facebook<\/span>\n\t\t\t\t\t\t<i aria-hidden=\"true\" class=\"fab fa-facebook\"><\/i>\t\t\t\t\t<\/a>\n\t\t\t\t<\/span>\n\t\t\t\t\t<\/div>\n\t\t\t\t\t\t<\/div>\n\t\t\t\t<\/div>\n\t\t\t\t\t<\/div>\n\t\t<\/div>\n\t\t\t\t\t<\/div>\n\t\t<\/section>\n\t\t\t\t<\/div>","protected":false},"excerpt":{"rendered":"<p>&#8220;We need more nonsense&#8221; \u00a0 The world needs more nonsense according to Reykjavik based artist and musician Steinunn Eldflaug Har\u00f0ard\u00f3ttir. The 30-year-old had a show in gallery cafe Bismut when we interviewed her in June last year. \u201cI\u2019ve been making music, I\u2019ve been in a rock band, a punk band and electronic band and I\u2019ve<a class=\"more-link\" href=\"https:\/\/lostshoecollective.com\/is\/we-need-more-nonsense\/\">Continue reading <span class=\"screen-reader-text\">&#8220;<strong>&#8220;We need more nonsense&#8221;<\/strong>&#8220;<\/span><\/a><\/p>","protected":false},"author":161824182,"featured_media":0,"parent":0,"menu_order":0,"comment_status":"closed","ping_status":"closed","template":"","meta":{"_crdt_document":"","advanced_seo_description":"","jetpack_seo_html_title":"","jetpack_seo_noindex":false,"jetpack_post_was_ever_published":false,"footnotes":""},"class_list":["post-5099","page","type-page","status-publish","hentry","entry"],"jetpack_likes_enabled":true,"jetpack_sharing_enabled":true,"jetpack_shortlink":"https:\/\/wp.me\/Pe1weW-1kf","jetpack-related-posts":[{"id":4365,"url":"https:\/\/lostshoecollective.com\/is\/artist-run\/","url_meta":{"origin":5099,"position":0},"title":"Artist Run","author":"Lost Shoe Collective Collective","date":"september 26, 2022","format":false,"excerpt":"ARTIST RUN Artist Run\u00a0is a short documentary featuring several artist run galleries in Berlin (Neuk\u00f6lln) and Reykjav\u00edk (city centre) and the actuality that surrounds their spaces. Through interviews we get to know the gallery managers and artists working in the cities or exhibiting in the art spaces during the filming\u2026","rel":"","context":"Similar post","block_context":{"text":"Similar post","link":""},"img":{"alt_text":"","src":"https:\/\/i0.wp.com\/lostshoecollective.com\/wp-content\/uploads\/2022\/09\/Freyja-1-1024x576.png?resize=350%2C200&ssl=1","width":350,"height":200,"srcset":"https:\/\/i0.wp.com\/lostshoecollective.com\/wp-content\/uploads\/2022\/09\/Freyja-1-1024x576.png?resize=350%2C200&ssl=1 1x, https:\/\/i0.wp.com\/lostshoecollective.com\/wp-content\/uploads\/2022\/09\/Freyja-1-1024x576.png?resize=525%2C300&ssl=1 1.5x, https:\/\/i0.wp.com\/lostshoecollective.com\/wp-content\/uploads\/2022\/09\/Freyja-1-1024x576.png?resize=700%2C400&ssl=1 2x"},"classes":[]},{"id":4887,"url":"https:\/\/lostshoecollective.com\/is\/take-your-place-steal-it\/","url_meta":{"origin":5099,"position":1},"title":"&#8220;Take your place, steal it&#8221;","author":"Lost Shoe Collective Collective","date":"september 26, 2022","format":false,"excerpt":"\"Take your place, steal it\" \u00a0 \u00a0 \u00a0 Steinunn Gunnlaugsd\u00f3ttir \u201cArtists very often invent their own opportunities, some coming from institutions but mainly artists are not just creating artwork but a place and events and an atmosphere and make themselves a space.\u201d That was the view of Steinunn Gunnlaugsd\u00f3ttir a\u2026","rel":"","context":"Similar post","block_context":{"text":"Similar post","link":""},"img":{"alt_text":"","src":"https:\/\/i0.wp.com\/lostshoecollective.com\/wp-content\/uploads\/2022\/09\/Steinunn_Berlin-1.png?resize=350%2C200&ssl=1","width":350,"height":200,"srcset":"https:\/\/i0.wp.com\/lostshoecollective.com\/wp-content\/uploads\/2022\/09\/Steinunn_Berlin-1.png?resize=350%2C200&ssl=1 1x, https:\/\/i0.wp.com\/lostshoecollective.com\/wp-content\/uploads\/2022\/09\/Steinunn_Berlin-1.png?resize=525%2C300&ssl=1 1.5x, https:\/\/i0.wp.com\/lostshoecollective.com\/wp-content\/uploads\/2022\/09\/Steinunn_Berlin-1.png?resize=700%2C400&ssl=1 2x, https:\/\/i0.wp.com\/lostshoecollective.com\/wp-content\/uploads\/2022\/09\/Steinunn_Berlin-1.png?resize=1050%2C600&ssl=1 3x, https:\/\/i0.wp.com\/lostshoecollective.com\/wp-content\/uploads\/2022\/09\/Steinunn_Berlin-1.png?resize=1400%2C800&ssl=1 4x"},"classes":[]},{"id":4789,"url":"https:\/\/lostshoecollective.com\/is\/you-can-open-an-art-space-on-a-pin\/","url_meta":{"origin":5099,"position":2},"title":"&#8220;You can open an art space on a pin&#8221;","author":"Lost Shoe Collective Collective","date":"september 26, 2022","format":false,"excerpt":"\"You can open an art space on a pin\" \u00a0 \u00a0 \u00a0 Freyja Eilif \u201cI\u2019ve always been fascinated by artists claiming space and creating venues. I saw nothing was too small or inconvenient for a creative art space or art venue, like a Mary Poppins\u2019 bag it seems the possibilities\u2026","rel":"","context":"Similar post","block_context":{"text":"Similar post","link":""},"img":{"alt_text":"","src":"https:\/\/i0.wp.com\/lostshoecollective.com\/wp-content\/uploads\/2022\/09\/Freyja-1.png?resize=350%2C200&ssl=1","width":350,"height":200,"srcset":"https:\/\/i0.wp.com\/lostshoecollective.com\/wp-content\/uploads\/2022\/09\/Freyja-1.png?resize=350%2C200&ssl=1 1x, https:\/\/i0.wp.com\/lostshoecollective.com\/wp-content\/uploads\/2022\/09\/Freyja-1.png?resize=525%2C300&ssl=1 1.5x, https:\/\/i0.wp.com\/lostshoecollective.com\/wp-content\/uploads\/2022\/09\/Freyja-1.png?resize=700%2C400&ssl=1 2x, https:\/\/i0.wp.com\/lostshoecollective.com\/wp-content\/uploads\/2022\/09\/Freyja-1.png?resize=1050%2C600&ssl=1 3x, https:\/\/i0.wp.com\/lostshoecollective.com\/wp-content\/uploads\/2022\/09\/Freyja-1.png?resize=1400%2C800&ssl=1 4x"},"classes":[]},{"id":5069,"url":"https:\/\/lostshoecollective.com\/is\/reykjavik-needs-more-artist-run-spaces\/","url_meta":{"origin":5099,"position":3},"title":"&#8220;Reykjavik needs more artist run spaces&#8221;","author":"Lost Shoe Collective Collective","date":"september 26, 2022","format":false,"excerpt":"\"Reykjavik needs more artist run spaces\" \u00a0 \u00a0 \u00a0 \u00c1rni M\u00e1r Erlingsson Tourists are a blessing and a curse for the Icelandic art scene according to the director of Gallery Port, \u00c1rni M\u00e1r Erlingsson. The 30-year-old who started his art career writing on walls at the age of 12, spoke\u2026","rel":"","context":"Similar post","block_context":{"text":"Similar post","link":""},"img":{"alt_text":"","src":"https:\/\/i0.wp.com\/lostshoecollective.com\/wp-content\/uploads\/2022\/09\/Arni_port-1.png?resize=350%2C200&ssl=1","width":350,"height":200,"srcset":"https:\/\/i0.wp.com\/lostshoecollective.com\/wp-content\/uploads\/2022\/09\/Arni_port-1.png?resize=350%2C200&ssl=1 1x, https:\/\/i0.wp.com\/lostshoecollective.com\/wp-content\/uploads\/2022\/09\/Arni_port-1.png?resize=525%2C300&ssl=1 1.5x, https:\/\/i0.wp.com\/lostshoecollective.com\/wp-content\/uploads\/2022\/09\/Arni_port-1.png?resize=700%2C400&ssl=1 2x, https:\/\/i0.wp.com\/lostshoecollective.com\/wp-content\/uploads\/2022\/09\/Arni_port-1.png?resize=1050%2C600&ssl=1 3x, https:\/\/i0.wp.com\/lostshoecollective.com\/wp-content\/uploads\/2022\/09\/Arni_port-1.png?resize=1400%2C800&ssl=1 4x"},"classes":[]}],"_links":{"self":[{"href":"https:\/\/lostshoecollective.com\/is\/wp-json\/wp\/v2\/pages\/5099","targetHints":{"allow":["GET"]}}],"collection":[{"href":"https:\/\/lostshoecollective.com\/is\/wp-json\/wp\/v2\/pages"}],"about":[{"href":"https:\/\/lostshoecollective.com\/is\/wp-json\/wp\/v2\/types\/page"}],"author":[{"embeddable":true,"href":"https:\/\/lostshoecollective.com\/is\/wp-json\/wp\/v2\/users\/161824182"}],"replies":[{"embeddable":true,"href":"https:\/\/lostshoecollective.com\/is\/wp-json\/wp\/v2\/comments?post=5099"}],"version-history":[{"count":17,"href":"https:\/\/lostshoecollective.com\/is\/wp-json\/wp\/v2\/pages\/5099\/revisions"}],"predecessor-version":[{"id":13239,"href":"https:\/\/lostshoecollective.com\/is\/wp-json\/wp\/v2\/pages\/5099\/revisions\/13239"}],"wp:attachment":[{"href":"https:\/\/lostshoecollective.com\/is\/wp-json\/wp\/v2\/media?parent=5099"}],"curies":[{"name":"wp","href":"https:\/\/api.w.org\/{rel}","templated":true}]}}