{"id":5069,"date":"2022-09-26T12:58:52","date_gmt":"2022-09-26T12:58:52","guid":{"rendered":"https:\/\/lostshoecollective.com\/?page_id=5069"},"modified":"2023-03-01T17:29:01","modified_gmt":"2023-03-01T17:29:01","slug":"reykjavik-needs-more-artist-run-spaces","status":"publish","type":"page","link":"https:\/\/lostshoecollective.com\/is\/reykjavik-needs-more-artist-run-spaces\/","title":{"rendered":"<strong>&#8220;Reykjavik needs more artist run spaces&#8221;<\/strong>"},"content":{"rendered":"<div data-elementor-type=\"wp-page\" data-elementor-id=\"5069\" class=\"elementor elementor-5069\" data-elementor-post-type=\"page\">\n\t\t\t\t\t\t<section class=\"elementor-section elementor-top-section elementor-element elementor-element-67ecd583 elementor-section-boxed elementor-section-height-default elementor-section-height-default\" data-id=\"67ecd583\" data-element_type=\"section\" data-e-type=\"section\">\n\t\t\t\t\t\t<div class=\"elementor-container elementor-column-gap-default\">\n\t\t\t\t\t<div class=\"elementor-column elementor-col-100 elementor-top-column elementor-element elementor-element-516f0537\" data-id=\"516f0537\" data-element_type=\"column\" data-e-type=\"column\">\n\t\t\t<div class=\"elementor-widget-wrap elementor-element-populated\">\n\t\t\t\t\t\t<div class=\"elementor-element elementor-element-5b79e3a9 elementor-widget elementor-widget-text-editor\" data-id=\"5b79e3a9\" data-element_type=\"widget\" data-e-type=\"widget\" data-widget_type=\"text-editor.default\">\n\t\t\t\t<div class=\"elementor-widget-container\">\n\t\t\t\t\t\t\t\t\t<p><\/p>\n<h2 class=\"has-text-align-center wp-block-heading\"><strong>&#8220;Reykjavik needs more artist run spaces&#8221;<\/strong><\/h2>\n<div><strong>\u00a0<\/strong><\/div>\n<p><\/p>\n<p><\/p>\n<figure class=\"wp-block-image size-large\"><img fetchpriority=\"high\" decoding=\"async\" data-attachment-id=\"4457\" data-permalink=\"https:\/\/lostshoecollective.com\/is\/artist-run\/arni_port-1\/\" data-orig-file=\"https:\/\/i0.wp.com\/lostshoecollective.com\/wp-content\/uploads\/2022\/09\/Arni_port-1.png?fit=1920%2C1080&amp;ssl=1\" data-orig-size=\"1920,1080\" data-comments-opened=\"1\" data-image-meta=\"{&quot;aperture&quot;:&quot;0&quot;,&quot;credit&quot;:&quot;&quot;,&quot;camera&quot;:&quot;&quot;,&quot;caption&quot;:&quot;&quot;,&quot;created_timestamp&quot;:&quot;0&quot;,&quot;copyright&quot;:&quot;&quot;,&quot;focal_length&quot;:&quot;0&quot;,&quot;iso&quot;:&quot;0&quot;,&quot;shutter_speed&quot;:&quot;0&quot;,&quot;title&quot;:&quot;&quot;,&quot;orientation&quot;:&quot;0&quot;}\" data-image-title=\"Arni_port-1\" data-image-description=\"\" data-image-caption=\"\" data-medium-file=\"https:\/\/i0.wp.com\/lostshoecollective.com\/wp-content\/uploads\/2022\/09\/Arni_port-1.png?fit=300%2C169&amp;ssl=1\" data-large-file=\"https:\/\/i0.wp.com\/lostshoecollective.com\/wp-content\/uploads\/2022\/09\/Arni_port-1.png?fit=750%2C422&amp;ssl=1\" data-recalc-dims=\"1\" height=\"422\" width=\"750\" class=\"wp-image-4457\" src=\"https:\/\/i0.wp.com\/lostshoecollective.com\/wp-content\/uploads\/2022\/09\/Arni_port-1.png?resize=750%2C422&#038;ssl=1\" alt=\"\" srcset=\"https:\/\/i0.wp.com\/lostshoecollective.com\/wp-content\/uploads\/2022\/09\/Arni_port-1.png?w=1920&amp;ssl=1 1920w, https:\/\/i0.wp.com\/lostshoecollective.com\/wp-content\/uploads\/2022\/09\/Arni_port-1.png?resize=300%2C169&amp;ssl=1 300w, https:\/\/i0.wp.com\/lostshoecollective.com\/wp-content\/uploads\/2022\/09\/Arni_port-1.png?resize=1024%2C576&amp;ssl=1 1024w, https:\/\/i0.wp.com\/lostshoecollective.com\/wp-content\/uploads\/2022\/09\/Arni_port-1.png?resize=768%2C432&amp;ssl=1 768w, https:\/\/i0.wp.com\/lostshoecollective.com\/wp-content\/uploads\/2022\/09\/Arni_port-1.png?resize=1536%2C864&amp;ssl=1 1536w, https:\/\/i0.wp.com\/lostshoecollective.com\/wp-content\/uploads\/2022\/09\/Arni_port-1.png?resize=1200%2C675&amp;ssl=1 1200w\" sizes=\"(max-width: 750px) 100vw, 750px\" \/>\n<p>\u00a0<\/p>\n<figcaption class=\"wp-element-caption\"><strong>\u00a0<\/strong><\/figcaption>\n<figcaption class=\"wp-element-caption\"><strong>\u00c1rni M\u00e1r Erlingsson<\/strong><\/figcaption>\n<\/figure>\n<p><\/p>\n<p><\/p>\n<p id=\"viewer-5l6hr\" class=\"has-text-align-center wp-block-paragraph\">Tourists are a blessing and a curse for the Icelandic art scene according to the director of Gallery Port, \u00c1rni M\u00e1r Erlingsson.<\/p>\n<p><\/p>\n<p><\/p>\n<p id=\"viewer-c7jke\" class=\"has-text-align-center wp-block-paragraph\">The 30-year-old who started his art career writing on walls at the age of 12, spoke to us about running a temporary art space in the heart of downtown Reykjavik, where the influx of tourists in recent years has become a dominant force in the city.<\/p>\n<p><\/p>\n<p><\/p>\n<p id=\"viewer-7e93b\" class=\"has-text-align-center wp-block-paragraph\">\u201cIt\u2019s been a nice opportunity for people travelling here to show them all this art, they really appreciate it. It would be good to go to a local environment which it is not located here in the downtown area. I think the tourists are doing some great things for the bigger spaces and galleries running for years with resources and a lot of people working for them, a lot of them are nice. More tourists are coming\u2026 it\u2019s interesting that it\u2019s helping the art scene spread somewhere else, the rents now, everything is going insane, artists are finding new ways.\u201d<\/p>\n<p><\/p>\n<p><\/p>\n<p id=\"viewer-3hflm\" class=\"has-text-align-center wp-block-paragraph\">\u201cWe\u2019re not seeing the money from the tourists. Here tourists are not spending money, it\u2019s mostly Icelandic people.\u201d<\/p>\n<p><\/p>\n<p><\/p>\n<p id=\"viewer-57v8q\" class=\"has-text-align-center wp-block-paragraph\">Gallery Port, which is now closed, was located in a building that was due to be demolished as part of the reconstruction of the city.<\/p>\n<p><\/p>\n<p><\/p>\n<p id=\"viewer-3tpeg\" class=\"has-text-align-center wp-block-paragraph\">\u201cThey\u2019re going to tear down this part of the building, nothing can be done about it.\u201d<\/p>\n<p><\/p>\n<p><\/p>\n<p id=\"viewer-33d74\" class=\"has-text-align-center wp-block-paragraph\">\u201cIt\u2019s going to be sad in some way, we\u2019ve seen the projects and exhibitions come to life and grow into something bigger but it was always supposed to be temporary.\u201d<\/p>\n<p><\/p>\n<p><\/p>\n<p id=\"viewer-bb3rh\" class=\"has-text-align-center wp-block-paragraph\">\u201cWe\u2019ve had traditional oil paintings to more contemporary pieces. We try to work with the younger generation of artists. Some artists are so thankful to show their work, it means so much to them.\u201d<\/p>\n<p><\/p>\n<p><\/p>\n<p id=\"viewer-8m6t6\" class=\"has-text-align-center wp-block-paragraph\">\u201cThere is a need for more artist run spaces in Reykjavik. We have to say no to a lot of people, we try and find them other solutions but it would be nice if we have three or four more spaces.\u201d<\/p>\n<p><\/p>\n<p><\/p>\n<p id=\"viewer-ak7kt\" class=\"has-text-align-center wp-block-paragraph\">\u00c1rni, whose work is now focused on 3D sculpture, told us he felt more could be done to support artists in Iceland.<\/p>\n<p><\/p>\n<p><\/p>\n<p id=\"viewer-86j5e\" class=\"has-text-align-center wp-block-paragraph\">\u201cIt\u2019s nice growing up as an artist in Iceland. There\u2019s a big group of people looking to do nice things, at least that\u2019s how I\u2019ve seen it, who are doing it for the cause. People just want to make things happen.\u201d<\/p>\n<p><\/p>\n<p><\/p>\n<p id=\"viewer-7jgo5\" class=\"has-text-align-center wp-block-paragraph\">\u201cA lot of people value art, but once a year there is a grant application for an artist salary and when that happens you usually see how people don\u2019t get it and don\u2019t understand the art industry.\u201d<\/p>\n<p><\/p>\n<p><\/p>\n<p id=\"viewer-apm6\" class=\"has-text-align-center wp-block-paragraph\">Find out more about \u00c1rni <a href=\"https:\/\/de.linkedin.com\/in\/%C3%A1rni-m%C3%A1r-erlingsson-22a73550\" target=\"_blank\" rel=\"noreferrer noopener\"><u>here<\/u><\/a>.<\/p>\n<p><\/p>\n<p><\/p>\n<p class=\"has-text-align-center wp-block-paragraph\"><em>Words by Beth Cherryman<\/em><\/p>\n<div class=\"wp-block-group\">\n<p><\/p>\n<\/div>\n<p><!-- \/wp:group --><\/p>\t\t\t\t\t\t\t\t<\/div>\n\t\t\t\t<\/div>\n\t\t\t\t\t<\/div>\n\t\t<\/div>\n\t\t\t\t\t<\/div>\n\t\t<\/section>\n\t\t\t\t<section class=\"elementor-section elementor-top-section elementor-element elementor-element-5833c63 elementor-section-boxed elementor-section-height-default elementor-section-height-default\" data-id=\"5833c63\" data-element_type=\"section\" data-e-type=\"section\">\n\t\t\t\t\t\t<div class=\"elementor-container elementor-column-gap-default\">\n\t\t\t\t\t<div class=\"elementor-column elementor-col-100 elementor-top-column elementor-element elementor-element-ecfbd9b\" data-id=\"ecfbd9b\" data-element_type=\"column\" data-e-type=\"column\">\n\t\t\t<div class=\"elementor-widget-wrap elementor-element-populated\">\n\t\t\t\t\t\t<div class=\"elementor-element elementor-element-62300a6 elementor-widget elementor-widget-text-editor\" data-id=\"62300a6\" data-element_type=\"widget\" data-e-type=\"widget\" data-widget_type=\"text-editor.default\">\n\t\t\t\t<div class=\"elementor-widget-container\">\n\t\t\t\t\t\t\t\t\t<h4 class=\"has-text-align-center\"><a href=\"https:\/\/lostshoecollective.com\/is\/artist-run\/\" data-type=\"page\" data-id=\"4365\">Back To Artist Run<\/a><\/h4>\t\t\t\t\t\t\t\t<\/div>\n\t\t\t\t<\/div>\n\t\t\t\t\t<\/div>\n\t\t<\/div>\n\t\t\t\t\t<\/div>\n\t\t<\/section>\n\t\t\t\t<section class=\"elementor-section elementor-top-section elementor-element elementor-element-0574d41 elementor-section-boxed elementor-section-height-default elementor-section-height-default\" data-id=\"0574d41\" data-element_type=\"section\" data-e-type=\"section\">\n\t\t\t\t\t\t<div class=\"elementor-container elementor-column-gap-default\">\n\t\t\t\t\t<div class=\"elementor-column elementor-col-100 elementor-top-column elementor-element elementor-element-6e26c20\" data-id=\"6e26c20\" data-element_type=\"column\" data-e-type=\"column\">\n\t\t\t<div class=\"elementor-widget-wrap elementor-element-populated\">\n\t\t\t\t\t\t<div class=\"elementor-element elementor-element-4341821 elementor-widget elementor-widget-text-editor\" data-id=\"4341821\" data-element_type=\"widget\" data-e-type=\"widget\" data-widget_type=\"text-editor.default\">\n\t\t\t\t<div class=\"elementor-widget-container\">\n\t\t\t\t\t\t\t\t\t<p style=\"text-align: center;\"><a href=\"https:\/\/lostshoecollective.com\/is\/\"><strong>Lost Shoe Collective<\/strong><\/a> Framlei\u00f0slufyrirt\u00e6ki<\/p>\t\t\t\t\t\t\t\t<\/div>\n\t\t\t\t<\/div>\n\t\t\t\t\t<\/div>\n\t\t<\/div>\n\t\t\t\t\t<\/div>\n\t\t<\/section>\n\t\t\t\t<section class=\"elementor-section elementor-top-section elementor-element elementor-element-5b2ba0b elementor-section-boxed elementor-section-height-default elementor-section-height-default\" data-id=\"5b2ba0b\" data-element_type=\"section\" data-e-type=\"section\">\n\t\t\t\t\t\t<div class=\"elementor-container elementor-column-gap-default\">\n\t\t\t\t\t<div class=\"elementor-column elementor-col-100 elementor-top-column elementor-element elementor-element-e20b7ff\" data-id=\"e20b7ff\" data-element_type=\"column\" data-e-type=\"column\">\n\t\t\t<div class=\"elementor-widget-wrap elementor-element-populated\">\n\t\t\t\t\t\t<div class=\"elementor-element elementor-element-1f7363d elementor-shape-rounded elementor-grid-0 e-grid-align-center elementor-widget elementor-widget-social-icons\" data-id=\"1f7363d\" data-element_type=\"widget\" data-e-type=\"widget\" data-widget_type=\"social-icons.default\">\n\t\t\t\t<div class=\"elementor-widget-container\">\n\t\t\t\t\t\t\t<div class=\"elementor-social-icons-wrapper elementor-grid\" role=\"list\">\n\t\t\t\t\t\t\t<span class=\"elementor-grid-item\" role=\"listitem\">\n\t\t\t\t\t<a class=\"elementor-icon elementor-social-icon elementor-social-icon-vimeo elementor-repeater-item-8254622\" href=\"https:\/\/vimeo.com\/lostshoecollective\" target=\"_blank\">\n\t\t\t\t\t\t<span class=\"elementor-screen-only\">Vimeo<\/span>\n\t\t\t\t\t\t<i aria-hidden=\"true\" class=\"fab fa-vimeo\"><\/i>\t\t\t\t\t<\/a>\n\t\t\t\t<\/span>\n\t\t\t\t\t\t\t<span class=\"elementor-grid-item\" role=\"listitem\">\n\t\t\t\t\t<a class=\"elementor-icon elementor-social-icon elementor-social-icon-instagram elementor-repeater-item-cf372ec\" href=\"https:\/\/www.instagram.com\/lostshoecollective\/\" target=\"_blank\">\n\t\t\t\t\t\t<span class=\"elementor-screen-only\">Instagram<\/span>\n\t\t\t\t\t\t<i aria-hidden=\"true\" class=\"fab fa-instagram\"><\/i>\t\t\t\t\t<\/a>\n\t\t\t\t<\/span>\n\t\t\t\t\t\t\t<span class=\"elementor-grid-item\" role=\"listitem\">\n\t\t\t\t\t<a class=\"elementor-icon elementor-social-icon elementor-social-icon-facebook elementor-repeater-item-5af5eca\" href=\"https:\/\/www.facebook.com\/lostshoecollective\/\" target=\"_blank\">\n\t\t\t\t\t\t<span class=\"elementor-screen-only\">Facebook<\/span>\n\t\t\t\t\t\t<i aria-hidden=\"true\" class=\"fab fa-facebook\"><\/i>\t\t\t\t\t<\/a>\n\t\t\t\t<\/span>\n\t\t\t\t\t<\/div>\n\t\t\t\t\t\t<\/div>\n\t\t\t\t<\/div>\n\t\t\t\t\t<\/div>\n\t\t<\/div>\n\t\t\t\t\t<\/div>\n\t\t<\/section>\n\t\t\t\t<\/div>","protected":false},"excerpt":{"rendered":"<p>&#8220;Reykjavik needs more artist run spaces&#8221; \u00a0 Tourists are a blessing and a curse for the Icelandic art scene according to the director of Gallery Port, \u00c1rni M\u00e1r Erlingsson. The 30-year-old who started his art career writing on walls at the age of 12, spoke to us about running a temporary art space in the<a class=\"more-link\" href=\"https:\/\/lostshoecollective.com\/is\/reykjavik-needs-more-artist-run-spaces\/\">Continue reading <span class=\"screen-reader-text\">&#8220;<strong>&#8220;Reykjavik needs more artist run spaces&#8221;<\/strong>&#8220;<\/span><\/a><\/p>","protected":false},"author":161824182,"featured_media":0,"parent":0,"menu_order":0,"comment_status":"closed","ping_status":"closed","template":"","meta":{"_crdt_document":"","advanced_seo_description":"","jetpack_seo_html_title":"","jetpack_seo_noindex":false,"jetpack_post_was_ever_published":false,"footnotes":""},"class_list":["post-5069","page","type-page","status-publish","hentry","entry"],"jetpack_likes_enabled":true,"jetpack_sharing_enabled":true,"jetpack_shortlink":"https:\/\/wp.me\/Pe1weW-1jL","jetpack-related-posts":[{"id":4365,"url":"https:\/\/lostshoecollective.com\/is\/artist-run\/","url_meta":{"origin":5069,"position":0},"title":"Artist Run","author":"Lost Shoe Collective Collective","date":"september 26, 2022","format":false,"excerpt":"ARTIST RUN Artist Run\u00a0is a short documentary featuring several artist run galleries in Berlin (Neuk\u00f6lln) and Reykjav\u00edk (city centre) and the actuality that surrounds their spaces. Through interviews we get to know the gallery managers and artists working in the cities or exhibiting in the art spaces during the filming\u2026","rel":"","context":"Similar post","block_context":{"text":"Similar post","link":""},"img":{"alt_text":"","src":"https:\/\/i0.wp.com\/lostshoecollective.com\/wp-content\/uploads\/2022\/09\/Freyja-1-1024x576.png?resize=350%2C200&ssl=1","width":350,"height":200,"srcset":"https:\/\/i0.wp.com\/lostshoecollective.com\/wp-content\/uploads\/2022\/09\/Freyja-1-1024x576.png?resize=350%2C200&ssl=1 1x, https:\/\/i0.wp.com\/lostshoecollective.com\/wp-content\/uploads\/2022\/09\/Freyja-1-1024x576.png?resize=525%2C300&ssl=1 1.5x, https:\/\/i0.wp.com\/lostshoecollective.com\/wp-content\/uploads\/2022\/09\/Freyja-1-1024x576.png?resize=700%2C400&ssl=1 2x"},"classes":[]},{"id":5134,"url":"https:\/\/lostshoecollective.com\/is\/economic-crashes-bring-opportunities\/","url_meta":{"origin":5069,"position":1},"title":"&#8220;Economic crashes bring opportunities&#8221;","author":"Lost Shoe Collective Collective","date":"september 26, 2022","format":false,"excerpt":"\"Economic crashes bring opportunities\" \u00a0 \u00a0 \u00a0 Ragnar M\u00e1r Nikul\u00e1sson Gentrification is not black and white - it brings the money as well as increases the rents, according to Reykjavik artist and gallery owner Ragnar M\u00e1r Nikul\u00e1sson of Bismut. Ragnar, 32, had been running his space Bismut, a cafe with\u2026","rel":"","context":"Similar post","block_context":{"text":"Similar post","link":""},"img":{"alt_text":"","src":"https:\/\/i0.wp.com\/lostshoecollective.com\/wp-content\/uploads\/2022\/09\/Ragnar_Bismut-1.png?resize=350%2C200&ssl=1","width":350,"height":200,"srcset":"https:\/\/i0.wp.com\/lostshoecollective.com\/wp-content\/uploads\/2022\/09\/Ragnar_Bismut-1.png?resize=350%2C200&ssl=1 1x, https:\/\/i0.wp.com\/lostshoecollective.com\/wp-content\/uploads\/2022\/09\/Ragnar_Bismut-1.png?resize=525%2C300&ssl=1 1.5x, https:\/\/i0.wp.com\/lostshoecollective.com\/wp-content\/uploads\/2022\/09\/Ragnar_Bismut-1.png?resize=700%2C400&ssl=1 2x, https:\/\/i0.wp.com\/lostshoecollective.com\/wp-content\/uploads\/2022\/09\/Ragnar_Bismut-1.png?resize=1050%2C600&ssl=1 3x, https:\/\/i0.wp.com\/lostshoecollective.com\/wp-content\/uploads\/2022\/09\/Ragnar_Bismut-1.png?resize=1400%2C800&ssl=1 4x"},"classes":[]},{"id":8264,"url":"https:\/\/lostshoecollective.com\/is\/sjalfstaed-verkefni\/","url_meta":{"origin":5069,"position":2},"title":"Sj\u00e1lfst\u00e6\u00f0 verkefni","author":"Lost Shoe Collective Collective","date":"september 28, 2022","format":false,"excerpt":"Sj\u00e1lfst\u00e6\u00f0 verkefni Norms (2021) https:\/\/youtu.be\/9N7Wh4edWqg Vefser\u00eda Norms fylgist me\u00f0 sj\u00e1lfsey\u00f0andi og hvatv\u00edsri S\u00f6ru sem fl\u00fdr fr\u00e1 l\u00edfi s\u00ednu \u00ed Reykjav\u00edk \u00feegar lygar hennar n\u00e1 henni loksins. Horf\u00f0u \u00e1 YouTube L\u00e6ra meira Matches (2019) https:\/\/youtu.be\/2rvcw_JG1m8 Stuttmynd Ungur ma\u00f0ur sem gl\u00edmir vi\u00f0 f\u00edkn s\u00edna fl\u00fdr raunveruleikann og bar\u00e1ttu fort\u00ed\u00f0ar sinnar. L\u00e6ra meira\u2026","rel":"","context":"Similar post","block_context":{"text":"Similar post","link":""},"img":{"alt_text":"","src":"https:\/\/i0.wp.com\/img.youtube.com\/vi\/9N7Wh4edWqg\/0.jpg?resize=350%2C200","width":350,"height":200},"classes":[]},{"id":4887,"url":"https:\/\/lostshoecollective.com\/is\/take-your-place-steal-it\/","url_meta":{"origin":5069,"position":3},"title":"&#8220;Take your place, steal it&#8221;","author":"Lost Shoe Collective Collective","date":"september 26, 2022","format":false,"excerpt":"\"Take your place, steal it\" \u00a0 \u00a0 \u00a0 Steinunn Gunnlaugsd\u00f3ttir \u201cArtists very often invent their own opportunities, some coming from institutions but mainly artists are not just creating artwork but a place and events and an atmosphere and make themselves a space.\u201d That was the view of Steinunn Gunnlaugsd\u00f3ttir a\u2026","rel":"","context":"Similar post","block_context":{"text":"Similar post","link":""},"img":{"alt_text":"","src":"https:\/\/i0.wp.com\/lostshoecollective.com\/wp-content\/uploads\/2022\/09\/Steinunn_Berlin-1.png?resize=350%2C200&ssl=1","width":350,"height":200,"srcset":"https:\/\/i0.wp.com\/lostshoecollective.com\/wp-content\/uploads\/2022\/09\/Steinunn_Berlin-1.png?resize=350%2C200&ssl=1 1x, https:\/\/i0.wp.com\/lostshoecollective.com\/wp-content\/uploads\/2022\/09\/Steinunn_Berlin-1.png?resize=525%2C300&ssl=1 1.5x, https:\/\/i0.wp.com\/lostshoecollective.com\/wp-content\/uploads\/2022\/09\/Steinunn_Berlin-1.png?resize=700%2C400&ssl=1 2x, https:\/\/i0.wp.com\/lostshoecollective.com\/wp-content\/uploads\/2022\/09\/Steinunn_Berlin-1.png?resize=1050%2C600&ssl=1 3x, https:\/\/i0.wp.com\/lostshoecollective.com\/wp-content\/uploads\/2022\/09\/Steinunn_Berlin-1.png?resize=1400%2C800&ssl=1 4x"},"classes":[]},{"id":5152,"url":"https:\/\/lostshoecollective.com\/is\/claiming-art-spaces-adds-a-level-of-drama\/","url_meta":{"origin":5069,"position":4},"title":"&#8220;Claiming art spaces adds a level of drama&#8221;","author":"Lost Shoe Collective Collective","date":"september 26, 2022","format":false,"excerpt":"\"Claiming art spaces adds a level of drama\" \u00a0 \u00a0 \u00a0 \u00der\u00e1ndur \u00de\u00f3rarinsson \u201cArt culture is important, otherwise our lives would be very flat and uninteresting.\u201d 38-year-old painter \u00der\u00e1ndur \u00de\u00f3rarinsson was showing his work in Gallery Port in Reykjavik when we interviewed him in the summer. His \u201cold masterly\u201d style\u2026","rel":"","context":"Similar post","block_context":{"text":"Similar post","link":""},"img":{"alt_text":"","src":"https:\/\/i0.wp.com\/lostshoecollective.com\/wp-content\/uploads\/2022\/09\/thrandur_port_artist-1.png?resize=350%2C200&ssl=1","width":350,"height":200,"srcset":"https:\/\/i0.wp.com\/lostshoecollective.com\/wp-content\/uploads\/2022\/09\/thrandur_port_artist-1.png?resize=350%2C200&ssl=1 1x, https:\/\/i0.wp.com\/lostshoecollective.com\/wp-content\/uploads\/2022\/09\/thrandur_port_artist-1.png?resize=525%2C300&ssl=1 1.5x, https:\/\/i0.wp.com\/lostshoecollective.com\/wp-content\/uploads\/2022\/09\/thrandur_port_artist-1.png?resize=700%2C400&ssl=1 2x, https:\/\/i0.wp.com\/lostshoecollective.com\/wp-content\/uploads\/2022\/09\/thrandur_port_artist-1.png?resize=1050%2C600&ssl=1 3x, https:\/\/i0.wp.com\/lostshoecollective.com\/wp-content\/uploads\/2022\/09\/thrandur_port_artist-1.png?resize=1400%2C800&ssl=1 4x"},"classes":[]},{"id":4789,"url":"https:\/\/lostshoecollective.com\/is\/you-can-open-an-art-space-on-a-pin\/","url_meta":{"origin":5069,"position":5},"title":"&#8220;You can open an art space on a pin&#8221;","author":"Lost Shoe Collective Collective","date":"september 26, 2022","format":false,"excerpt":"\"You can open an art space on a pin\" \u00a0 \u00a0 \u00a0 Freyja Eilif \u201cI\u2019ve always been fascinated by artists claiming space and creating venues. I saw nothing was too small or inconvenient for a creative art space or art venue, like a Mary Poppins\u2019 bag it seems the possibilities\u2026","rel":"","context":"Similar post","block_context":{"text":"Similar post","link":""},"img":{"alt_text":"","src":"https:\/\/i0.wp.com\/lostshoecollective.com\/wp-content\/uploads\/2022\/09\/Freyja-1.png?resize=350%2C200&ssl=1","width":350,"height":200,"srcset":"https:\/\/i0.wp.com\/lostshoecollective.com\/wp-content\/uploads\/2022\/09\/Freyja-1.png?resize=350%2C200&ssl=1 1x, https:\/\/i0.wp.com\/lostshoecollective.com\/wp-content\/uploads\/2022\/09\/Freyja-1.png?resize=525%2C300&ssl=1 1.5x, https:\/\/i0.wp.com\/lostshoecollective.com\/wp-content\/uploads\/2022\/09\/Freyja-1.png?resize=700%2C400&ssl=1 2x, https:\/\/i0.wp.com\/lostshoecollective.com\/wp-content\/uploads\/2022\/09\/Freyja-1.png?resize=1050%2C600&ssl=1 3x, https:\/\/i0.wp.com\/lostshoecollective.com\/wp-content\/uploads\/2022\/09\/Freyja-1.png?resize=1400%2C800&ssl=1 4x"},"classes":[]}],"_links":{"self":[{"href":"https:\/\/lostshoecollective.com\/is\/wp-json\/wp\/v2\/pages\/5069","targetHints":{"allow":["GET"]}}],"collection":[{"href":"https:\/\/lostshoecollective.com\/is\/wp-json\/wp\/v2\/pages"}],"about":[{"href":"https:\/\/lostshoecollective.com\/is\/wp-json\/wp\/v2\/types\/page"}],"author":[{"embeddable":true,"href":"https:\/\/lostshoecollective.com\/is\/wp-json\/wp\/v2\/users\/161824182"}],"replies":[{"embeddable":true,"href":"https:\/\/lostshoecollective.com\/is\/wp-json\/wp\/v2\/comments?post=5069"}],"version-history":[{"count":18,"href":"https:\/\/lostshoecollective.com\/is\/wp-json\/wp\/v2\/pages\/5069\/revisions"}],"predecessor-version":[{"id":13227,"href":"https:\/\/lostshoecollective.com\/is\/wp-json\/wp\/v2\/pages\/5069\/revisions\/13227"}],"wp:attachment":[{"href":"https:\/\/lostshoecollective.com\/is\/wp-json\/wp\/v2\/media?parent=5069"}],"curies":[{"name":"wp","href":"https:\/\/api.w.org\/{rel}","templated":true}]}}