{"id":4906,"date":"2022-09-26T12:59:32","date_gmt":"2022-09-26T12:59:32","guid":{"rendered":"https:\/\/lostshoecollective.com\/?page_id=4906"},"modified":"2023-03-01T16:47:54","modified_gmt":"2023-03-01T16:47:54","slug":"art-is-what-you-make-of-it","status":"publish","type":"page","link":"https:\/\/lostshoecollective.com\/is\/art-is-what-you-make-of-it\/","title":{"rendered":"<strong>&#8220;Art is what you make of it&#8221;<\/strong>"},"content":{"rendered":"<div data-elementor-type=\"wp-page\" data-elementor-id=\"4906\" class=\"elementor elementor-4906\" data-elementor-post-type=\"page\">\n\t\t\t\t\t\t<section class=\"elementor-section elementor-top-section elementor-element elementor-element-2351de8b elementor-section-boxed elementor-section-height-default elementor-section-height-default\" data-id=\"2351de8b\" data-element_type=\"section\" data-e-type=\"section\">\n\t\t\t\t\t\t<div class=\"elementor-container elementor-column-gap-default\">\n\t\t\t\t\t<div class=\"elementor-column elementor-col-100 elementor-top-column elementor-element elementor-element-27d1c973\" data-id=\"27d1c973\" data-element_type=\"column\" data-e-type=\"column\">\n\t\t\t<div class=\"elementor-widget-wrap elementor-element-populated\">\n\t\t\t\t\t\t<div class=\"elementor-element elementor-element-3572a627 elementor-widget elementor-widget-text-editor\" data-id=\"3572a627\" data-element_type=\"widget\" data-e-type=\"widget\" data-widget_type=\"text-editor.default\">\n\t\t\t\t<div class=\"elementor-widget-container\">\n\t\t\t\t\t\t\t\t\t<p><\/p>\n<h2 class=\"has-text-align-center wp-block-heading\"><strong>&#8220;Art is what you make of it&#8221;<\/strong><\/h2>\n<div><strong>\u00a0<\/strong><\/div>\n<p><\/p>\n<p><\/p>\n<figure class=\"wp-block-image size-large\"><img fetchpriority=\"high\" decoding=\"async\" data-attachment-id=\"4909\" data-permalink=\"https:\/\/lostshoecollective.com\/is\/art-is-what-you-make-of-it\/juwelia-stst-1-1\/\" data-orig-file=\"https:\/\/i0.wp.com\/lostshoecollective.com\/wp-content\/uploads\/2022\/09\/Juwelia-STST-1-1.png?fit=1920%2C1080&amp;ssl=1\" data-orig-size=\"1920,1080\" data-comments-opened=\"1\" data-image-meta=\"{&quot;aperture&quot;:&quot;0&quot;,&quot;credit&quot;:&quot;&quot;,&quot;camera&quot;:&quot;&quot;,&quot;caption&quot;:&quot;&quot;,&quot;created_timestamp&quot;:&quot;0&quot;,&quot;copyright&quot;:&quot;&quot;,&quot;focal_length&quot;:&quot;0&quot;,&quot;iso&quot;:&quot;0&quot;,&quot;shutter_speed&quot;:&quot;0&quot;,&quot;title&quot;:&quot;&quot;,&quot;orientation&quot;:&quot;0&quot;}\" data-image-title=\"Juwelia-STST-1-1\" data-image-description=\"\" data-image-caption=\"\" data-large-file=\"https:\/\/i0.wp.com\/lostshoecollective.com\/wp-content\/uploads\/2022\/09\/Juwelia-STST-1-1.png?fit=750%2C422&amp;ssl=1\" data-recalc-dims=\"1\" height=\"422\" width=\"750\" class=\"wp-image-4909\" src=\"https:\/\/i0.wp.com\/lostshoecollective.com\/wp-content\/uploads\/2022\/09\/Juwelia-STST-1-1.png?resize=750%2C422&#038;ssl=1\" alt=\"\" srcset=\"https:\/\/i0.wp.com\/lostshoecollective.com\/wp-content\/uploads\/2022\/09\/Juwelia-STST-1-1.png?w=1920&amp;ssl=1 1920w, https:\/\/i0.wp.com\/lostshoecollective.com\/wp-content\/uploads\/2022\/09\/Juwelia-STST-1-1.png?resize=300%2C169&amp;ssl=1 300w, https:\/\/i0.wp.com\/lostshoecollective.com\/wp-content\/uploads\/2022\/09\/Juwelia-STST-1-1.png?resize=1024%2C576&amp;ssl=1 1024w, https:\/\/i0.wp.com\/lostshoecollective.com\/wp-content\/uploads\/2022\/09\/Juwelia-STST-1-1.png?resize=768%2C432&amp;ssl=1 768w, https:\/\/i0.wp.com\/lostshoecollective.com\/wp-content\/uploads\/2022\/09\/Juwelia-STST-1-1.png?resize=1536%2C864&amp;ssl=1 1536w, https:\/\/i0.wp.com\/lostshoecollective.com\/wp-content\/uploads\/2022\/09\/Juwelia-STST-1-1.png?resize=1200%2C675&amp;ssl=1 1200w\" sizes=\"(max-width: 750px) 100vw, 750px\" \/>\n<p>\u00a0<\/p>\n<figcaption class=\"wp-element-caption\"><strong>\u00a0<\/strong><\/figcaption>\n<figcaption class=\"wp-element-caption\"><strong>Juwelia Soraya<\/strong><\/figcaption>\n<\/figure>\n<p><\/p>\n<p><\/p>\n<p id=\"viewer-8c745\" class=\"has-text-align-center wp-block-paragraph\">Art is what you make of it, according to Berlin painter and performance artist Juwelia Soraya, both in terms of working as an artist and in art\u2019s interpretation.<\/p>\n<p><\/p>\n<p><\/p>\n<p id=\"viewer-8u4vb\" class=\"has-text-align-center wp-block-paragraph\">\u201cSometimes I think I am not an artist, I only paint, I have painted all my life.\u201d<\/p>\n<p><\/p>\n<p><\/p>\n<p id=\"viewer-36d8e\" class=\"has-text-align-center wp-block-paragraph\">Known for her colourful, pastel paintings which she describes as showing a naivety and playfulness often lost to adults, her work commonly depicts dogs, cakes and various representations of love.<\/p>\n<p><\/p>\n<p><\/p>\n<p id=\"viewer-vcat\" class=\"has-text-align-center wp-block-paragraph\">But she feels it\u2019s important not to tell people what to think of it, more her role as an artist is to put her work out into the world and allow people to reflect on it as they will.<\/p>\n<p><\/p>\n<p><\/p>\n<p id=\"viewer-b1nss\" class=\"has-text-align-center wp-block-paragraph\">\u201cIt is what it is, you have to see it for yourself&#8230;I can\u2019t say what it is.\u201d<\/p>\n<p><\/p>\n<p><\/p>\n<p id=\"viewer-c89ps\" class=\"has-text-align-center wp-block-paragraph\">Juwelia opened her gallery St St Studio in Neuk\u00f6lln eleven years ago, she says it\u2019s important for artists to have a place to show their work.<\/p>\n<p><\/p>\n<p><\/p>\n<p id=\"viewer-elch8\" class=\"has-text-align-center wp-block-paragraph\">But she is also aware she managed to capitalise on a time in Berlin when rents were affordable for artists.<\/p>\n<p><\/p>\n<p><\/p>\n<p id=\"viewer-8gqbj\" class=\"has-text-align-center wp-block-paragraph\">If she were starting again today, in the current market, Juwelia believes it would be nearly impossible for her to have the space she has now.<\/p>\n<p><\/p>\n<p><\/p>\n<p id=\"viewer-834fb\" class=\"has-text-align-center wp-block-paragraph\">She feels for artists trying to carve out a space to exhibit their work these days, but is convinced the commonality between creatives is the ability to make opportunities for themselves.<\/p>\n<p><\/p>\n<p><\/p>\n<p id=\"viewer-eril9\" class=\"has-text-align-center wp-block-paragraph\">The painter added that gentrification is very apparent day to day in Neuk\u00f6lln and it is pushing some artists out.<\/p>\n<p><\/p>\n<p><\/p>\n<p id=\"viewer-cuvoe\" class=\"has-text-align-center wp-block-paragraph\">\u201cThis district had many, many galleries. Now I see in the Newspaper there will be an exclusive hotel where before there were artists, the building owners kick the artists out. But as an artist you can work always, you do what you will do, you can sing on the street, artists must find their niche.\u201d<\/p>\n<p><\/p>\n<p><\/p>\n<p id=\"viewer-21pip\" class=\"has-text-align-center wp-block-paragraph\">Learn more about Juwelia Soraya <a href=\"https:\/\/www.facebook.com\/pages\/Galerie-Studio-St-St\/118459091546273\" target=\"_blank\" rel=\"noreferrer noopener\"><u>here<\/u><\/a>.<\/p>\n<p><\/p>\n<p><\/p>\n<p class=\"has-text-align-center wp-block-paragraph\"><em>Words by Beth Cherryman<\/em><\/p>\n<div class=\"wp-block-group\">\n<p><\/p>\n<\/div>\n<p><!-- \/wp:group --><\/p>\t\t\t\t\t\t\t\t<\/div>\n\t\t\t\t<\/div>\n\t\t\t\t\t<\/div>\n\t\t<\/div>\n\t\t\t\t\t<\/div>\n\t\t<\/section>\n\t\t\t\t<section class=\"elementor-section elementor-top-section elementor-element elementor-element-3ddb85f elementor-section-boxed elementor-section-height-default elementor-section-height-default\" data-id=\"3ddb85f\" data-element_type=\"section\" data-e-type=\"section\">\n\t\t\t\t\t\t<div class=\"elementor-container elementor-column-gap-default\">\n\t\t\t\t\t<div class=\"elementor-column elementor-col-100 elementor-top-column elementor-element elementor-element-cf8ecc4\" data-id=\"cf8ecc4\" data-element_type=\"column\" data-e-type=\"column\">\n\t\t\t<div class=\"elementor-widget-wrap elementor-element-populated\">\n\t\t\t\t\t\t<div class=\"elementor-element elementor-element-6305bf9 elementor-widget elementor-widget-text-editor\" data-id=\"6305bf9\" data-element_type=\"widget\" data-e-type=\"widget\" data-widget_type=\"text-editor.default\">\n\t\t\t\t<div class=\"elementor-widget-container\">\n\t\t\t\t\t\t\t\t\t<h4 class=\"has-text-align-center\"><a href=\"https:\/\/lostshoecollective.com\/is\/artist-run\/\" data-type=\"page\" data-id=\"4365\">Back To Artist Run<\/a><\/h4>\t\t\t\t\t\t\t\t<\/div>\n\t\t\t\t<\/div>\n\t\t\t\t\t<\/div>\n\t\t<\/div>\n\t\t\t\t\t<\/div>\n\t\t<\/section>\n\t\t\t\t<section class=\"elementor-section elementor-top-section elementor-element elementor-element-4ef2239 elementor-section-boxed elementor-section-height-default elementor-section-height-default\" data-id=\"4ef2239\" data-element_type=\"section\" data-e-type=\"section\">\n\t\t\t\t\t\t<div class=\"elementor-container elementor-column-gap-default\">\n\t\t\t\t\t<div class=\"elementor-column elementor-col-100 elementor-top-column elementor-element elementor-element-f155cab\" data-id=\"f155cab\" data-element_type=\"column\" data-e-type=\"column\">\n\t\t\t<div class=\"elementor-widget-wrap elementor-element-populated\">\n\t\t\t\t\t\t<div class=\"elementor-element elementor-element-f3174dd elementor-widget elementor-widget-text-editor\" data-id=\"f3174dd\" data-element_type=\"widget\" data-e-type=\"widget\" data-widget_type=\"text-editor.default\">\n\t\t\t\t<div class=\"elementor-widget-container\">\n\t\t\t\t\t\t\t\t\t<p style=\"text-align: center;\"><a href=\"https:\/\/lostshoecollective.com\/is\/\"><strong>Lost Shoe Collective<\/strong><\/a> Framlei\u00f0slufyrirt\u00e6ki<\/p>\t\t\t\t\t\t\t\t<\/div>\n\t\t\t\t<\/div>\n\t\t\t\t\t<\/div>\n\t\t<\/div>\n\t\t\t\t\t<\/div>\n\t\t<\/section>\n\t\t\t\t<section class=\"elementor-section elementor-top-section elementor-element elementor-element-b73452f elementor-section-boxed elementor-section-height-default elementor-section-height-default\" data-id=\"b73452f\" data-element_type=\"section\" data-e-type=\"section\">\n\t\t\t\t\t\t<div class=\"elementor-container elementor-column-gap-default\">\n\t\t\t\t\t<div class=\"elementor-column elementor-col-100 elementor-top-column elementor-element elementor-element-dae626a\" data-id=\"dae626a\" data-element_type=\"column\" data-e-type=\"column\">\n\t\t\t<div class=\"elementor-widget-wrap elementor-element-populated\">\n\t\t\t\t\t\t<div class=\"elementor-element elementor-element-09267b7 elementor-shape-rounded elementor-grid-0 e-grid-align-center elementor-widget elementor-widget-social-icons\" data-id=\"09267b7\" data-element_type=\"widget\" data-e-type=\"widget\" data-widget_type=\"social-icons.default\">\n\t\t\t\t<div class=\"elementor-widget-container\">\n\t\t\t\t\t\t\t<div class=\"elementor-social-icons-wrapper elementor-grid\" role=\"list\">\n\t\t\t\t\t\t\t<span class=\"elementor-grid-item\" role=\"listitem\">\n\t\t\t\t\t<a class=\"elementor-icon elementor-social-icon elementor-social-icon-vimeo elementor-repeater-item-691665e\" href=\"https:\/\/vimeo.com\/lostshoecollective\" target=\"_blank\">\n\t\t\t\t\t\t<span class=\"elementor-screen-only\">Vimeo<\/span>\n\t\t\t\t\t\t<i aria-hidden=\"true\" class=\"fab fa-vimeo\"><\/i>\t\t\t\t\t<\/a>\n\t\t\t\t<\/span>\n\t\t\t\t\t\t\t<span class=\"elementor-grid-item\" role=\"listitem\">\n\t\t\t\t\t<a class=\"elementor-icon elementor-social-icon elementor-social-icon-instagram elementor-repeater-item-4aacafc\" href=\"https:\/\/www.instagram.com\/lostshoecollective\/\" target=\"_blank\">\n\t\t\t\t\t\t<span class=\"elementor-screen-only\">Instagram<\/span>\n\t\t\t\t\t\t<i aria-hidden=\"true\" class=\"fab fa-instagram\"><\/i>\t\t\t\t\t<\/a>\n\t\t\t\t<\/span>\n\t\t\t\t\t\t\t<span class=\"elementor-grid-item\" role=\"listitem\">\n\t\t\t\t\t<a class=\"elementor-icon elementor-social-icon elementor-social-icon-facebook elementor-repeater-item-8395a7c\" href=\"https:\/\/www.facebook.com\/lostshoecollective\/\" target=\"_blank\">\n\t\t\t\t\t\t<span class=\"elementor-screen-only\">Facebook<\/span>\n\t\t\t\t\t\t<i aria-hidden=\"true\" class=\"fab fa-facebook\"><\/i>\t\t\t\t\t<\/a>\n\t\t\t\t<\/span>\n\t\t\t\t\t<\/div>\n\t\t\t\t\t\t<\/div>\n\t\t\t\t<\/div>\n\t\t\t\t\t<\/div>\n\t\t<\/div>\n\t\t\t\t\t<\/div>\n\t\t<\/section>\n\t\t\t\t<\/div>","protected":false},"excerpt":{"rendered":"<p>&#8220;Art is what you make of it&#8221; \u00a0 Art is what you make of it, according to Berlin painter and performance artist Juwelia Soraya, both in terms of working as an artist and in art\u2019s interpretation. \u201cSometimes I think I am not an artist, I only paint, I have painted all my life.\u201d Known for<a class=\"more-link\" href=\"https:\/\/lostshoecollective.com\/is\/art-is-what-you-make-of-it\/\">Continue reading <span class=\"screen-reader-text\">&#8220;<strong>&#8220;Art is what you make of it&#8221;<\/strong>&#8220;<\/span><\/a><\/p>","protected":false},"author":161824182,"featured_media":0,"parent":0,"menu_order":0,"comment_status":"closed","ping_status":"closed","template":"","meta":{"_crdt_document":"","advanced_seo_description":"","jetpack_seo_html_title":"","jetpack_seo_noindex":false,"jetpack_post_was_ever_published":false,"footnotes":""},"class_list":["post-4906","page","type-page","status-publish","hentry","entry"],"jetpack_likes_enabled":true,"jetpack_sharing_enabled":true,"jetpack_shortlink":"https:\/\/wp.me\/Pe1weW-1h8","jetpack-related-posts":[{"id":4365,"url":"https:\/\/lostshoecollective.com\/is\/artist-run\/","url_meta":{"origin":4906,"position":0},"title":"Artist Run","author":"Lost Shoe Collective Collective","date":"september 26, 2022","format":false,"excerpt":"ARTIST RUN Artist Run\u00a0is a short documentary featuring several artist run galleries in Berlin (Neuk\u00f6lln) and Reykjav\u00edk (city centre) and the actuality that surrounds their spaces. Through interviews we get to know the gallery managers and artists working in the cities or exhibiting in the art spaces during the filming\u2026","rel":"","context":"Similar post","block_context":{"text":"Similar post","link":""},"img":{"alt_text":"","src":"https:\/\/i0.wp.com\/lostshoecollective.com\/wp-content\/uploads\/2022\/09\/Freyja-1-1024x576.png?resize=350%2C200&ssl=1","width":350,"height":200,"srcset":"https:\/\/i0.wp.com\/lostshoecollective.com\/wp-content\/uploads\/2022\/09\/Freyja-1-1024x576.png?resize=350%2C200&ssl=1 1x, https:\/\/i0.wp.com\/lostshoecollective.com\/wp-content\/uploads\/2022\/09\/Freyja-1-1024x576.png?resize=525%2C300&ssl=1 1.5x, https:\/\/i0.wp.com\/lostshoecollective.com\/wp-content\/uploads\/2022\/09\/Freyja-1-1024x576.png?resize=700%2C400&ssl=1 2x"},"classes":[]},{"id":5069,"url":"https:\/\/lostshoecollective.com\/is\/reykjavik-needs-more-artist-run-spaces\/","url_meta":{"origin":4906,"position":1},"title":"&#8220;Reykjavik needs more artist run spaces&#8221;","author":"Lost Shoe Collective Collective","date":"september 26, 2022","format":false,"excerpt":"\"Reykjavik needs more artist run spaces\" \u00a0 \u00a0 \u00a0 \u00c1rni M\u00e1r Erlingsson Tourists are a blessing and a curse for the Icelandic art scene according to the director of Gallery Port, \u00c1rni M\u00e1r Erlingsson. The 30-year-old who started his art career writing on walls at the age of 12, spoke\u2026","rel":"","context":"Similar post","block_context":{"text":"Similar post","link":""},"img":{"alt_text":"","src":"https:\/\/i0.wp.com\/lostshoecollective.com\/wp-content\/uploads\/2022\/09\/Arni_port-1.png?resize=350%2C200&ssl=1","width":350,"height":200,"srcset":"https:\/\/i0.wp.com\/lostshoecollective.com\/wp-content\/uploads\/2022\/09\/Arni_port-1.png?resize=350%2C200&ssl=1 1x, https:\/\/i0.wp.com\/lostshoecollective.com\/wp-content\/uploads\/2022\/09\/Arni_port-1.png?resize=525%2C300&ssl=1 1.5x, https:\/\/i0.wp.com\/lostshoecollective.com\/wp-content\/uploads\/2022\/09\/Arni_port-1.png?resize=700%2C400&ssl=1 2x, https:\/\/i0.wp.com\/lostshoecollective.com\/wp-content\/uploads\/2022\/09\/Arni_port-1.png?resize=1050%2C600&ssl=1 3x, https:\/\/i0.wp.com\/lostshoecollective.com\/wp-content\/uploads\/2022\/09\/Arni_port-1.png?resize=1400%2C800&ssl=1 4x"},"classes":[]},{"id":4924,"url":"https:\/\/lostshoecollective.com\/is\/you-have-to-be-imaginative\/","url_meta":{"origin":4906,"position":2},"title":"&#8220;You have to be imaginative&#8221;","author":"Lost Shoe Collective Collective","date":"september 26, 2022","format":false,"excerpt":"\"You have to be imaginative\" \u00a0 \u00a0 \u00a0 Ken Wiatrek Spaces are not an elitist way of bringing art to the public but a populist one, claims artist Ken Wiatrek who runs Keith in Berlin. Keith, a bar that combines art and whisky, has been going for two and a\u2026","rel":"","context":"Similar post","block_context":{"text":"Similar post","link":""},"img":{"alt_text":"","src":"https:\/\/i0.wp.com\/lostshoecollective.com\/wp-content\/uploads\/2022\/09\/Ken-Keith-1-1.png?resize=350%2C200&ssl=1","width":350,"height":200,"srcset":"https:\/\/i0.wp.com\/lostshoecollective.com\/wp-content\/uploads\/2022\/09\/Ken-Keith-1-1.png?resize=350%2C200&ssl=1 1x, https:\/\/i0.wp.com\/lostshoecollective.com\/wp-content\/uploads\/2022\/09\/Ken-Keith-1-1.png?resize=525%2C300&ssl=1 1.5x, https:\/\/i0.wp.com\/lostshoecollective.com\/wp-content\/uploads\/2022\/09\/Ken-Keith-1-1.png?resize=700%2C400&ssl=1 2x, https:\/\/i0.wp.com\/lostshoecollective.com\/wp-content\/uploads\/2022\/09\/Ken-Keith-1-1.png?resize=1050%2C600&ssl=1 3x, https:\/\/i0.wp.com\/lostshoecollective.com\/wp-content\/uploads\/2022\/09\/Ken-Keith-1-1.png?resize=1400%2C800&ssl=1 4x"},"classes":[]},{"id":4992,"url":"https:\/\/lostshoecollective.com\/is\/the-idea-is-everything\/","url_meta":{"origin":4906,"position":3},"title":"&#8220;The idea is everything&#8221;","author":"Lost Shoe Collective Collective","date":"september 26, 2022","format":false,"excerpt":"\"The idea is everything\" \u00a0 \u00a0 \u00a0 Dino Steinhof How important is the idea behind the art? To Berlin sculptor Dino Steinhof the idea is everything. \u201cThe idea behind the work is the most important thing, in the process I find the best material, the best shape and the best\u2026","rel":"","context":"Similar post","block_context":{"text":"Similar post","link":""},"img":{"alt_text":"","src":"https:\/\/i0.wp.com\/lostshoecollective.com\/wp-content\/uploads\/2022\/09\/Dino-1.png?resize=350%2C200&ssl=1","width":350,"height":200,"srcset":"https:\/\/i0.wp.com\/lostshoecollective.com\/wp-content\/uploads\/2022\/09\/Dino-1.png?resize=350%2C200&ssl=1 1x, https:\/\/i0.wp.com\/lostshoecollective.com\/wp-content\/uploads\/2022\/09\/Dino-1.png?resize=525%2C300&ssl=1 1.5x, https:\/\/i0.wp.com\/lostshoecollective.com\/wp-content\/uploads\/2022\/09\/Dino-1.png?resize=700%2C400&ssl=1 2x, https:\/\/i0.wp.com\/lostshoecollective.com\/wp-content\/uploads\/2022\/09\/Dino-1.png?resize=1050%2C600&ssl=1 3x, https:\/\/i0.wp.com\/lostshoecollective.com\/wp-content\/uploads\/2022\/09\/Dino-1.png?resize=1400%2C800&ssl=1 4x"},"classes":[]},{"id":5152,"url":"https:\/\/lostshoecollective.com\/is\/claiming-art-spaces-adds-a-level-of-drama\/","url_meta":{"origin":4906,"position":4},"title":"&#8220;Claiming art spaces adds a level of drama&#8221;","author":"Lost Shoe Collective Collective","date":"september 26, 2022","format":false,"excerpt":"\"Claiming art spaces adds a level of drama\" \u00a0 \u00a0 \u00a0 \u00der\u00e1ndur \u00de\u00f3rarinsson \u201cArt culture is important, otherwise our lives would be very flat and uninteresting.\u201d 38-year-old painter \u00der\u00e1ndur \u00de\u00f3rarinsson was showing his work in Gallery Port in Reykjavik when we interviewed him in the summer. His \u201cold masterly\u201d style\u2026","rel":"","context":"Similar post","block_context":{"text":"Similar post","link":""},"img":{"alt_text":"","src":"https:\/\/i0.wp.com\/lostshoecollective.com\/wp-content\/uploads\/2022\/09\/thrandur_port_artist-1.png?resize=350%2C200&ssl=1","width":350,"height":200,"srcset":"https:\/\/i0.wp.com\/lostshoecollective.com\/wp-content\/uploads\/2022\/09\/thrandur_port_artist-1.png?resize=350%2C200&ssl=1 1x, https:\/\/i0.wp.com\/lostshoecollective.com\/wp-content\/uploads\/2022\/09\/thrandur_port_artist-1.png?resize=525%2C300&ssl=1 1.5x, https:\/\/i0.wp.com\/lostshoecollective.com\/wp-content\/uploads\/2022\/09\/thrandur_port_artist-1.png?resize=700%2C400&ssl=1 2x, https:\/\/i0.wp.com\/lostshoecollective.com\/wp-content\/uploads\/2022\/09\/thrandur_port_artist-1.png?resize=1050%2C600&ssl=1 3x, https:\/\/i0.wp.com\/lostshoecollective.com\/wp-content\/uploads\/2022\/09\/thrandur_port_artist-1.png?resize=1400%2C800&ssl=1 4x"},"classes":[]},{"id":5202,"url":"https:\/\/lostshoecollective.com\/is\/artist-run-spaces-have-more-freedom\/","url_meta":{"origin":4906,"position":5},"title":"&#8220;Artist run spaces have more freedom&#8221;","author":"Lost Shoe Collective Collective","date":"september 26, 2022","format":false,"excerpt":"\"Artist run spaces have more freedom\" \u00a0 \u00a0 \u00a0 Hekla D\u00f6gg J\u00f3nsd\u00f3ttir \u201cArtist run spaces always have more freedom, it gives the artist an opportunity to kind of work without the influence of what it\u2019s supposed to be which can happen in more commercial spaces and to do more interesting\u2026","rel":"","context":"Similar post","block_context":{"text":"Similar post","link":""},"img":{"alt_text":"","src":"https:\/\/i0.wp.com\/lostshoecollective.com\/wp-content\/uploads\/2022\/09\/KlingogBang-1-1.png?resize=350%2C200&ssl=1","width":350,"height":200,"srcset":"https:\/\/i0.wp.com\/lostshoecollective.com\/wp-content\/uploads\/2022\/09\/KlingogBang-1-1.png?resize=350%2C200&ssl=1 1x, https:\/\/i0.wp.com\/lostshoecollective.com\/wp-content\/uploads\/2022\/09\/KlingogBang-1-1.png?resize=525%2C300&ssl=1 1.5x, https:\/\/i0.wp.com\/lostshoecollective.com\/wp-content\/uploads\/2022\/09\/KlingogBang-1-1.png?resize=700%2C400&ssl=1 2x, https:\/\/i0.wp.com\/lostshoecollective.com\/wp-content\/uploads\/2022\/09\/KlingogBang-1-1.png?resize=1050%2C600&ssl=1 3x, https:\/\/i0.wp.com\/lostshoecollective.com\/wp-content\/uploads\/2022\/09\/KlingogBang-1-1.png?resize=1400%2C800&ssl=1 4x"},"classes":[]}],"_links":{"self":[{"href":"https:\/\/lostshoecollective.com\/is\/wp-json\/wp\/v2\/pages\/4906","targetHints":{"allow":["GET"]}}],"collection":[{"href":"https:\/\/lostshoecollective.com\/is\/wp-json\/wp\/v2\/pages"}],"about":[{"href":"https:\/\/lostshoecollective.com\/is\/wp-json\/wp\/v2\/types\/page"}],"author":[{"embeddable":true,"href":"https:\/\/lostshoecollective.com\/is\/wp-json\/wp\/v2\/users\/161824182"}],"replies":[{"embeddable":true,"href":"https:\/\/lostshoecollective.com\/is\/wp-json\/wp\/v2\/comments?post=4906"}],"version-history":[{"count":18,"href":"https:\/\/lostshoecollective.com\/is\/wp-json\/wp\/v2\/pages\/4906\/revisions"}],"predecessor-version":[{"id":13162,"href":"https:\/\/lostshoecollective.com\/is\/wp-json\/wp\/v2\/pages\/4906\/revisions\/13162"}],"wp:attachment":[{"href":"https:\/\/lostshoecollective.com\/is\/wp-json\/wp\/v2\/media?parent=4906"}],"curies":[{"name":"wp","href":"https:\/\/api.w.org\/{rel}","templated":true}]}}