{"id":186,"date":"2022-09-28T17:18:44","date_gmt":"2022-09-28T17:18:44","guid":{"rendered":"https:\/\/lostshoecollective.com\/?page_id=186"},"modified":"2023-08-22T15:50:15","modified_gmt":"2023-08-22T15:50:15","slug":"independent-projects","status":"publish","type":"page","link":"https:\/\/lostshoecollective.com\/is\/independent-projects\/","title":{"rendered":"Sj\u00e1lfst\u00e6\u00f0 verkefni"},"content":{"rendered":"<div data-elementor-type=\"wp-page\" data-elementor-id=\"186\" class=\"elementor elementor-186\" data-elementor-post-type=\"page\">\n\t\t\t\t\t\t<section class=\"elementor-section elementor-top-section elementor-element elementor-element-50490bc elementor-section-boxed elementor-section-height-default elementor-section-height-default\" data-id=\"50490bc\" data-element_type=\"section\" data-e-type=\"section\">\n\t\t\t\t\t\t<div class=\"elementor-container elementor-column-gap-default\">\n\t\t\t\t\t<div class=\"elementor-column elementor-col-100 elementor-top-column elementor-element elementor-element-82119b5\" data-id=\"82119b5\" data-element_type=\"column\" data-e-type=\"column\">\n\t\t\t<div class=\"elementor-widget-wrap elementor-element-populated\">\n\t\t\t\t\t\t<div class=\"elementor-element elementor-element-467d040 elementor-widget elementor-widget-heading\" data-id=\"467d040\" data-element_type=\"widget\" data-e-type=\"widget\" data-widget_type=\"heading.default\">\n\t\t\t\t<div class=\"elementor-widget-container\">\n\t\t\t\t\t<h2 class=\"elementor-heading-title elementor-size-default\">NORMS (2021)<\/h2>\t\t\t\t<\/div>\n\t\t\t\t<\/div>\n\t\t\t\t<div class=\"elementor-element elementor-element-8b11d82 elementor-widget elementor-widget-video\" data-id=\"8b11d82\" data-element_type=\"widget\" data-e-type=\"widget\" data-settings=\"{&quot;video_type&quot;:&quot;vimeo&quot;}\" data-widget_type=\"video.default\">\n\t\t\t\t<div class=\"elementor-widget-container\">\n\t\t\t\t\t\t\t<div class=\"elementor-wrapper elementor-open-inline\">\n\t\t\t<iframe class=\"elementor-video-iframe\" allowfullscreen allow=\"clipboard-write\" title=\"vimeo Video Player\" src=\"https:\/\/player.vimeo.com\/video\/800488965?color&amp;autopause=0&amp;loop=0&amp;muted=0&amp;title=0&amp;portrait=0&amp;byline=0&amp;h=d60598e2a5#t=\"><\/iframe>\t\t<\/div>\n\t\t\t\t\t\t<\/div>\n\t\t\t\t<\/div>\n\t\t\t\t<div class=\"elementor-element elementor-element-38598df elementor-widget elementor-widget-text-editor\" data-id=\"38598df\" data-element_type=\"widget\" data-e-type=\"widget\" data-widget_type=\"text-editor.default\">\n\t\t\t\t<div class=\"elementor-widget-container\">\n\t\t\t\t\t\t\t\t\t<p style=\"text-align: center;\">WEB SERIES<\/p>\t\t\t\t\t\t\t\t<\/div>\n\t\t\t\t<\/div>\n\t\t\t\t<div class=\"elementor-element elementor-element-550b232 elementor-widget elementor-widget-text-editor\" data-id=\"550b232\" data-element_type=\"widget\" data-e-type=\"widget\" data-widget_type=\"text-editor.default\">\n\t\t\t\t<div class=\"elementor-widget-container\">\n\t\t\t\t\t\t\t\t\t<p style=\"text-align: center;\"><strong>Norms<\/strong>\u00a0follows self-destructive and impulsive Sara who runs away from her life in Reykjavik when her lies finally catch up to her<\/p>\t\t\t\t\t\t\t\t<\/div>\n\t\t\t\t<\/div>\n\t\t\t\t<div class=\"elementor-element elementor-element-d3f295c elementor-widget elementor-widget-text-editor\" data-id=\"d3f295c\" data-element_type=\"widget\" data-e-type=\"widget\" data-widget_type=\"text-editor.default\">\n\t\t\t\t<div class=\"elementor-widget-container\">\n\t\t\t\t\t\t\t\t\t<p style=\"text-align: center;\"><a href=\"https:\/\/www.youtube.com\/c\/Normswebseries\" target=\"_blank\" rel=\"noreferrer noopener\" data-type=\"URL\" data-id=\"https:\/\/www.youtube.com\/c\/Normswebseries\">Horf\u00f0u \u00e1 YouTube<\/a><\/p>\t\t\t\t\t\t\t\t<\/div>\n\t\t\t\t<\/div>\n\t\t\t\t<div class=\"elementor-element elementor-element-d647968 elementor-widget elementor-widget-text-editor\" data-id=\"d647968\" data-element_type=\"widget\" data-e-type=\"widget\" data-widget_type=\"text-editor.default\">\n\t\t\t\t<div class=\"elementor-widget-container\">\n\t\t\t\t\t\t\t\t\t<p style=\"text-align: center;\"><strong><a href=\"https:\/\/lostshoecollective.com\/is\/norms\/\" data-type=\"page\" data-id=\"5631\">L\u00e6ra meira<\/a><\/strong><\/p>\t\t\t\t\t\t\t\t<\/div>\n\t\t\t\t<\/div>\n\t\t\t\t\t<\/div>\n\t\t<\/div>\n\t\t\t\t\t<\/div>\n\t\t<\/section>\n\t\t\t\t<section class=\"elementor-section elementor-top-section elementor-element elementor-element-c0e382f elementor-section-boxed elementor-section-height-default elementor-section-height-default\" data-id=\"c0e382f\" data-element_type=\"section\" data-e-type=\"section\">\n\t\t\t\t\t\t<div class=\"elementor-container elementor-column-gap-default\">\n\t\t\t\t\t<div class=\"elementor-column elementor-col-100 elementor-top-column elementor-element elementor-element-dec6ce5\" data-id=\"dec6ce5\" data-element_type=\"column\" data-e-type=\"column\">\n\t\t\t<div class=\"elementor-widget-wrap elementor-element-populated\">\n\t\t\t\t\t\t<div class=\"elementor-element elementor-element-ef4bc86 elementor-widget-divider--view-line elementor-widget elementor-widget-divider\" data-id=\"ef4bc86\" data-element_type=\"widget\" data-e-type=\"widget\" data-widget_type=\"divider.default\">\n\t\t\t\t<div class=\"elementor-widget-container\">\n\t\t\t\t\t\t\t<div class=\"elementor-divider\">\n\t\t\t<span class=\"elementor-divider-separator\">\n\t\t\t\t\t\t<\/span>\n\t\t<\/div>\n\t\t\t\t\t\t<\/div>\n\t\t\t\t<\/div>\n\t\t\t\t\t<\/div>\n\t\t<\/div>\n\t\t\t\t\t<\/div>\n\t\t<\/section>\n\t\t\t\t<section class=\"elementor-section elementor-top-section elementor-element elementor-element-72de584 elementor-section-boxed elementor-section-height-default elementor-section-height-default\" data-id=\"72de584\" data-element_type=\"section\" data-e-type=\"section\">\n\t\t\t\t\t\t<div class=\"elementor-container elementor-column-gap-default\">\n\t\t\t\t\t<div class=\"elementor-column elementor-col-100 elementor-top-column elementor-element elementor-element-5b3c2ce\" data-id=\"5b3c2ce\" data-element_type=\"column\" data-e-type=\"column\">\n\t\t\t<div class=\"elementor-widget-wrap elementor-element-populated\">\n\t\t\t\t\t\t<div class=\"elementor-element elementor-element-44eb752 elementor-widget elementor-widget-heading\" data-id=\"44eb752\" data-element_type=\"widget\" data-e-type=\"widget\" data-widget_type=\"heading.default\">\n\t\t\t\t<div class=\"elementor-widget-container\">\n\t\t\t\t\t<h2 class=\"elementor-heading-title elementor-size-default\">MATCHES (2019)<\/h2>\t\t\t\t<\/div>\n\t\t\t\t<\/div>\n\t\t\t\t\t<\/div>\n\t\t<\/div>\n\t\t\t\t\t<\/div>\n\t\t<\/section>\n\t\t\t\t<section class=\"elementor-section elementor-top-section elementor-element elementor-element-508108f elementor-section-boxed elementor-section-height-default elementor-section-height-default\" data-id=\"508108f\" data-element_type=\"section\" data-e-type=\"section\">\n\t\t\t\t\t\t<div class=\"elementor-container elementor-column-gap-default\">\n\t\t\t\t\t<div class=\"elementor-column elementor-col-100 elementor-top-column elementor-element elementor-element-1238c69\" data-id=\"1238c69\" data-element_type=\"column\" data-e-type=\"column\">\n\t\t\t<div class=\"elementor-widget-wrap elementor-element-populated\">\n\t\t\t\t\t\t<div class=\"elementor-element elementor-element-2591d65 elementor-widget elementor-widget-video\" data-id=\"2591d65\" data-element_type=\"widget\" data-e-type=\"widget\" data-settings=\"{&quot;video_type&quot;:&quot;vimeo&quot;}\" data-widget_type=\"video.default\">\n\t\t\t\t<div class=\"elementor-widget-container\">\n\t\t\t\t\t\t\t<div class=\"elementor-wrapper elementor-open-inline\">\n\t\t\t<iframe class=\"elementor-video-iframe\" allowfullscreen allow=\"clipboard-write\" title=\"vimeo Video Player\" src=\"https:\/\/player.vimeo.com\/video\/800488925?color&amp;autopause=0&amp;loop=0&amp;muted=0&amp;title=0&amp;portrait=0&amp;byline=0&amp;h=5434e8dd63#t=\"><\/iframe>\t\t<\/div>\n\t\t\t\t\t\t<\/div>\n\t\t\t\t<\/div>\n\t\t\t\t<div class=\"elementor-element elementor-element-9fa540d elementor-widget elementor-widget-text-editor\" data-id=\"9fa540d\" data-element_type=\"widget\" data-e-type=\"widget\" data-widget_type=\"text-editor.default\">\n\t\t\t\t<div class=\"elementor-widget-container\">\n\t\t\t\t\t\t\t\t\t<p>SHORT FILM<\/p>\t\t\t\t\t\t\t\t<\/div>\n\t\t\t\t<\/div>\n\t\t\t\t<div class=\"elementor-element elementor-element-3dee986 elementor-widget elementor-widget-text-editor\" data-id=\"3dee986\" data-element_type=\"widget\" data-e-type=\"widget\" data-widget_type=\"text-editor.default\">\n\t\t\t\t<div class=\"elementor-widget-container\">\n\t\t\t\t\t\t\t\t\t<p style=\"text-align: center;\">A young man struggling with his addiction escapes reality and the struggle of his past<\/p>\t\t\t\t\t\t\t\t<\/div>\n\t\t\t\t<\/div>\n\t\t\t\t<div class=\"elementor-element elementor-element-d4eb55d elementor-widget elementor-widget-text-editor\" data-id=\"d4eb55d\" data-element_type=\"widget\" data-e-type=\"widget\" data-widget_type=\"text-editor.default\">\n\t\t\t\t<div class=\"elementor-widget-container\">\n\t\t\t\t\t\t\t\t\t<p style=\"text-align: center;\"><strong><a href=\"https:\/\/lostshoecollective.com\/is\/matches\/\" data-type=\"page\" data-id=\"5556\">L\u00e6ra meira<\/a><\/strong><\/p>\t\t\t\t\t\t\t\t<\/div>\n\t\t\t\t<\/div>\n\t\t\t\t<div class=\"elementor-element elementor-element-e988ff9 elementor-widget-divider--view-line elementor-widget elementor-widget-divider\" data-id=\"e988ff9\" data-element_type=\"widget\" data-e-type=\"widget\" data-widget_type=\"divider.default\">\n\t\t\t\t<div class=\"elementor-widget-container\">\n\t\t\t\t\t\t\t<div class=\"elementor-divider\">\n\t\t\t<span class=\"elementor-divider-separator\">\n\t\t\t\t\t\t<\/span>\n\t\t<\/div>\n\t\t\t\t\t\t<\/div>\n\t\t\t\t<\/div>\n\t\t\t\t\t<\/div>\n\t\t<\/div>\n\t\t\t\t\t<\/div>\n\t\t<\/section>\n\t\t\t\t<section class=\"elementor-section elementor-top-section elementor-element elementor-element-477c324 elementor-section-boxed elementor-section-height-default elementor-section-height-default\" data-id=\"477c324\" data-element_type=\"section\" data-e-type=\"section\">\n\t\t\t\t\t\t<div class=\"elementor-container elementor-column-gap-default\">\n\t\t\t\t\t<div class=\"elementor-column elementor-col-100 elementor-top-column elementor-element elementor-element-91b9b9b\" data-id=\"91b9b9b\" data-element_type=\"column\" data-e-type=\"column\">\n\t\t\t<div class=\"elementor-widget-wrap elementor-element-populated\">\n\t\t\t\t\t\t<div class=\"elementor-element elementor-element-0cf70b7 elementor-widget elementor-widget-heading\" data-id=\"0cf70b7\" data-element_type=\"widget\" data-e-type=\"widget\" data-widget_type=\"heading.default\">\n\t\t\t\t<div class=\"elementor-widget-container\">\n\t\t\t\t\t<h2 class=\"elementor-heading-title elementor-size-default\">ARTIST RUN (2018)<\/h2>\t\t\t\t<\/div>\n\t\t\t\t<\/div>\n\t\t\t\t<div class=\"elementor-element elementor-element-d021075 elementor-widget elementor-widget-video\" data-id=\"d021075\" data-element_type=\"widget\" data-e-type=\"widget\" data-settings=\"{&quot;video_type&quot;:&quot;vimeo&quot;}\" data-widget_type=\"video.default\">\n\t\t\t\t<div class=\"elementor-widget-container\">\n\t\t\t\t\t\t\t<div class=\"elementor-wrapper elementor-open-inline\">\n\t\t\t<iframe class=\"elementor-video-iframe\" allowfullscreen allow=\"clipboard-write\" title=\"vimeo Video Player\" src=\"https:\/\/player.vimeo.com\/video\/800488880?color&amp;autopause=0&amp;loop=0&amp;muted=0&amp;title=0&amp;portrait=0&amp;byline=0&amp;h=d3c0481119#t=\"><\/iframe>\t\t<\/div>\n\t\t\t\t\t\t<\/div>\n\t\t\t\t<\/div>\n\t\t\t\t<div class=\"elementor-element elementor-element-c06f1dd elementor-widget elementor-widget-text-editor\" data-id=\"c06f1dd\" data-element_type=\"widget\" data-e-type=\"widget\" data-widget_type=\"text-editor.default\">\n\t\t\t\t<div class=\"elementor-widget-container\">\n\t\t\t\t\t\t\t\t\t<p style=\"text-align: center;\">DOCUMENTARY<\/p>\t\t\t\t\t\t\t\t<\/div>\n\t\t\t\t<\/div>\n\t\t\t\t<div class=\"elementor-element elementor-element-ce5b4be elementor-widget elementor-widget-text-editor\" data-id=\"ce5b4be\" data-element_type=\"widget\" data-e-type=\"widget\" data-widget_type=\"text-editor.default\">\n\t\t\t\t<div class=\"elementor-widget-container\">\n\t\t\t\t\t\t\t\t\t<p style=\"text-align: center;\"><strong>Artist Run<\/strong>&nbsp;asks how independent artists and artist run spaces in Berlin, Germany, and Reykjavik, Iceland, survive the rapid gentrification of both cities<\/p>\t\t\t\t\t\t\t\t<\/div>\n\t\t\t\t<\/div>\n\t\t\t\t<div class=\"elementor-element elementor-element-146679c elementor-widget elementor-widget-text-editor\" data-id=\"146679c\" data-element_type=\"widget\" data-e-type=\"widget\" data-widget_type=\"text-editor.default\">\n\t\t\t\t<div class=\"elementor-widget-container\">\n\t\t\t\t\t\t\t\t\t<p style=\"text-align: center;\"><strong><a href=\"https:\/\/lostshoecollective.com\/is\/artist-run\/\" data-type=\"page\" data-id=\"4365\">L\u00e6ra meira<\/a><\/strong><\/p>\t\t\t\t\t\t\t\t<\/div>\n\t\t\t\t<\/div>\n\t\t\t\t\t<\/div>\n\t\t<\/div>\n\t\t\t\t\t<\/div>\n\t\t<\/section>\n\t\t\t\t<\/div>","protected":false},"excerpt":{"rendered":"<p>NORMS (2021) WEB SERIES Norms\u00a0follows self-destructive and impulsive Sara who runs away from her life in Reykjavik when her lies finally catch up to her Watch on YouTube Learn More MATCHES (2019) SHORT FILM A young man struggling with his addiction escapes reality and the struggle of his past Learn More ARTIST RUN (2018) DOCUMENTARY<a class=\"more-link\" href=\"https:\/\/lostshoecollective.com\/is\/independent-projects\/\">Continue reading <span class=\"screen-reader-text\">&#8220;Independent Projects&#8221;<\/span><\/a><\/p>","protected":false},"author":161824182,"featured_media":0,"parent":0,"menu_order":0,"comment_status":"closed","ping_status":"closed","template":"","meta":{"_crdt_document":"","advanced_seo_description":"","jetpack_seo_html_title":"","jetpack_seo_noindex":false,"footnotes":""},"class_list":["post-186","page","type-page","status-publish","hentry","entry"],"jetpack_likes_enabled":true,"jetpack_sharing_enabled":true,"jetpack_shortlink":"https:\/\/wp.me\/Pe1weW-30","jetpack-related-posts":[{"id":1550,"url":"https:\/\/lostshoecollective.com\/is\/team\/","url_meta":{"origin":186,"position":0},"title":"Me\u00f0limir","author":"Lost Shoe Collective Collective","date":"september 24, 2022","format":false,"excerpt":"THE COLLECTIVE MEMBERS Fatou N'dure Tinna Bj\u00f6rk Helgad\u00f3ttir Marta Sveinbj\u00f6rnsd\u00f3ttir Ragnar Ingi Magn\u00fasson Hafsteinn \u00d3lafsson Jerem\u00edas Caro Rom\u00e1n J\u00fal\u00eda Margr\u00e9t Einarsd\u00f3ttir S\u00f3lveig Johnsen Fendina M\u00fcller Sunna Halld\u00f3rud\u00f3ttir","rel":"","context":"Similar post","block_context":{"text":"Similar post","link":""},"img":{"alt_text":"","src":"https:\/\/i0.wp.com\/lostshoecollective.com\/wp-content\/uploads\/2022\/09\/d47fe084-ffb8-4283-9d0d-da6354df1337-150x150.png?resize=350%2C200&ssl=1","width":350,"height":200},"classes":[]},{"id":5556,"url":"https:\/\/lostshoecollective.com\/is\/matches\/","url_meta":{"origin":186,"position":1},"title":"Matches","author":"Lost Shoe Collective Collective","date":"september 26, 2022","format":false,"excerpt":"MATCHES A young man struggling with his addiction escapes reality and the struggle of his past. Inspired by\u00a0The Little Match Girl, a short story by H.C. Andersen. Elements from the story are explored through the visions of the main protagonist where in conjunction with his real life we see him\u2026","rel":"","context":"Similar post","block_context":{"text":"Similar post","link":""},"img":{"alt_text":"","src":"","width":0,"height":0},"classes":[]},{"id":3727,"url":"https:\/\/lostshoecollective.com\/is\/services\/","url_meta":{"origin":186,"position":2},"title":"\u00dej\u00f3nusta","author":"Lost Shoe Collective Collective","date":"september 28, 2022","format":false,"excerpt":"SERVICES We are proud to offer a variety of film production services to help you realise your video. From pre-production, on-set to post-production \u2013 please click the service you are interested in to find out more! \u00a0 Educational & Promotional Videos Need an promotional video for your business, project or\u2026","rel":"","context":"Similar post","block_context":{"text":"Similar post","link":""},"img":{"alt_text":"","src":"https:\/\/i0.wp.com\/lostshoecollective.com\/wp-content\/uploads\/2022\/09\/Untitled-design-4-300x300.jpg?resize=350%2C200&ssl=1","width":350,"height":200},"classes":[]},{"id":157,"url":"https:\/\/lostshoecollective.com\/is\/about-us-2\/","url_meta":{"origin":186,"position":3},"title":"Um okkur","author":"Lost Shoe Collective Collective","date":"j\u00fan\u00ed 9, 2022","format":false,"excerpt":"LOST SHOE COLLECTIVE The Lost Shoe Collective is a passionate group of independent filmmakers based in Reykjavik, Berlin and Barcelona. We're a young, dynamic team with years of experience and education to back up our talent. WHAT SETS US APART? With the Lost Shoe Collective, you are first and foremost\u2026","rel":"","context":"Similar post","block_context":{"text":"Similar post","link":""},"img":{"alt_text":"","src":"https:\/\/i0.wp.com\/lostshoecollective.com\/wp-content\/uploads\/2022\/09\/20190904_202107-1024x768.jpg?resize=350%2C200&ssl=1","width":350,"height":200,"srcset":"https:\/\/i0.wp.com\/lostshoecollective.com\/wp-content\/uploads\/2022\/09\/20190904_202107-1024x768.jpg?resize=350%2C200&ssl=1 1x, https:\/\/i0.wp.com\/lostshoecollective.com\/wp-content\/uploads\/2022\/09\/20190904_202107-1024x768.jpg?resize=525%2C300&ssl=1 1.5x, https:\/\/i0.wp.com\/lostshoecollective.com\/wp-content\/uploads\/2022\/09\/20190904_202107-1024x768.jpg?resize=700%2C400&ssl=1 2x"},"classes":[]},{"id":183,"url":"https:\/\/lostshoecollective.com\/is\/visual-sound-editing\/","url_meta":{"origin":186,"position":4},"title":"Hlj\u00f3\u00f0 &amp; myndvinnsla","author":"Lost Shoe Collective Collective","date":"j\u00fan\u00ed 9, 2022","format":false,"excerpt":"VISUAL & SOUND EDITING Our talented visual and sound editors will work on assignment to finalise your project. They are happy to work on films or podcasts of any length to your brief. After effects or animation? No problem! Get in touch for a quote. FLAT HOURLY RATE We offer\u2026","rel":"","context":"Similar post","block_context":{"text":"Similar post","link":""},"img":{"alt_text":"","src":"","width":0,"height":0},"classes":[]},{"id":182,"url":"https:\/\/lostshoecollective.com\/is\/short-films\/","url_meta":{"origin":186,"position":5},"title":"Stuttmyndir","author":"Lost Shoe Collective Collective","date":"j\u00fan\u00ed 9, 2022","format":false,"excerpt":"SHORTS & MUSIC VIDEOS Hire our whole team, or the individual crew members you need to fulfill your vision. Experienced and creative, we have plenty of on-set credits as well as top-notch visual and sound editors. Contact us to discuss your needs! SPECIALITIES Bring your idea, your story, your song,\u2026","rel":"","context":"Similar post","block_context":{"text":"Similar post","link":""},"img":{"alt_text":"","src":"https:\/\/i0.wp.com\/lostshoecollective.com\/wp-content\/uploads\/2022\/08\/Untitled-design-6-300x300.jpg?resize=350%2C200&ssl=1","width":350,"height":200},"classes":[]}],"_links":{"self":[{"href":"https:\/\/lostshoecollective.com\/is\/wp-json\/wp\/v2\/pages\/186","targetHints":{"allow":["GET"]}}],"collection":[{"href":"https:\/\/lostshoecollective.com\/is\/wp-json\/wp\/v2\/pages"}],"about":[{"href":"https:\/\/lostshoecollective.com\/is\/wp-json\/wp\/v2\/types\/page"}],"author":[{"embeddable":true,"href":"https:\/\/lostshoecollective.com\/is\/wp-json\/wp\/v2\/users\/161824182"}],"replies":[{"embeddable":true,"href":"https:\/\/lostshoecollective.com\/is\/wp-json\/wp\/v2\/comments?post=186"}],"version-history":[{"count":74,"href":"https:\/\/lostshoecollective.com\/is\/wp-json\/wp\/v2\/pages\/186\/revisions"}],"predecessor-version":[{"id":14996,"href":"https:\/\/lostshoecollective.com\/is\/wp-json\/wp\/v2\/pages\/186\/revisions\/14996"}],"wp:attachment":[{"href":"https:\/\/lostshoecollective.com\/is\/wp-json\/wp\/v2\/media?parent=186"}],"curies":[{"name":"wp","href":"https:\/\/api.w.org\/{rel}","templated":true}]}}