{"id":14376,"date":"2023-08-21T13:27:43","date_gmt":"2023-08-21T13:27:43","guid":{"rendered":"https:\/\/lostshoecollective.com\/?page_id=14376"},"modified":"2023-08-22T17:11:51","modified_gmt":"2023-08-22T17:11:51","slug":"contact-us","status":"publish","type":"page","link":"https:\/\/lostshoecollective.com\/is\/contact-us\/","title":{"rendered":"Haf\u00f0u samband vi\u00f0 okkur"},"content":{"rendered":"\t\t<div data-elementor-type=\"wp-page\" data-elementor-id=\"14376\" class=\"elementor elementor-14376\" data-elementor-post-type=\"page\">\n\t\t\t\t<div class=\"elementor-element elementor-element-576e047 e-flex e-con-boxed e-con e-parent\" data-id=\"576e047\" data-element_type=\"container\" data-e-type=\"container\">\n\t\t\t\t\t<div class=\"e-con-inner\">\n\t\t\t\t<div class=\"elementor-element elementor-element-10f66b3 elementor-widget elementor-widget-spacer\" data-id=\"10f66b3\" data-element_type=\"widget\" data-e-type=\"widget\" data-widget_type=\"spacer.default\">\n\t\t\t\t<div class=\"elementor-widget-container\">\n\t\t\t\t\t\t\t<div class=\"elementor-spacer\">\n\t\t\t<div class=\"elementor-spacer-inner\"><\/div>\n\t\t<\/div>\n\t\t\t\t\t\t<\/div>\n\t\t\t\t<\/div>\n\t\t\t\t<div class=\"elementor-element elementor-element-3001e8b elementor-widget elementor-widget-text-editor\" data-id=\"3001e8b\" data-element_type=\"widget\" data-e-type=\"widget\" data-widget_type=\"text-editor.default\">\n\t\t\t\t<div class=\"elementor-widget-container\">\n\t\t\t\t\t\t\t\t\t<p style=\"text-align: center;\"><strong>Would you like to work with us? You can contact us via e-mail at <a href=\"mailto:info@lostshoecollective.com\">info@lostshoecollective.com<\/a> or leave a message right here:<\/strong><\/p>\t\t\t\t\t\t\t\t<\/div>\n\t\t\t\t<\/div>\n\t\t\t\t<div class=\"elementor-element elementor-element-efb0173 elementor-widget elementor-widget-spacer\" data-id=\"efb0173\" data-element_type=\"widget\" data-e-type=\"widget\" data-widget_type=\"spacer.default\">\n\t\t\t\t<div class=\"elementor-widget-container\">\n\t\t\t\t\t\t\t<div class=\"elementor-spacer\">\n\t\t\t<div class=\"elementor-spacer-inner\"><\/div>\n\t\t<\/div>\n\t\t\t\t\t\t<\/div>\n\t\t\t\t<\/div>\n\t\t\t\t\t<\/div>\n\t\t\t\t<\/div>\n\t\t<div class=\"elementor-element elementor-element-a239a74 e-flex e-con-boxed e-con e-parent\" data-id=\"a239a74\" data-element_type=\"container\" data-e-type=\"container\">\n\t\t\t\t\t<div class=\"e-con-inner\">\n\t\t\t\t<div class=\"elementor-element elementor-element-14377 elementor-button-align-stretch elementor-widget elementor-widget-global elementor-global-14377 elementor-widget-form\" data-id=\"14377\" data-element_type=\"widget\" data-e-type=\"widget\" data-settings=\"{&quot;step_next_label&quot;:&quot;Next&quot;,&quot;step_previous_label&quot;:&quot;Previous&quot;,&quot;button_width&quot;:&quot;100&quot;,&quot;step_type&quot;:&quot;number_text&quot;,&quot;step_icon_shape&quot;:&quot;circle&quot;}\" data-widget_type=\"form.default\">\n\t\t\t\t<div class=\"elementor-widget-container\">\n\t\t\t\t\t\t\t<form class=\"elementor-form\" method=\"post\" name=\"Promotional Films &amp; Commercials Contact Form\">\n\t\t\t<input type=\"hidden\" name=\"post_id\" value=\"14376\"\/>\n\t\t\t<input type=\"hidden\" name=\"form_id\" value=\"14377\"\/>\n\t\t\t<input type=\"hidden\" name=\"referer_title\" value=\"\" \/>\n\n\t\t\t\n\t\t\t<div class=\"elementor-form-fields-wrapper elementor-labels-above\">\n\t\t\t\t\t\t\t\t<div class=\"elementor-field-type-text elementor-field-group elementor-column elementor-field-group-name elementor-col-100\">\n\t\t\t\t\t\t\t\t\t\t\t\t<label for=\"form-field-name\" class=\"elementor-field-label\">\n\t\t\t\t\t\t\t\tName\t\t\t\t\t\t\t<\/label>\n\t\t\t\t\t\t\t\t\t\t\t\t\t\t<input size=\"1\" type=\"text\" name=\"form_fields[name]\" id=\"form-field-name\" class=\"elementor-field elementor-size-sm  elementor-field-textual\" placeholder=\"Name\">\n\t\t\t\t\t\t\t\t\t\t\t<\/div>\n\t\t\t\t\t\t\t\t<div class=\"elementor-field-type-email elementor-field-group elementor-column elementor-field-group-email elementor-col-100 elementor-field-required\">\n\t\t\t\t\t\t\t\t\t\t\t\t<label for=\"form-field-email\" class=\"elementor-field-label\">\n\t\t\t\t\t\t\t\tEmail\t\t\t\t\t\t\t<\/label>\n\t\t\t\t\t\t\t\t\t\t\t\t\t\t<input size=\"1\" type=\"email\" name=\"form_fields[email]\" id=\"form-field-email\" class=\"elementor-field elementor-size-sm  elementor-field-textual\" placeholder=\"Email\" required=\"required\">\n\t\t\t\t\t\t\t\t\t\t\t<\/div>\n\t\t\t\t\t\t\t\t<div class=\"elementor-field-type-textarea elementor-field-group elementor-column elementor-field-group-message elementor-col-100\">\n\t\t\t\t\t\t\t\t\t\t\t\t<label for=\"form-field-message\" class=\"elementor-field-label\">\n\t\t\t\t\t\t\t\tMessage\t\t\t\t\t\t\t<\/label>\n\t\t\t\t\t\t<textarea class=\"elementor-field-textual elementor-field  elementor-size-sm\" name=\"form_fields[message]\" id=\"form-field-message\" rows=\"4\" placeholder=\"Message\"><\/textarea>\t\t\t\t<\/div>\n\t\t\t\t\t\t\t\t<div class=\"elementor-field-group elementor-column elementor-field-type-submit elementor-col-100 e-form__buttons\">\n\t\t\t\t\t<button class=\"elementor-button elementor-size-md\" type=\"submit\">\n\t\t\t\t\t\t<span class=\"elementor-button-content-wrapper\">\n\t\t\t\t\t\t\t\t\t\t\t\t\t\t\t\t\t\t\t\t\t\t<span class=\"elementor-button-text\">Send<\/span>\n\t\t\t\t\t\t\t\t\t\t\t\t\t<\/span>\n\t\t\t\t\t<\/button>\n\t\t\t\t<\/div>\n\t\t\t<\/div>\n\t\t<\/form>\n\t\t\t\t\t\t<\/div>\n\t\t\t\t<\/div>\n\t\t\t\t\t<\/div>\n\t\t\t\t<\/div>\n\t\t\t\t<\/div>\n\t\t","protected":false},"excerpt":{"rendered":"<p>Would you like to work with us? You can contact us via e-mail at info@lostshoecollective.com or leave a message right here:<\/p>","protected":false},"author":161824182,"featured_media":0,"parent":0,"menu_order":0,"comment_status":"closed","ping_status":"closed","template":"","meta":{"_crdt_document":"","advanced_seo_description":"","jetpack_seo_html_title":"","jetpack_seo_noindex":false,"footnotes":""},"class_list":["post-14376","page","type-page","status-publish","hentry","entry"],"jetpack_likes_enabled":true,"jetpack_sharing_enabled":true,"jetpack_shortlink":"https:\/\/wp.me\/Pe1weW-3JS","jetpack-related-posts":[{"id":1550,"url":"https:\/\/lostshoecollective.com\/is\/team\/","url_meta":{"origin":14376,"position":0},"title":"Me\u00f0limir","author":"Lost Shoe Collective Collective","date":"september 24, 2022","format":false,"excerpt":"THE COLLECTIVE MEMBERS Fatou N'dure Tinna Bj\u00f6rk Helgad\u00f3ttir Marta Sveinbj\u00f6rnsd\u00f3ttir Ragnar Ingi Magn\u00fasson Hafsteinn \u00d3lafsson Jerem\u00edas Caro Rom\u00e1n J\u00fal\u00eda Margr\u00e9t Einarsd\u00f3ttir S\u00f3lveig Johnsen Fendina M\u00fcller Sunna Halld\u00f3rud\u00f3ttir","rel":"","context":"Similar post","block_context":{"text":"Similar post","link":""},"img":{"alt_text":"","src":"https:\/\/i0.wp.com\/lostshoecollective.com\/wp-content\/uploads\/2022\/09\/d47fe084-ffb8-4283-9d0d-da6354df1337-150x150.png?resize=350%2C200&ssl=1","width":350,"height":200},"classes":[]},{"id":5556,"url":"https:\/\/lostshoecollective.com\/is\/matches\/","url_meta":{"origin":14376,"position":1},"title":"Matches","author":"Lost Shoe Collective Collective","date":"september 26, 2022","format":false,"excerpt":"MATCHES A young man struggling with his addiction escapes reality and the struggle of his past. Inspired by\u00a0The Little Match Girl, a short story by H.C. Andersen. Elements from the story are explored through the visions of the main protagonist where in conjunction with his real life we see him\u2026","rel":"","context":"Similar post","block_context":{"text":"Similar post","link":""},"img":{"alt_text":"","src":"","width":0,"height":0},"classes":[]},{"id":3727,"url":"https:\/\/lostshoecollective.com\/is\/services\/","url_meta":{"origin":14376,"position":2},"title":"\u00dej\u00f3nusta","author":"Lost Shoe Collective Collective","date":"september 28, 2022","format":false,"excerpt":"SERVICES We are proud to offer a variety of film production services to help you realise your video. From pre-production, on-set to post-production \u2013 please click the service you are interested in to find out more! \u00a0 Educational & Promotional Videos Need an promotional video for your business, project or\u2026","rel":"","context":"Similar post","block_context":{"text":"Similar post","link":""},"img":{"alt_text":"","src":"https:\/\/i0.wp.com\/lostshoecollective.com\/wp-content\/uploads\/2022\/09\/Untitled-design-4-300x300.jpg?resize=350%2C200&ssl=1","width":350,"height":200},"classes":[]},{"id":157,"url":"https:\/\/lostshoecollective.com\/is\/about-us-2\/","url_meta":{"origin":14376,"position":3},"title":"Um okkur","author":"Lost Shoe Collective Collective","date":"j\u00fan\u00ed 9, 2022","format":false,"excerpt":"LOST SHOE COLLECTIVE The Lost Shoe Collective is a passionate group of independent filmmakers based in Reykjavik, Berlin and Barcelona. We're a young, dynamic team with years of experience and education to back up our talent. WHAT SETS US APART? With the Lost Shoe Collective, you are first and foremost\u2026","rel":"","context":"Similar post","block_context":{"text":"Similar post","link":""},"img":{"alt_text":"","src":"https:\/\/i0.wp.com\/lostshoecollective.com\/wp-content\/uploads\/2022\/09\/20190904_202107-1024x768.jpg?resize=350%2C200&ssl=1","width":350,"height":200,"srcset":"https:\/\/i0.wp.com\/lostshoecollective.com\/wp-content\/uploads\/2022\/09\/20190904_202107-1024x768.jpg?resize=350%2C200&ssl=1 1x, https:\/\/i0.wp.com\/lostshoecollective.com\/wp-content\/uploads\/2022\/09\/20190904_202107-1024x768.jpg?resize=525%2C300&ssl=1 1.5x, https:\/\/i0.wp.com\/lostshoecollective.com\/wp-content\/uploads\/2022\/09\/20190904_202107-1024x768.jpg?resize=700%2C400&ssl=1 2x"},"classes":[]},{"id":183,"url":"https:\/\/lostshoecollective.com\/is\/visual-sound-editing\/","url_meta":{"origin":14376,"position":4},"title":"Hlj\u00f3\u00f0 &amp; myndvinnsla","author":"Lost Shoe Collective Collective","date":"j\u00fan\u00ed 9, 2022","format":false,"excerpt":"VISUAL & SOUND EDITING Our talented visual and sound editors will work on assignment to finalise your project. They are happy to work on films or podcasts of any length to your brief. After effects or animation? No problem! Get in touch for a quote. FLAT HOURLY RATE We offer\u2026","rel":"","context":"Similar post","block_context":{"text":"Similar post","link":""},"img":{"alt_text":"","src":"","width":0,"height":0},"classes":[]},{"id":182,"url":"https:\/\/lostshoecollective.com\/is\/short-films\/","url_meta":{"origin":14376,"position":5},"title":"Stuttmyndir","author":"Lost Shoe Collective Collective","date":"j\u00fan\u00ed 9, 2022","format":false,"excerpt":"SHORTS & MUSIC VIDEOS Hire our whole team, or the individual crew members you need to fulfill your vision. Experienced and creative, we have plenty of on-set credits as well as top-notch visual and sound editors. Contact us to discuss your needs! SPECIALITIES Bring your idea, your story, your song,\u2026","rel":"","context":"Similar post","block_context":{"text":"Similar post","link":""},"img":{"alt_text":"","src":"https:\/\/i0.wp.com\/lostshoecollective.com\/wp-content\/uploads\/2022\/08\/Untitled-design-6-300x300.jpg?resize=350%2C200&ssl=1","width":350,"height":200},"classes":[]}],"_links":{"self":[{"href":"https:\/\/lostshoecollective.com\/is\/wp-json\/wp\/v2\/pages\/14376","targetHints":{"allow":["GET"]}}],"collection":[{"href":"https:\/\/lostshoecollective.com\/is\/wp-json\/wp\/v2\/pages"}],"about":[{"href":"https:\/\/lostshoecollective.com\/is\/wp-json\/wp\/v2\/types\/page"}],"author":[{"embeddable":true,"href":"https:\/\/lostshoecollective.com\/is\/wp-json\/wp\/v2\/users\/161824182"}],"replies":[{"embeddable":true,"href":"https:\/\/lostshoecollective.com\/is\/wp-json\/wp\/v2\/comments?post=14376"}],"version-history":[{"count":19,"href":"https:\/\/lostshoecollective.com\/is\/wp-json\/wp\/v2\/pages\/14376\/revisions"}],"predecessor-version":[{"id":15079,"href":"https:\/\/lostshoecollective.com\/is\/wp-json\/wp\/v2\/pages\/14376\/revisions\/15079"}],"wp:attachment":[{"href":"https:\/\/lostshoecollective.com\/is\/wp-json\/wp\/v2\/media?parent=14376"}],"curies":[{"name":"wp","href":"https:\/\/api.w.org\/{rel}","templated":true}]}}