{"id":12683,"date":"2023-02-18T16:37:27","date_gmt":"2023-02-18T16:37:27","guid":{"rendered":"https:\/\/lostshoecollective.com\/?page_id=12683"},"modified":"2023-02-18T16:50:26","modified_gmt":"2023-02-18T16:50:26","slug":"global-citizen","status":"publish","type":"page","link":"https:\/\/lostshoecollective.com\/is\/global-citizen\/","title":{"rendered":"&#8220;Global citizen&#8221;"},"content":{"rendered":"<div data-elementor-type=\"wp-page\" data-elementor-id=\"12683\" class=\"elementor elementor-12683\" data-elementor-post-type=\"page\">\n\t\t\t\t\t\t<section class=\"elementor-section elementor-top-section elementor-element elementor-element-3aff5beb elementor-section-boxed elementor-section-height-default elementor-section-height-default\" data-id=\"3aff5beb\" data-element_type=\"section\" data-e-type=\"section\">\n\t\t\t\t\t\t<div class=\"elementor-container elementor-column-gap-default\">\n\t\t\t\t\t<div class=\"elementor-column elementor-col-100 elementor-top-column elementor-element elementor-element-62c05ced\" data-id=\"62c05ced\" data-element_type=\"column\" data-e-type=\"column\">\n\t\t\t<div class=\"elementor-widget-wrap elementor-element-populated\">\n\t\t\t\t\t\t<div class=\"elementor-element elementor-element-1a8e9f91 elementor-widget elementor-widget-text-editor\" data-id=\"1a8e9f91\" data-element_type=\"widget\" data-e-type=\"widget\" data-widget_type=\"text-editor.default\">\n\t\t\t\t<div class=\"elementor-widget-container\">\n\t\t\t\t\t\t\t\t\t<p><\/p><h2 class=\"has-text-align-center wp-block-heading\" style=\"text-align: center;\"><strong>&#8220;Global citizen&#8221;<\/strong><\/h2><div><strong>\u00a0<\/strong><\/div><p><\/p><p><\/p><figure class=\"wp-block-image size-large\"><img fetchpriority=\"high\" decoding=\"async\" data-attachment-id=\"12582\" data-permalink=\"https:\/\/lostshoecollective.com\/is\/ragnar\/raggi-i-gambiu\/\" data-orig-file=\"https:\/\/i0.wp.com\/lostshoecollective.com\/wp-content\/uploads\/2023\/02\/raggi-i-gambiu.webp?fit=365%2C365&amp;ssl=1\" data-orig-size=\"365,365\" data-comments-opened=\"1\" data-image-meta=\"{&quot;aperture&quot;:&quot;0&quot;,&quot;credit&quot;:&quot;&quot;,&quot;camera&quot;:&quot;&quot;,&quot;caption&quot;:&quot;&quot;,&quot;created_timestamp&quot;:&quot;0&quot;,&quot;copyright&quot;:&quot;&quot;,&quot;focal_length&quot;:&quot;0&quot;,&quot;iso&quot;:&quot;0&quot;,&quot;shutter_speed&quot;:&quot;0&quot;,&quot;title&quot;:&quot;&quot;,&quot;orientation&quot;:&quot;0&quot;}\" data-image-title=\"raggi-i-gambiu\" data-image-description=\"\" data-image-caption=\"\" data-medium-file=\"https:\/\/i0.wp.com\/lostshoecollective.com\/wp-content\/uploads\/2023\/02\/raggi-i-gambiu.webp?fit=300%2C300&amp;ssl=1\" data-large-file=\"https:\/\/i0.wp.com\/lostshoecollective.com\/wp-content\/uploads\/2023\/02\/raggi-i-gambiu.webp?fit=365%2C365&amp;ssl=1\" data-recalc-dims=\"1\" class=\"alignnone wp-image-12582 size-full\" src=\"https:\/\/i0.wp.com\/lostshoecollective.com\/wp-content\/uploads\/2023\/02\/raggi-i-gambiu.webp?resize=365%2C365&#038;ssl=1\" alt=\"\" width=\"365\" height=\"365\" srcset=\"https:\/\/i0.wp.com\/lostshoecollective.com\/wp-content\/uploads\/2023\/02\/raggi-i-gambiu.webp?w=365&amp;ssl=1 365w, https:\/\/i0.wp.com\/lostshoecollective.com\/wp-content\/uploads\/2023\/02\/raggi-i-gambiu.webp?resize=300%2C300&amp;ssl=1 300w, https:\/\/i0.wp.com\/lostshoecollective.com\/wp-content\/uploads\/2023\/02\/raggi-i-gambiu.webp?resize=150%2C150&amp;ssl=1 150w, https:\/\/i0.wp.com\/lostshoecollective.com\/wp-content\/uploads\/2023\/02\/raggi-i-gambiu.webp?resize=12%2C12&amp;ssl=1 12w, https:\/\/i0.wp.com\/lostshoecollective.com\/wp-content\/uploads\/2023\/02\/raggi-i-gambiu.webp?resize=200%2C200&amp;ssl=1 200w\" sizes=\"(max-width: 365px) 100vw, 365px\" \/><p>\u00a0<\/p><figcaption class=\"wp-element-caption\"><strong>\u00a0<\/strong><\/figcaption><figcaption class=\"wp-element-caption\"><div class=\"entry-content\"><p>I have been thinking about how I look at the world\u2026 and how through the years visual elements have shaped my view<\/p><p>In the beginning of 2016 I was lucky enough to get the opportunity to visit the smallest country in Africa, The Gambia. I say lucky because this was an amazing experience that broadened my world views and in a way, a life changing experience.<\/p><p><img decoding=\"async\" data-recalc-dims=\"1\" class=\"alignnone size-full wp-image-80\" src=\"https:\/\/ragnarmagnussonblog.files.wordpress.com\/2017\/02\/boats.jpg?w=750\" alt=\"Boats\" data-attachment-id=\"80\" data-permalink=\"https:\/\/ragnarmagnussonblog.wordpress.com\/2017\/02\/03\/global-citizen\/boats\/\" data-orig-file=\"https:\/\/ragnarmagnussonblog.files.wordpress.com\/2017\/02\/boats.jpg\" data-orig-size=\"960,720\" data-comments-opened=\"1\" data-image-meta=\"{&quot;aperture&quot;:&quot;0&quot;,&quot;credit&quot;:&quot;&quot;,&quot;camera&quot;:&quot;&quot;,&quot;caption&quot;:&quot;&quot;,&quot;created_timestamp&quot;:&quot;0&quot;,&quot;copyright&quot;:&quot;&quot;,&quot;focal_length&quot;:&quot;0&quot;,&quot;iso&quot;:&quot;0&quot;,&quot;shutter_speed&quot;:&quot;0&quot;,&quot;title&quot;:&quot;&quot;,&quot;orientation&quot;:&quot;0&quot;}\" data-image-title=\"Boats\" data-image-description=\"\" data-image-caption=\"\" data-medium-file=\"https:\/\/ragnarmagnussonblog.files.wordpress.com\/2017\/02\/boats.jpg?w=300\" data-large-file=\"https:\/\/ragnarmagnussonblog.files.wordpress.com\/2017\/02\/boats.jpg?w=748\" \/><img decoding=\"async\" data-recalc-dims=\"1\" class=\"alignnone size-full wp-image-81\" src=\"https:\/\/ragnarmagnussonblog.files.wordpress.com\/2017\/02\/gambia.jpg?w=750\" alt=\"Gambia\" data-attachment-id=\"81\" data-permalink=\"https:\/\/ragnarmagnussonblog.wordpress.com\/2017\/02\/03\/global-citizen\/gambia\/\" data-orig-file=\"https:\/\/ragnarmagnussonblog.files.wordpress.com\/2017\/02\/gambia.jpg\" data-orig-size=\"960,720\" data-comments-opened=\"1\" data-image-meta=\"{&quot;aperture&quot;:&quot;0&quot;,&quot;credit&quot;:&quot;&quot;,&quot;camera&quot;:&quot;&quot;,&quot;caption&quot;:&quot;&quot;,&quot;created_timestamp&quot;:&quot;0&quot;,&quot;copyright&quot;:&quot;&quot;,&quot;focal_length&quot;:&quot;0&quot;,&quot;iso&quot;:&quot;0&quot;,&quot;shutter_speed&quot;:&quot;0&quot;,&quot;title&quot;:&quot;&quot;,&quot;orientation&quot;:&quot;0&quot;}\" data-image-title=\"Gambia\" data-image-description=\"\" data-image-caption=\"\" data-medium-file=\"https:\/\/ragnarmagnussonblog.files.wordpress.com\/2017\/02\/gambia.jpg?w=300\" data-large-file=\"https:\/\/ragnarmagnussonblog.files.wordpress.com\/2017\/02\/gambia.jpg?w=748\" \/><\/p><p>I thought about a lot of things and one of them was how we can bring communities much closer together through visual documentation of different cultures and in the end support increased globalization.<\/p><p>I come from a rather isolated island in the north Atlantic Ocean called Iceland, the whole population is just over 300.000 people. Some sort of media has always been a big part of this little community from the first settlers to the modern day, Before the second world war we were one of the poorest countries in Europe and written media was very dominant the first radio broadcast was in 1930 and the National radio station was founded but through the war the British army occupied the country and they were followed by the Americans and with them they brought the television, this changed everything. The first television broadcast was in 1966 by the National radio station and it was the only station to broadcast television for a very long time, they recognised the power of visual stimulation and the original aim of the station was for educational purposes.<\/p><p>In the beginning, they didn\u2019t broadcast every day and took regular summer vacations and on the year I was born 1987 they started to broadcast all year, every day of the week.<\/p><p>The children\u2019s hour was every day at six in the evening, soon the station also started to broadcast children\u2019s cartoon and educational programs during weekend mornings, and I am going to go so far as to say that every child on a certain age was sitting in front of the television at that exact time watching that program probably to give tired parents that extra hour of sleep but it also gave us a unique perspective of the world because some of these programs were short documentaries about children in other countries, we got to know their culture, their families and friends and their daily lives, we got to visit them in their classrooms and during their routines and activities, all this through a screen in our living rooms, these documentaries were educational and allowed children on a small island in the north Atlantic ocean a peek into the lives of other children around the world.<\/p><p>\u00a0<\/p><div class=\"tiled-gallery type-rectangular\" data-original-width=\"748\" data-carousel-extra=\"{&quot;blog_id&quot;:123129325,&quot;permalink&quot;:&quot;https:\\\/\\\/ragnarmagnussonblog.wordpress.com\\\/2017\\\/02\\\/03\\\/global-citizen\\\/&quot;,&quot;likes_blog_id&quot;:123129325}\"><div class=\"gallery-row\" style=\"width: 748px; height: 359px;\" data-original-width=\"748\" data-original-height=\"359\"><div class=\"gallery-group images-1\" style=\"width: 270px; height: 359px;\" data-original-width=\"270\" data-original-height=\"359\"><div class=\"tiled-gallery-item tiled-gallery-item-large\"><a href=\"https:\/\/ragnarmagnussonblog.wordpress.com\/2017\/02\/03\/global-citizen\/musa-i-badi\/\"> <img decoding=\"async\" data-recalc-dims=\"1\" style=\"width: 266px; height: 355px;\" title=\"Musa \u00ed ba\u00f0i\" src=\"https:\/\/ragnarmagnussonblog.files.wordpress.com\/2017\/02\/musa-c3ad-bac3b0i.jpg?w=266&#038;h=355&#038;fit=266%2C355&#038;resize=266%2C355\" alt=\"Musa \u00ed ba\u00f0i\" width=\"266\" height=\"355\" data-attachment-id=\"82\" data-orig-file=\"https:\/\/ragnarmagnussonblog.files.wordpress.com\/2017\/02\/musa-c3ad-bac3b0i.jpg\" data-orig-size=\"720,960\" data-comments-opened=\"1\" data-image-meta=\"{&quot;aperture&quot;:&quot;0&quot;,&quot;credit&quot;:&quot;&quot;,&quot;camera&quot;:&quot;&quot;,&quot;caption&quot;:&quot;&quot;,&quot;created_timestamp&quot;:&quot;0&quot;,&quot;copyright&quot;:&quot;&quot;,&quot;focal_length&quot;:&quot;0&quot;,&quot;iso&quot;:&quot;0&quot;,&quot;shutter_speed&quot;:&quot;0&quot;,&quot;title&quot;:&quot;&quot;,&quot;orientation&quot;:&quot;0&quot;}\" data-image-title=\"Musa \u00ed ba\u00f0i\" data-image-description=\"\" data-medium-file=\"https:\/\/ragnarmagnussonblog.files.wordpress.com\/2017\/02\/musa-c3ad-bac3b0i.jpg?w=225\" data-large-file=\"https:\/\/ragnarmagnussonblog.files.wordpress.com\/2017\/02\/musa-c3ad-bac3b0i.jpg?w=720\" data-original-width=\"266\" data-original-height=\"355\" \/> <\/a><\/div><\/div><div class=\"gallery-group images-1\" style=\"width: 478px; height: 359px;\" data-original-width=\"478\" data-original-height=\"359\"><div class=\"tiled-gallery-item tiled-gallery-item-large\"><a href=\"https:\/\/ragnarmagnussonblog.wordpress.com\/2017\/02\/03\/global-citizen\/wassa-mariam-musa\/\"> <img decoding=\"async\" data-recalc-dims=\"1\" style=\"width: 474px; height: 355px;\" title=\"Wassa, Mariam, Musa\" src=\"https:\/\/ragnarmagnussonblog.files.wordpress.com\/2017\/02\/wassa-mariam-musa.jpg?w=474&#038;h=355&#038;fit=474%2C355&#038;resize=474%2C355\" alt=\"Wassa, Mariam, Musa\" width=\"474\" height=\"355\" data-attachment-id=\"84\" data-orig-file=\"https:\/\/ragnarmagnussonblog.files.wordpress.com\/2017\/02\/wassa-mariam-musa.jpg\" data-orig-size=\"960,720\" data-comments-opened=\"1\" data-image-meta=\"{&quot;aperture&quot;:&quot;0&quot;,&quot;credit&quot;:&quot;&quot;,&quot;camera&quot;:&quot;&quot;,&quot;caption&quot;:&quot;&quot;,&quot;created_timestamp&quot;:&quot;0&quot;,&quot;copyright&quot;:&quot;&quot;,&quot;focal_length&quot;:&quot;0&quot;,&quot;iso&quot;:&quot;0&quot;,&quot;shutter_speed&quot;:&quot;0&quot;,&quot;title&quot;:&quot;&quot;,&quot;orientation&quot;:&quot;0&quot;}\" data-image-title=\"Wassa, Mariam, Musa\" data-image-description=\"\" data-medium-file=\"https:\/\/ragnarmagnussonblog.files.wordpress.com\/2017\/02\/wassa-mariam-musa.jpg?w=300\" data-large-file=\"https:\/\/ragnarmagnussonblog.files.wordpress.com\/2017\/02\/wassa-mariam-musa.jpg?w=748\" data-original-width=\"474\" data-original-height=\"355\" \/> <\/a><\/div><\/div><\/div><\/div><p>When I was in The Gambia I got to look at these documentaries from a new perspective. I got to witness first hand this other community and culture and although at first it might look unorganized and primitive, but if you look a little deeper into it you will see just how much we have in common.<\/p><p>I worked for The Gambia federation of the disabled for 5 months and through my work there I was working on a short documentary about disabled people that were doing awesome work, unfortunately due to lack of funding and time I never managed to shoot the film but I still got a chance to see how much a little documentary could do for a small community.<br \/>Even though children don\u2019t sit anymore glued in front of the television at six in the evening watching cheap cartoons when they have easy access to all the new and interesting animations through the Internet, I still think these types of documentaries are popular and relevant for increased globalization, My experience in the Gambia showed me that interest in film making is increasing, and with better technology many interesting things can develop, documentaries have had their role in globalization and I connect them to the way I have experienced globalization growing up.<\/p><div id=\"jp-post-flair\" class=\"sharedaddy sd-like-enabled sd-sharing-enabled\"><div id=\"like-post-wrapper-123129325-6-63f1004d9edf7\" class=\"sharedaddy sd-block sd-like jetpack-likes-widget-wrapper jetpack-likes-widget-loaded\" data-src=\"\/\/widgets.wp.com\/likes\/index.html?ver=20230213#blog_id=123129325&amp;post_id=6&amp;origin=ragnarmagnussonblog.wordpress.com&amp;obj_id=123129325-6-63f1004d9edf7\" data-name=\"like-post-frame-123129325-6-63f1004d9edf7\" data-title=\"Like or Reblog\">\u00a0<\/div><\/div><\/div><\/figcaption><\/figure><p><\/p><p><\/p><div class=\"wp-block-spacer\" style=\"height: 30px;\" aria-hidden=\"true\">\u00a0<\/div><p><\/p><p><\/p><h4 class=\"has-text-align-center wp-block-heading\"><span style=\"color: #f64668;\"><a style=\"color: #f64668;\" href=\"https:\/\/lostshoecollective.com\/is\/ragnar\/\">Back To Ragnar<\/a><\/span><\/h4><p><\/p><p><\/p><div class=\"wp-block-group\"><p><\/p><div class=\"wp-block-group is-content-justification-center is-layout-flex wp-container-core-group-is-layout-3eac0456 wp-block-group-is-layout-flex\" style=\"padding-top: 80px; padding-bottom: 30px;\"><p><h1 class=\"wp-block-site-title\"><a href=\"https:\/\/lostshoecollective.com\/is\" target=\"_self\" rel=\"home\">Lost Shoe Collective<\/a><\/h1><\/p><p><\/p><p class=\"has-text-align-center wp-block-paragraph\">Framlei\u00f0slufyrirt\u00e6ki<\/p><p><\/p><\/div><p><\/p><\/div><p><\/p>\t\t\t\t\t\t\t\t<\/div>\n\t\t\t\t<\/div>\n\t\t\t\t\t<\/div>\n\t\t<\/div>\n\t\t\t\t\t<\/div>\n\t\t<\/section>\n\t\t\t\t<\/div>","protected":false},"excerpt":{"rendered":"<p>&#8220;Global citizen&#8221; \u00a0 Back To Ragnar Film Production Company<\/p>","protected":false},"author":161824182,"featured_media":0,"parent":0,"menu_order":0,"comment_status":"closed","ping_status":"closed","template":"","meta":{"_crdt_document":"","advanced_seo_description":"","jetpack_seo_html_title":"","jetpack_seo_noindex":false,"jetpack_post_was_ever_published":false,"footnotes":""},"class_list":["post-12683","page","type-page","status-publish","hentry","entry"],"jetpack_likes_enabled":true,"jetpack_sharing_enabled":true,"jetpack_shortlink":"https:\/\/wp.me\/Pe1weW-3iz","jetpack-related-posts":[{"id":12524,"url":"https:\/\/lostshoecollective.com\/is\/ragnar\/","url_meta":{"origin":12683,"position":0},"title":"Ragnar","author":"Lost Shoe Collective Collective","date":"febr\u00faar 18, 2023","format":false,"excerpt":"Ragnar Ingi Magn\u00fasson https:\/\/vimeo.com\/802034376 ABOUT ME A passionate, creative and artistic filmmaker based in Berlin, Germany. I am a proud all-rounder in the industry, with experience in video production management and producing, director of photography, cameraman, director, visual editor and sound engineer. \u00a0I love all aspects of filmmaking and I\u2026","rel":"","context":"Similar post","block_context":{"text":"Similar post","link":""},"img":{"alt_text":"","src":"https:\/\/i0.wp.com\/lostshoecollective.com\/wp-content\/uploads\/2023\/02\/raggi-i-gambiu.webp?resize=350%2C200&ssl=1","width":350,"height":200},"classes":[]},{"id":12644,"url":"https:\/\/lostshoecollective.com\/is\/my-background\/","url_meta":{"origin":12683,"position":1},"title":"&#8220;My background&#8221;","author":"Lost Shoe Collective Collective","date":"febr\u00faar 18, 2023","format":false,"excerpt":"\"My background\"\u00a0\u00a0\u00a0Hi there, I was born on the 14th of August 1987, I grew up in Reykjavik, Iceland. I had a pretty nice, regular childhood, did the usual boy things, went to soccer practice, played soccer with my friends, watched soccer with my grandfather, you get the point.As soon as\u2026","rel":"","context":"Similar post","block_context":{"text":"Similar post","link":""},"img":{"alt_text":"","src":"https:\/\/i0.wp.com\/lostshoecollective.com\/wp-content\/uploads\/2022\/09\/Freyja-1.png?resize=350%2C200&ssl=1","width":350,"height":200,"srcset":"https:\/\/i0.wp.com\/lostshoecollective.com\/wp-content\/uploads\/2022\/09\/Freyja-1.png?resize=350%2C200&ssl=1 1x, https:\/\/i0.wp.com\/lostshoecollective.com\/wp-content\/uploads\/2022\/09\/Freyja-1.png?resize=525%2C300&ssl=1 1.5x, https:\/\/i0.wp.com\/lostshoecollective.com\/wp-content\/uploads\/2022\/09\/Freyja-1.png?resize=700%2C400&ssl=1 2x, https:\/\/i0.wp.com\/lostshoecollective.com\/wp-content\/uploads\/2022\/09\/Freyja-1.png?resize=1050%2C600&ssl=1 3x, https:\/\/i0.wp.com\/lostshoecollective.com\/wp-content\/uploads\/2022\/09\/Freyja-1.png?resize=1400%2C800&ssl=1 4x"},"classes":[]},{"id":157,"url":"https:\/\/lostshoecollective.com\/is\/about-us-2\/","url_meta":{"origin":12683,"position":2},"title":"Um okkur","author":"Lost Shoe Collective Collective","date":"j\u00fan\u00ed 9, 2022","format":false,"excerpt":"LOST SHOE COLLECTIVE The Lost Shoe Collective is a passionate group of independent filmmakers based in Reykjavik, Berlin and Barcelona. We're a young, dynamic team with years of experience and education to back up our talent. WHAT SETS US APART? With the Lost Shoe Collective, you are first and foremost\u2026","rel":"","context":"Similar post","block_context":{"text":"Similar post","link":""},"img":{"alt_text":"","src":"https:\/\/i0.wp.com\/lostshoecollective.com\/wp-content\/uploads\/2022\/09\/20190904_202107-1024x768.jpg?resize=350%2C200&ssl=1","width":350,"height":200,"srcset":"https:\/\/i0.wp.com\/lostshoecollective.com\/wp-content\/uploads\/2022\/09\/20190904_202107-1024x768.jpg?resize=350%2C200&ssl=1 1x, https:\/\/i0.wp.com\/lostshoecollective.com\/wp-content\/uploads\/2022\/09\/20190904_202107-1024x768.jpg?resize=525%2C300&ssl=1 1.5x, https:\/\/i0.wp.com\/lostshoecollective.com\/wp-content\/uploads\/2022\/09\/20190904_202107-1024x768.jpg?resize=700%2C400&ssl=1 2x"},"classes":[]},{"id":5631,"url":"https:\/\/lostshoecollective.com\/is\/norms\/","url_meta":{"origin":12683,"position":3},"title":"Norms","author":"Lost Shoe Collective Collective","date":"september 26, 2022","format":false,"excerpt":"NORMS Norms\u00a0is a fictional web\u00a0series \u2013 six ten minute long episodes \u2013 shot in Reykjav\u00edk, Iceland and Berlin, Germany. It premiered at RVK Feminist Film Festival on January 14th, 2021 and has been released on digital platforms. The series is directed by J\u00fal\u00eda Margr\u00e9t Einarsd\u00f3ttir and\u00a0written by S\u00f3lveig Johnsen. \u00a0\u2026","rel":"","context":"Similar post","block_context":{"text":"Similar post","link":""},"img":{"alt_text":"","src":"https:\/\/i0.wp.com\/lostshoecollective.com\/wp-content\/uploads\/2022\/09\/SEMI-FINALIST-Stockholm-Film-Television-Festival-2021-1024x680.png?resize=350%2C200&ssl=1","width":350,"height":200,"srcset":"https:\/\/i0.wp.com\/lostshoecollective.com\/wp-content\/uploads\/2022\/09\/SEMI-FINALIST-Stockholm-Film-Television-Festival-2021-1024x680.png?resize=350%2C200&ssl=1 1x, https:\/\/i0.wp.com\/lostshoecollective.com\/wp-content\/uploads\/2022\/09\/SEMI-FINALIST-Stockholm-Film-Television-Festival-2021-1024x680.png?resize=525%2C300&ssl=1 1.5x, https:\/\/i0.wp.com\/lostshoecollective.com\/wp-content\/uploads\/2022\/09\/SEMI-FINALIST-Stockholm-Film-Television-Festival-2021-1024x680.png?resize=700%2C400&ssl=1 2x"},"classes":[]},{"id":5035,"url":"https:\/\/lostshoecollective.com\/is\/project-your-story-onto-my-work\/","url_meta":{"origin":12683,"position":4},"title":"&#8220;Project your story onto my work&#8221;","author":"Lost Shoe Collective Collective","date":"september 26, 2022","format":false,"excerpt":"\"Project your story onto my work\" \u00a0 \u00a0 \u00a0 Lukas Kindermann Art is about providing people with something that they can project their own stories onto. At least that was the opinion of German artist Lukas Kindermann when we caught up with him in Reykjavik last Summer. Lukas, who was\u2026","rel":"","context":"Similar post","block_context":{"text":"Similar post","link":""},"img":{"alt_text":"","src":"https:\/\/i0.wp.com\/lostshoecollective.com\/wp-content\/uploads\/2022\/09\/Lukas-Kinderman-1.png?resize=350%2C200&ssl=1","width":350,"height":200,"srcset":"https:\/\/i0.wp.com\/lostshoecollective.com\/wp-content\/uploads\/2022\/09\/Lukas-Kinderman-1.png?resize=350%2C200&ssl=1 1x, https:\/\/i0.wp.com\/lostshoecollective.com\/wp-content\/uploads\/2022\/09\/Lukas-Kinderman-1.png?resize=525%2C300&ssl=1 1.5x, https:\/\/i0.wp.com\/lostshoecollective.com\/wp-content\/uploads\/2022\/09\/Lukas-Kinderman-1.png?resize=700%2C400&ssl=1 2x, https:\/\/i0.wp.com\/lostshoecollective.com\/wp-content\/uploads\/2022\/09\/Lukas-Kinderman-1.png?resize=1050%2C600&ssl=1 3x, https:\/\/i0.wp.com\/lostshoecollective.com\/wp-content\/uploads\/2022\/09\/Lukas-Kinderman-1.png?resize=1400%2C800&ssl=1 4x"},"classes":[]},{"id":4924,"url":"https:\/\/lostshoecollective.com\/is\/you-have-to-be-imaginative\/","url_meta":{"origin":12683,"position":5},"title":"&#8220;You have to be imaginative&#8221;","author":"Lost Shoe Collective Collective","date":"september 26, 2022","format":false,"excerpt":"\"You have to be imaginative\" \u00a0 \u00a0 \u00a0 Ken Wiatrek Spaces are not an elitist way of bringing art to the public but a populist one, claims artist Ken Wiatrek who runs Keith in Berlin. Keith, a bar that combines art and whisky, has been going for two and a\u2026","rel":"","context":"Similar post","block_context":{"text":"Similar post","link":""},"img":{"alt_text":"","src":"https:\/\/i0.wp.com\/lostshoecollective.com\/wp-content\/uploads\/2022\/09\/Ken-Keith-1-1.png?resize=350%2C200&ssl=1","width":350,"height":200,"srcset":"https:\/\/i0.wp.com\/lostshoecollective.com\/wp-content\/uploads\/2022\/09\/Ken-Keith-1-1.png?resize=350%2C200&ssl=1 1x, https:\/\/i0.wp.com\/lostshoecollective.com\/wp-content\/uploads\/2022\/09\/Ken-Keith-1-1.png?resize=525%2C300&ssl=1 1.5x, https:\/\/i0.wp.com\/lostshoecollective.com\/wp-content\/uploads\/2022\/09\/Ken-Keith-1-1.png?resize=700%2C400&ssl=1 2x, https:\/\/i0.wp.com\/lostshoecollective.com\/wp-content\/uploads\/2022\/09\/Ken-Keith-1-1.png?resize=1050%2C600&ssl=1 3x, https:\/\/i0.wp.com\/lostshoecollective.com\/wp-content\/uploads\/2022\/09\/Ken-Keith-1-1.png?resize=1400%2C800&ssl=1 4x"},"classes":[]}],"_links":{"self":[{"href":"https:\/\/lostshoecollective.com\/is\/wp-json\/wp\/v2\/pages\/12683","targetHints":{"allow":["GET"]}}],"collection":[{"href":"https:\/\/lostshoecollective.com\/is\/wp-json\/wp\/v2\/pages"}],"about":[{"href":"https:\/\/lostshoecollective.com\/is\/wp-json\/wp\/v2\/types\/page"}],"author":[{"embeddable":true,"href":"https:\/\/lostshoecollective.com\/is\/wp-json\/wp\/v2\/users\/161824182"}],"replies":[{"embeddable":true,"href":"https:\/\/lostshoecollective.com\/is\/wp-json\/wp\/v2\/comments?post=12683"}],"version-history":[{"count":11,"href":"https:\/\/lostshoecollective.com\/is\/wp-json\/wp\/v2\/pages\/12683\/revisions"}],"predecessor-version":[{"id":12707,"href":"https:\/\/lostshoecollective.com\/is\/wp-json\/wp\/v2\/pages\/12683\/revisions\/12707"}],"wp:attachment":[{"href":"https:\/\/lostshoecollective.com\/is\/wp-json\/wp\/v2\/media?parent=12683"}],"curies":[{"name":"wp","href":"https:\/\/api.w.org\/{rel}","templated":true}]}}