{"id":5186,"date":"2022-09-26T12:58:15","date_gmt":"2022-09-26T12:58:15","guid":{"rendered":"https:\/\/lostshoecollective.com\/?page_id=5186"},"modified":"2023-03-01T18:11:31","modified_gmt":"2023-03-01T18:11:31","slug":"i-wanted-a-voice-or-a-choice","status":"publish","type":"page","link":"https:\/\/lostshoecollective.com\/en\/i-wanted-a-voice-or-a-choice\/","title":{"rendered":"<strong>&#8220;I wanted a voice or a choice&#8221;<\/strong>"},"content":{"rendered":"\t\t<div data-elementor-type=\"wp-page\" data-elementor-id=\"5186\" class=\"elementor elementor-5186\" data-elementor-post-type=\"page\">\n\t\t\t\t\t\t<section class=\"elementor-section elementor-top-section elementor-element elementor-element-596a4dc6 elementor-section-boxed elementor-section-height-default elementor-section-height-default\" data-id=\"596a4dc6\" data-element_type=\"section\" data-e-type=\"section\">\n\t\t\t\t\t\t<div class=\"elementor-container elementor-column-gap-default\">\n\t\t\t\t\t<div class=\"elementor-column elementor-col-100 elementor-top-column elementor-element elementor-element-4edd068e\" data-id=\"4edd068e\" data-element_type=\"column\" data-e-type=\"column\">\n\t\t\t<div class=\"elementor-widget-wrap elementor-element-populated\">\n\t\t\t\t\t\t<div class=\"elementor-element elementor-element-4689ddbf elementor-widget elementor-widget-text-editor\" data-id=\"4689ddbf\" data-element_type=\"widget\" data-e-type=\"widget\" data-widget_type=\"text-editor.default\">\n\t\t\t\t<div class=\"elementor-widget-container\">\n\t\t\t\t\t\t\t\t\t<p><\/p>\n<h2 class=\"has-text-align-center wp-block-heading\"><strong>&#8220;I wanted a voice or a choice&#8221;<\/strong><\/h2>\n<div><strong>\u00a0<\/strong><\/div>\n<p><\/p>\n<p><\/p>\n<figure class=\"wp-block-image size-large\"><img fetchpriority=\"high\" decoding=\"async\" data-attachment-id=\"4486\" data-permalink=\"https:\/\/lostshoecollective.com\/en\/artist-run\/steinunn-harbinger-1\/\" data-orig-file=\"https:\/\/i0.wp.com\/lostshoecollective.com\/wp-content\/uploads\/2022\/09\/Steinunn-Harbinger-1.png?fit=1920%2C1080&amp;ssl=1\" data-orig-size=\"1920,1080\" data-comments-opened=\"1\" data-image-meta=\"{&quot;aperture&quot;:&quot;0&quot;,&quot;credit&quot;:&quot;&quot;,&quot;camera&quot;:&quot;&quot;,&quot;caption&quot;:&quot;&quot;,&quot;created_timestamp&quot;:&quot;0&quot;,&quot;copyright&quot;:&quot;&quot;,&quot;focal_length&quot;:&quot;0&quot;,&quot;iso&quot;:&quot;0&quot;,&quot;shutter_speed&quot;:&quot;0&quot;,&quot;title&quot;:&quot;&quot;,&quot;orientation&quot;:&quot;0&quot;}\" data-image-title=\"Steinunn-Harbinger-1\" data-image-description=\"\" data-image-caption=\"\" data-medium-file=\"https:\/\/i0.wp.com\/lostshoecollective.com\/wp-content\/uploads\/2022\/09\/Steinunn-Harbinger-1.png?fit=300%2C169&amp;ssl=1\" data-large-file=\"https:\/\/i0.wp.com\/lostshoecollective.com\/wp-content\/uploads\/2022\/09\/Steinunn-Harbinger-1.png?fit=750%2C422&amp;ssl=1\" data-recalc-dims=\"1\" height=\"422\" width=\"750\" class=\"wp-image-4486\" src=\"https:\/\/i0.wp.com\/lostshoecollective.com\/wp-content\/uploads\/2022\/09\/Steinunn-Harbinger-1.png?resize=750%2C422&#038;ssl=1\" alt=\"\" srcset=\"https:\/\/i0.wp.com\/lostshoecollective.com\/wp-content\/uploads\/2022\/09\/Steinunn-Harbinger-1.png?w=1920&amp;ssl=1 1920w, https:\/\/i0.wp.com\/lostshoecollective.com\/wp-content\/uploads\/2022\/09\/Steinunn-Harbinger-1.png?resize=300%2C169&amp;ssl=1 300w, https:\/\/i0.wp.com\/lostshoecollective.com\/wp-content\/uploads\/2022\/09\/Steinunn-Harbinger-1.png?resize=1024%2C576&amp;ssl=1 1024w, https:\/\/i0.wp.com\/lostshoecollective.com\/wp-content\/uploads\/2022\/09\/Steinunn-Harbinger-1.png?resize=768%2C432&amp;ssl=1 768w, https:\/\/i0.wp.com\/lostshoecollective.com\/wp-content\/uploads\/2022\/09\/Steinunn-Harbinger-1.png?resize=1536%2C864&amp;ssl=1 1536w, https:\/\/i0.wp.com\/lostshoecollective.com\/wp-content\/uploads\/2022\/09\/Steinunn-Harbinger-1.png?resize=1200%2C675&amp;ssl=1 1200w\" sizes=\"(max-width: 750px) 100vw, 750px\" \/>\n<p>\u00a0<\/p>\n<figcaption class=\"wp-element-caption\"><strong>\u00a0<\/strong><\/figcaption>\n<figcaption class=\"wp-element-caption\"><strong>Steinunn Marta \u00d6nnud\u00f3ttir<\/strong><\/figcaption>\n<\/figure>\n<p><\/p>\n<p><\/p>\n<p id=\"viewer-93tp4\" class=\"has-text-align-center wp-block-paragraph\">You could open an art space in a closet and it can be interesting, says Steinunn Marta \u00d6nnud\u00f3ttir who runs Harbinger project space in Reykjavik.<\/p>\n<p><\/p>\n<p><\/p>\n<p id=\"viewer-1vrk0\" class=\"has-text-align-center wp-block-paragraph\">\u201cAny space can become interesting with the activities which are put on there, a closet can be a great space, it doesn\u2019t have to have the biggest fanciest space.\u201d<\/p>\n<p><\/p>\n<p><\/p>\n<p id=\"viewer-42kil\" class=\"has-text-align-center wp-block-paragraph\">The 33-year-old co-founded Harbinger in June 2014 after having studied abroad.<\/p>\n<p><\/p>\n<p><\/p>\n<p id=\"viewer-onph\" class=\"has-text-align-center wp-block-paragraph\">\u201cWhen I moved back here I was very disconnected from the scene, it was hard to find a way in and to engage with it, it is very based on friendships around people who studied here, it was hard to access. I also felt I was seeing a lot of the same artists exhibiting. I just wanted a voice or a choice or maybe somehow to find a way to look for things I found interesting here.\u201d<\/p>\n<p><\/p>\n<p><\/p>\n<p id=\"viewer-ddguh\" class=\"has-text-align-center wp-block-paragraph\">\u201cIt\u2019s incredibly meaningful to provide a space for artists to display their work, it\u2019s very rewarding and if you have a good dialogue with the artist during their preparations you keep making new friends and acquaintances.\u201d<\/p>\n<p><\/p>\n<p><\/p>\n<p id=\"viewer-hcs2\" class=\"has-text-align-center wp-block-paragraph\">\u201cI hope it feels refreshing to view work here, that people feel art has more areas to explore and it is a growing field that\u2019s expanding and not narrowing down.\u201d<\/p>\n<p><\/p>\n<p><\/p>\n<p id=\"viewer-921sn\" class=\"has-text-align-center wp-block-paragraph\">\u201cThere is a big need for spaces like this or of any kind, there\u2019s not a lot of artist run spaces right now and there are a lot of practising artists who need a space to show their work.\u201d<\/p>\n<p><\/p>\n<p><\/p>\n<p id=\"viewer-a345h\" class=\"has-text-align-center wp-block-paragraph\">She added the tourist industry is not really contributing to the art scene in Reykjavik and she fears some negative consequences of the high level of tourism Iceland is experiencing might be on the way.<\/p>\n<p><\/p>\n<p><\/p>\n<p id=\"viewer-5i3mb\" class=\"has-text-align-center wp-block-paragraph\">\u201cThere is a negative impact which I\u2019m not sure has all come to light&#8230;Artists are losing their studios, the studio complexes are going to be turned into hotels and when that happens I\u2019m not sure how it will be for the artists&#8230;I guess we just have to move to the suburbs.\u201d<\/p>\n<p><\/p>\n<p><\/p>\n<p id=\"viewer-bmeqp\" class=\"has-text-align-center wp-block-paragraph\">Learn more about Harbinger <a href=\"https:\/\/www.facebook.com\/harbinger.is\/\" target=\"_blank\" rel=\"noreferrer noopener\"><u>here<\/u><\/a>.<\/p>\n<p><\/p>\n<p><\/p>\n<p class=\"has-text-align-center wp-block-paragraph\"><em>Words by Beth Cherryman<\/em><\/p>\n<div class=\"wp-block-group\">\n<p><\/p>\n<\/div>\n<p><!-- \/wp:group --><\/p>\t\t\t\t\t\t\t\t<\/div>\n\t\t\t\t<\/div>\n\t\t\t\t\t<\/div>\n\t\t<\/div>\n\t\t\t\t\t<\/div>\n\t\t<\/section>\n\t\t\t\t<section class=\"elementor-section elementor-top-section elementor-element elementor-element-1f80f8f elementor-section-boxed elementor-section-height-default elementor-section-height-default\" data-id=\"1f80f8f\" data-element_type=\"section\" data-e-type=\"section\">\n\t\t\t\t\t\t<div class=\"elementor-container elementor-column-gap-default\">\n\t\t\t\t\t<div class=\"elementor-column elementor-col-100 elementor-top-column elementor-element elementor-element-60a918a\" data-id=\"60a918a\" data-element_type=\"column\" data-e-type=\"column\">\n\t\t\t<div class=\"elementor-widget-wrap elementor-element-populated\">\n\t\t\t\t\t\t<div class=\"elementor-element elementor-element-65a7443 elementor-widget elementor-widget-text-editor\" data-id=\"65a7443\" data-element_type=\"widget\" data-e-type=\"widget\" data-widget_type=\"text-editor.default\">\n\t\t\t\t<div class=\"elementor-widget-container\">\n\t\t\t\t\t\t\t\t\t<h4 class=\"has-text-align-center\"><a href=\"https:\/\/lostshoecollective.com\/artist-run\/\" data-type=\"page\" data-id=\"4365\">Back To Artist Run<\/a><\/h4>\t\t\t\t\t\t\t\t<\/div>\n\t\t\t\t<\/div>\n\t\t\t\t\t<\/div>\n\t\t<\/div>\n\t\t\t\t\t<\/div>\n\t\t<\/section>\n\t\t\t\t<section class=\"elementor-section elementor-top-section elementor-element elementor-element-5f99015 elementor-section-boxed elementor-section-height-default elementor-section-height-default\" data-id=\"5f99015\" data-element_type=\"section\" data-e-type=\"section\">\n\t\t\t\t\t\t<div class=\"elementor-container elementor-column-gap-default\">\n\t\t\t\t\t<div class=\"elementor-column elementor-col-100 elementor-top-column elementor-element elementor-element-c54ea41\" data-id=\"c54ea41\" data-element_type=\"column\" data-e-type=\"column\">\n\t\t\t<div class=\"elementor-widget-wrap elementor-element-populated\">\n\t\t\t\t\t\t<div class=\"elementor-element elementor-element-797e5b0 elementor-widget elementor-widget-text-editor\" data-id=\"797e5b0\" data-element_type=\"widget\" data-e-type=\"widget\" data-widget_type=\"text-editor.default\">\n\t\t\t\t<div class=\"elementor-widget-container\">\n\t\t\t\t\t\t\t\t\t<p style=\"text-align: center;\"><a href=\"https:\/\/lostshoecollective.com\/\"><strong>Lost Shoe Collective<\/strong><\/a> Film Production Company<\/p>\t\t\t\t\t\t\t\t<\/div>\n\t\t\t\t<\/div>\n\t\t\t\t\t<\/div>\n\t\t<\/div>\n\t\t\t\t\t<\/div>\n\t\t<\/section>\n\t\t\t\t<section class=\"elementor-section elementor-top-section elementor-element elementor-element-708a321 elementor-section-boxed elementor-section-height-default elementor-section-height-default\" data-id=\"708a321\" data-element_type=\"section\" data-e-type=\"section\">\n\t\t\t\t\t\t<div class=\"elementor-container elementor-column-gap-default\">\n\t\t\t\t\t<div class=\"elementor-column elementor-col-100 elementor-top-column elementor-element elementor-element-01f5d39\" data-id=\"01f5d39\" data-element_type=\"column\" data-e-type=\"column\">\n\t\t\t<div class=\"elementor-widget-wrap elementor-element-populated\">\n\t\t\t\t\t\t<div class=\"elementor-element elementor-element-3161c63 elementor-shape-rounded elementor-grid-0 e-grid-align-center elementor-widget elementor-widget-social-icons\" data-id=\"3161c63\" data-element_type=\"widget\" data-e-type=\"widget\" data-widget_type=\"social-icons.default\">\n\t\t\t\t<div class=\"elementor-widget-container\">\n\t\t\t\t\t\t\t<div class=\"elementor-social-icons-wrapper elementor-grid\" role=\"list\">\n\t\t\t\t\t\t\t<span class=\"elementor-grid-item\" role=\"listitem\">\n\t\t\t\t\t<a class=\"elementor-icon elementor-social-icon elementor-social-icon-vimeo elementor-repeater-item-ea594f2\" href=\"https:\/\/vimeo.com\/lostshoecollective\" target=\"_blank\">\n\t\t\t\t\t\t<span class=\"elementor-screen-only\">Vimeo<\/span>\n\t\t\t\t\t\t<i aria-hidden=\"true\" class=\"fab fa-vimeo\"><\/i>\t\t\t\t\t<\/a>\n\t\t\t\t<\/span>\n\t\t\t\t\t\t\t<span class=\"elementor-grid-item\" role=\"listitem\">\n\t\t\t\t\t<a class=\"elementor-icon elementor-social-icon elementor-social-icon-instagram elementor-repeater-item-e0392a4\" href=\"https:\/\/www.instagram.com\/lostshoecollective\/\" target=\"_blank\">\n\t\t\t\t\t\t<span class=\"elementor-screen-only\">Instagram<\/span>\n\t\t\t\t\t\t<i aria-hidden=\"true\" class=\"fab fa-instagram\"><\/i>\t\t\t\t\t<\/a>\n\t\t\t\t<\/span>\n\t\t\t\t\t\t\t<span class=\"elementor-grid-item\" role=\"listitem\">\n\t\t\t\t\t<a class=\"elementor-icon elementor-social-icon elementor-social-icon-facebook elementor-repeater-item-718a42d\" href=\"https:\/\/www.facebook.com\/lostshoecollective\/\" target=\"_blank\">\n\t\t\t\t\t\t<span class=\"elementor-screen-only\">Facebook<\/span>\n\t\t\t\t\t\t<i aria-hidden=\"true\" class=\"fab fa-facebook\"><\/i>\t\t\t\t\t<\/a>\n\t\t\t\t<\/span>\n\t\t\t\t\t<\/div>\n\t\t\t\t\t\t<\/div>\n\t\t\t\t<\/div>\n\t\t\t\t\t<\/div>\n\t\t<\/div>\n\t\t\t\t\t<\/div>\n\t\t<\/section>\n\t\t\t\t<\/div>\n\t\t","protected":false},"excerpt":{"rendered":"<p>&#8220;I wanted a voice or a choice&#8221; \u00a0 You could open an art space in a closet and it can be interesting, says Steinunn Marta \u00d6nnud\u00f3ttir who runs Harbinger project space in Reykjavik. \u201cAny space can become interesting with the activities which are put on there, a closet can be a great space, it doesn\u2019t<a class=\"more-link\" href=\"https:\/\/lostshoecollective.com\/en\/i-wanted-a-voice-or-a-choice\/\">Continue reading <span class=\"screen-reader-text\">&#8220;<strong>&#8220;I wanted a voice or a choice&#8221;<\/strong>&#8220;<\/span><\/a><\/p>\n","protected":false},"author":161824182,"featured_media":0,"parent":0,"menu_order":0,"comment_status":"closed","ping_status":"closed","template":"","meta":{"_crdt_document":"","advanced_seo_description":"","jetpack_seo_html_title":"","jetpack_seo_noindex":false,"jetpack_post_was_ever_published":false,"footnotes":""},"class_list":["post-5186","page","type-page","status-publish","hentry","entry"],"jetpack_likes_enabled":true,"jetpack_sharing_enabled":true,"jetpack_shortlink":"https:\/\/wp.me\/Pe1weW-1lE","jetpack-related-posts":[{"id":4365,"url":"https:\/\/lostshoecollective.com\/en\/artist-run\/","url_meta":{"origin":5186,"position":0},"title":"Artist Run","author":"Lost Shoe Collective Collective","date":"September 26, 2022","format":false,"excerpt":"ARTIST RUN Artist Run\u00a0is a short documentary featuring several artist run galleries in Berlin (Neuk\u00f6lln) and Reykjav\u00edk (city centre) and the actuality that surrounds their spaces. Through interviews we get to know the gallery managers and artists working in the cities or exhibiting in the art spaces during the filming\u2026","rel":"","context":"Similar post","block_context":{"text":"Similar post","link":""},"img":{"alt_text":"","src":"https:\/\/i0.wp.com\/lostshoecollective.com\/wp-content\/uploads\/2022\/09\/Freyja-1-1024x576.png?resize=350%2C200&ssl=1","width":350,"height":200,"srcset":"https:\/\/i0.wp.com\/lostshoecollective.com\/wp-content\/uploads\/2022\/09\/Freyja-1-1024x576.png?resize=350%2C200&ssl=1 1x, https:\/\/i0.wp.com\/lostshoecollective.com\/wp-content\/uploads\/2022\/09\/Freyja-1-1024x576.png?resize=525%2C300&ssl=1 1.5x, https:\/\/i0.wp.com\/lostshoecollective.com\/wp-content\/uploads\/2022\/09\/Freyja-1-1024x576.png?resize=700%2C400&ssl=1 2x"},"classes":[]},{"id":1550,"url":"https:\/\/lostshoecollective.com\/en\/team\/","url_meta":{"origin":5186,"position":1},"title":"Members","author":"Lost Shoe Collective Collective","date":"September 24, 2022","format":false,"excerpt":"THE COLLECTIVE MEMBERS Fatou N'dure Tinna Bj\u00f6rk Helgad\u00f3ttir Marta Sveinbj\u00f6rnsd\u00f3ttir Ragnar Ingi Magn\u00fasson Hafsteinn \u00d3lafsson Jerem\u00edas Caro Rom\u00e1n J\u00fal\u00eda Margr\u00e9t Einarsd\u00f3ttir S\u00f3lveig Johnsen Fendina M\u00fcller Sunna Halld\u00f3rud\u00f3ttir","rel":"","context":"Similar post","block_context":{"text":"Similar post","link":""},"img":{"alt_text":"","src":"https:\/\/i0.wp.com\/lostshoecollective.com\/wp-content\/uploads\/2022\/09\/d47fe084-ffb8-4283-9d0d-da6354df1337-150x150.png?resize=350%2C200&ssl=1","width":350,"height":200},"classes":[]},{"id":13676,"url":"https:\/\/lostshoecollective.com\/en\/about\/","url_meta":{"origin":5186,"position":2},"title":"About","author":"sunnaradgmailcom","date":"April 17, 2023","format":false,"excerpt":"Visitors will want to know who is on the other side of the page. Use this space to write about yourself, your site, your business, or anything you want. Use the testimonials below to quote others, talking about the same thing \u2013 in their own words. This is sample content,\u2026","rel":"","context":"Similar post","block_context":{"text":"Similar post","link":""},"img":{"alt_text":"","src":"","width":0,"height":0},"classes":[]},{"id":4789,"url":"https:\/\/lostshoecollective.com\/en\/you-can-open-an-art-space-on-a-pin\/","url_meta":{"origin":5186,"position":3},"title":"&#8220;You can open an art space on a pin&#8221;","author":"Lost Shoe Collective Collective","date":"September 26, 2022","format":false,"excerpt":"\"You can open an art space on a pin\" \u00a0 \u00a0 \u00a0 Freyja Eilif \u201cI\u2019ve always been fascinated by artists claiming space and creating venues. I saw nothing was too small or inconvenient for a creative art space or art venue, like a Mary Poppins\u2019 bag it seems the possibilities\u2026","rel":"","context":"Similar post","block_context":{"text":"Similar post","link":""},"img":{"alt_text":"","src":"https:\/\/i0.wp.com\/lostshoecollective.com\/wp-content\/uploads\/2022\/09\/Freyja-1.png?resize=350%2C200&ssl=1","width":350,"height":200,"srcset":"https:\/\/i0.wp.com\/lostshoecollective.com\/wp-content\/uploads\/2022\/09\/Freyja-1.png?resize=350%2C200&ssl=1 1x, https:\/\/i0.wp.com\/lostshoecollective.com\/wp-content\/uploads\/2022\/09\/Freyja-1.png?resize=525%2C300&ssl=1 1.5x, https:\/\/i0.wp.com\/lostshoecollective.com\/wp-content\/uploads\/2022\/09\/Freyja-1.png?resize=700%2C400&ssl=1 2x, https:\/\/i0.wp.com\/lostshoecollective.com\/wp-content\/uploads\/2022\/09\/Freyja-1.png?resize=1050%2C600&ssl=1 3x, https:\/\/i0.wp.com\/lostshoecollective.com\/wp-content\/uploads\/2022\/09\/Freyja-1.png?resize=1400%2C800&ssl=1 4x"},"classes":[]},{"id":4924,"url":"https:\/\/lostshoecollective.com\/en\/you-have-to-be-imaginative\/","url_meta":{"origin":5186,"position":4},"title":"&#8220;You have to be imaginative&#8221;","author":"Lost Shoe Collective Collective","date":"September 26, 2022","format":false,"excerpt":"\"You have to be imaginative\" \u00a0 \u00a0 \u00a0 Ken Wiatrek Spaces are not an elitist way of bringing art to the public but a populist one, claims artist Ken Wiatrek who runs Keith in Berlin. Keith, a bar that combines art and whisky, has been going for two and a\u2026","rel":"","context":"Similar post","block_context":{"text":"Similar post","link":""},"img":{"alt_text":"","src":"https:\/\/i0.wp.com\/lostshoecollective.com\/wp-content\/uploads\/2022\/09\/Ken-Keith-1-1.png?resize=350%2C200&ssl=1","width":350,"height":200,"srcset":"https:\/\/i0.wp.com\/lostshoecollective.com\/wp-content\/uploads\/2022\/09\/Ken-Keith-1-1.png?resize=350%2C200&ssl=1 1x, https:\/\/i0.wp.com\/lostshoecollective.com\/wp-content\/uploads\/2022\/09\/Ken-Keith-1-1.png?resize=525%2C300&ssl=1 1.5x, https:\/\/i0.wp.com\/lostshoecollective.com\/wp-content\/uploads\/2022\/09\/Ken-Keith-1-1.png?resize=700%2C400&ssl=1 2x, https:\/\/i0.wp.com\/lostshoecollective.com\/wp-content\/uploads\/2022\/09\/Ken-Keith-1-1.png?resize=1050%2C600&ssl=1 3x, https:\/\/i0.wp.com\/lostshoecollective.com\/wp-content\/uploads\/2022\/09\/Ken-Keith-1-1.png?resize=1400%2C800&ssl=1 4x"},"classes":[]},{"id":5152,"url":"https:\/\/lostshoecollective.com\/en\/claiming-art-spaces-adds-a-level-of-drama\/","url_meta":{"origin":5186,"position":5},"title":"&#8220;Claiming art spaces adds a level of drama&#8221;","author":"Lost Shoe Collective Collective","date":"September 26, 2022","format":false,"excerpt":"\"Claiming art spaces adds a level of drama\" \u00a0 \u00a0 \u00a0 \u00der\u00e1ndur \u00de\u00f3rarinsson \u201cArt culture is important, otherwise our lives would be very flat and uninteresting.\u201d 38-year-old painter \u00der\u00e1ndur \u00de\u00f3rarinsson was showing his work in Gallery Port in Reykjavik when we interviewed him in the summer. His \u201cold masterly\u201d style\u2026","rel":"","context":"Similar post","block_context":{"text":"Similar post","link":""},"img":{"alt_text":"","src":"https:\/\/i0.wp.com\/lostshoecollective.com\/wp-content\/uploads\/2022\/09\/thrandur_port_artist-1.png?resize=350%2C200&ssl=1","width":350,"height":200,"srcset":"https:\/\/i0.wp.com\/lostshoecollective.com\/wp-content\/uploads\/2022\/09\/thrandur_port_artist-1.png?resize=350%2C200&ssl=1 1x, https:\/\/i0.wp.com\/lostshoecollective.com\/wp-content\/uploads\/2022\/09\/thrandur_port_artist-1.png?resize=525%2C300&ssl=1 1.5x, https:\/\/i0.wp.com\/lostshoecollective.com\/wp-content\/uploads\/2022\/09\/thrandur_port_artist-1.png?resize=700%2C400&ssl=1 2x, https:\/\/i0.wp.com\/lostshoecollective.com\/wp-content\/uploads\/2022\/09\/thrandur_port_artist-1.png?resize=1050%2C600&ssl=1 3x, https:\/\/i0.wp.com\/lostshoecollective.com\/wp-content\/uploads\/2022\/09\/thrandur_port_artist-1.png?resize=1400%2C800&ssl=1 4x"},"classes":[]}],"_links":{"self":[{"href":"https:\/\/lostshoecollective.com\/en\/wp-json\/wp\/v2\/pages\/5186","targetHints":{"allow":["GET"]}}],"collection":[{"href":"https:\/\/lostshoecollective.com\/en\/wp-json\/wp\/v2\/pages"}],"about":[{"href":"https:\/\/lostshoecollective.com\/en\/wp-json\/wp\/v2\/types\/page"}],"author":[{"embeddable":true,"href":"https:\/\/lostshoecollective.com\/en\/wp-json\/wp\/v2\/users\/161824182"}],"replies":[{"embeddable":true,"href":"https:\/\/lostshoecollective.com\/en\/wp-json\/wp\/v2\/comments?post=5186"}],"version-history":[{"count":20,"href":"https:\/\/lostshoecollective.com\/en\/wp-json\/wp\/v2\/pages\/5186\/revisions"}],"predecessor-version":[{"id":13293,"href":"https:\/\/lostshoecollective.com\/en\/wp-json\/wp\/v2\/pages\/5186\/revisions\/13293"}],"wp:attachment":[{"href":"https:\/\/lostshoecollective.com\/en\/wp-json\/wp\/v2\/media?parent=5186"}],"curies":[{"name":"wp","href":"https:\/\/api.w.org\/{rel}","templated":true}]}}