{"id":5152,"date":"2022-09-26T12:58:27","date_gmt":"2022-09-26T12:58:27","guid":{"rendered":"https:\/\/lostshoecollective.com\/?page_id=5152"},"modified":"2023-03-01T17:51:32","modified_gmt":"2023-03-01T17:51:32","slug":"claiming-art-spaces-adds-a-level-of-drama","status":"publish","type":"page","link":"https:\/\/lostshoecollective.com\/en\/claiming-art-spaces-adds-a-level-of-drama\/","title":{"rendered":"<strong>&#8220;Claiming art spaces adds a level of drama&#8221;<\/strong>"},"content":{"rendered":"\t\t<div data-elementor-type=\"wp-page\" data-elementor-id=\"5152\" class=\"elementor elementor-5152\" data-elementor-post-type=\"page\">\n\t\t\t\t\t\t<section class=\"elementor-section elementor-top-section elementor-element elementor-element-30a1c1ea elementor-section-boxed elementor-section-height-default elementor-section-height-default\" data-id=\"30a1c1ea\" data-element_type=\"section\" data-e-type=\"section\">\n\t\t\t\t\t\t<div class=\"elementor-container elementor-column-gap-default\">\n\t\t\t\t\t<div class=\"elementor-column elementor-col-100 elementor-top-column elementor-element elementor-element-44718b0\" data-id=\"44718b0\" data-element_type=\"column\" data-e-type=\"column\">\n\t\t\t<div class=\"elementor-widget-wrap elementor-element-populated\">\n\t\t\t\t\t\t<div class=\"elementor-element elementor-element-2b607e2d elementor-widget elementor-widget-text-editor\" data-id=\"2b607e2d\" data-element_type=\"widget\" data-e-type=\"widget\" data-widget_type=\"text-editor.default\">\n\t\t\t\t<div class=\"elementor-widget-container\">\n\t\t\t\t\t\t\t\t\t<p><\/p>\n<h2 class=\"has-text-align-center wp-block-heading\"><strong>&#8220;Claiming art spaces adds a level of drama&#8221;<\/strong><\/h2>\n<div><strong>\u00a0<\/strong><\/div>\n<p><\/p>\n<p><\/p>\n<figure class=\"wp-block-image size-large\"><img fetchpriority=\"high\" decoding=\"async\" data-attachment-id=\"4479\" data-permalink=\"https:\/\/lostshoecollective.com\/en\/artist-run\/thrandur_port_artist-1\/\" data-orig-file=\"https:\/\/i0.wp.com\/lostshoecollective.com\/wp-content\/uploads\/2022\/09\/thrandur_port_artist-1.png?fit=1920%2C1080&amp;ssl=1\" data-orig-size=\"1920,1080\" data-comments-opened=\"1\" data-image-meta=\"{&quot;aperture&quot;:&quot;0&quot;,&quot;credit&quot;:&quot;&quot;,&quot;camera&quot;:&quot;&quot;,&quot;caption&quot;:&quot;&quot;,&quot;created_timestamp&quot;:&quot;0&quot;,&quot;copyright&quot;:&quot;&quot;,&quot;focal_length&quot;:&quot;0&quot;,&quot;iso&quot;:&quot;0&quot;,&quot;shutter_speed&quot;:&quot;0&quot;,&quot;title&quot;:&quot;&quot;,&quot;orientation&quot;:&quot;0&quot;}\" data-image-title=\"thrandur_port_artist (1)\" data-image-description=\"\" data-image-caption=\"\" data-medium-file=\"https:\/\/i0.wp.com\/lostshoecollective.com\/wp-content\/uploads\/2022\/09\/thrandur_port_artist-1.png?fit=300%2C169&amp;ssl=1\" data-large-file=\"https:\/\/i0.wp.com\/lostshoecollective.com\/wp-content\/uploads\/2022\/09\/thrandur_port_artist-1.png?fit=750%2C422&amp;ssl=1\" data-recalc-dims=\"1\" height=\"422\" width=\"750\" class=\"wp-image-4479\" src=\"https:\/\/i0.wp.com\/lostshoecollective.com\/wp-content\/uploads\/2022\/09\/thrandur_port_artist-1.png?resize=750%2C422&#038;ssl=1\" alt=\"\" srcset=\"https:\/\/i0.wp.com\/lostshoecollective.com\/wp-content\/uploads\/2022\/09\/thrandur_port_artist-1.png?w=1920&amp;ssl=1 1920w, https:\/\/i0.wp.com\/lostshoecollective.com\/wp-content\/uploads\/2022\/09\/thrandur_port_artist-1.png?resize=300%2C169&amp;ssl=1 300w, https:\/\/i0.wp.com\/lostshoecollective.com\/wp-content\/uploads\/2022\/09\/thrandur_port_artist-1.png?resize=1024%2C576&amp;ssl=1 1024w, https:\/\/i0.wp.com\/lostshoecollective.com\/wp-content\/uploads\/2022\/09\/thrandur_port_artist-1.png?resize=768%2C432&amp;ssl=1 768w, https:\/\/i0.wp.com\/lostshoecollective.com\/wp-content\/uploads\/2022\/09\/thrandur_port_artist-1.png?resize=1536%2C864&amp;ssl=1 1536w, https:\/\/i0.wp.com\/lostshoecollective.com\/wp-content\/uploads\/2022\/09\/thrandur_port_artist-1.png?resize=1200%2C675&amp;ssl=1 1200w\" sizes=\"(max-width: 750px) 100vw, 750px\" \/>\n<p>\u00a0<\/p>\n<figcaption class=\"wp-element-caption\"><strong>\u00a0<\/strong><\/figcaption>\n<figcaption class=\"wp-element-caption\"><strong>\u00der\u00e1ndur \u00de\u00f3rarinsson<\/strong><\/figcaption>\n<\/figure>\n<p><\/p>\n<p><\/p>\n<p id=\"viewer-9g7hb\" class=\"has-text-align-center wp-block-paragraph\">\u201cArt culture is important, otherwise our lives would be very flat and uninteresting.\u201d<\/p>\n<p><\/p>\n<p><\/p>\n<p id=\"viewer-co348\" class=\"has-text-align-center wp-block-paragraph\">38-year-old painter \u00der\u00e1ndur \u00de\u00f3rarinsson was showing his work in Gallery Port in Reykjavik when we interviewed him in the summer.<\/p>\n<p><\/p>\n<p><\/p>\n<p id=\"viewer-1itnj\" class=\"has-text-align-center wp-block-paragraph\">His \u201cold masterly\u201d style depicts historical events in Iceland in new thought provoking ways, for example, in the painting we saw he had turned \u2018the situation\u2019 a period during the second world war when Icelandic women were dating foreign soldiers on its head by showing instead a female soldier and a male admirer.<\/p>\n<p><\/p>\n<p><\/p>\n<p id=\"viewer-e750l\" class=\"has-text-align-center wp-block-paragraph\">\u201cRecently I have been making political points in my paintings, it\u2019s a fairly new development in my art.\u201d<\/p>\n<p><\/p>\n<p><\/p>\n<p id=\"viewer-ehgs\" class=\"has-text-align-center wp-block-paragraph\">His other works have included interpretations of financial institutions in Iceland and it\u2019s current tourist situation.<\/p>\n<p><\/p>\n<p><\/p>\n<p id=\"viewer-bmcmr\" class=\"has-text-align-center wp-block-paragraph\">He said the influx of tourists lately has had a positive impact on the local art market in the sense that there was more money in the country and therefore more money to spend on paintings, however, in other ways the art scene has had to change and is being pushed out of the centre.<\/p>\n<p><\/p>\n<p><\/p>\n<p id=\"viewer-cqgl9\" class=\"has-text-align-center wp-block-paragraph\">\u201cWhen I started my career you could find empty spaces here downtown and throw up some exhibition. That\u2019s becoming increasingly hard or impossible to do, there are not many empty spaces any more. There used to be quite a lot more art galleries here in downtown Reykjavik, now they are moving out to the periphery.\u201d<\/p>\n<p><\/p>\n<p><\/p>\n<p id=\"viewer-51j3f\" class=\"has-text-align-center wp-block-paragraph\">\u00der\u00e1ndur\u2019s first solo show was in an abandoned building in the city, and he believes that claiming spaces in that way especially as an up and coming artist adds a level of interest and drama to the exhibition while also providing a way to show your work if it is getting declined by the establishment.<\/p>\n<p><\/p>\n<p><\/p>\n<p id=\"viewer-9q7o3\" class=\"has-text-align-center wp-block-paragraph\">\u201cFinding spaces on your own can be quite a clever way if museums or galleries decline you &#8211; you have to figure something else out.\u201d<\/p>\n<p><\/p>\n<p><\/p>\n<p id=\"viewer-6a7du\" class=\"has-text-align-center wp-block-paragraph\">Although he concedes it is getting harder to do that in downtown Reykjavik with the prices rising as steeply as they are.<\/p>\n<p><\/p>\n<p><\/p>\n<p id=\"viewer-ek7if\" class=\"has-text-align-center wp-block-paragraph\">Find out more about \u00der\u00e1ndur <a href=\"http:\/\/thrandur.com\/\" target=\"_blank\" rel=\"noreferrer noopener\"><u>here<\/u><\/a>.<\/p>\n<p><\/p>\n<p><\/p>\n<p class=\"has-text-align-center wp-block-paragraph\"><em>Words by Beth Cherryman<\/em><\/p>\n<div class=\"wp-block-group\">\n<p><\/p>\n<\/div>\n<p><!-- \/wp:group --><\/p>\t\t\t\t\t\t\t\t<\/div>\n\t\t\t\t<\/div>\n\t\t\t\t\t<\/div>\n\t\t<\/div>\n\t\t\t\t\t<\/div>\n\t\t<\/section>\n\t\t\t\t<section class=\"elementor-section elementor-top-section elementor-element elementor-element-02ade7e elementor-section-boxed elementor-section-height-default elementor-section-height-default\" data-id=\"02ade7e\" data-element_type=\"section\" data-e-type=\"section\">\n\t\t\t\t\t\t<div class=\"elementor-container elementor-column-gap-default\">\n\t\t\t\t\t<div class=\"elementor-column elementor-col-100 elementor-top-column elementor-element elementor-element-96d67e7\" data-id=\"96d67e7\" data-element_type=\"column\" data-e-type=\"column\">\n\t\t\t<div class=\"elementor-widget-wrap elementor-element-populated\">\n\t\t\t\t\t\t<div class=\"elementor-element elementor-element-b6a0525 elementor-widget elementor-widget-text-editor\" data-id=\"b6a0525\" data-element_type=\"widget\" data-e-type=\"widget\" data-widget_type=\"text-editor.default\">\n\t\t\t\t<div class=\"elementor-widget-container\">\n\t\t\t\t\t\t\t\t\t<h4 class=\"has-text-align-center\"><a href=\"https:\/\/lostshoecollective.com\/artist-run\/\" data-type=\"page\" data-id=\"4365\">Back To Artist Run<\/a><\/h4>\t\t\t\t\t\t\t\t<\/div>\n\t\t\t\t<\/div>\n\t\t\t\t\t<\/div>\n\t\t<\/div>\n\t\t\t\t\t<\/div>\n\t\t<\/section>\n\t\t\t\t<section class=\"elementor-section elementor-top-section elementor-element elementor-element-02c65d2 elementor-section-boxed elementor-section-height-default elementor-section-height-default\" data-id=\"02c65d2\" data-element_type=\"section\" data-e-type=\"section\">\n\t\t\t\t\t\t<div class=\"elementor-container elementor-column-gap-default\">\n\t\t\t\t\t<div class=\"elementor-column elementor-col-100 elementor-top-column elementor-element elementor-element-da313df\" data-id=\"da313df\" data-element_type=\"column\" data-e-type=\"column\">\n\t\t\t<div class=\"elementor-widget-wrap elementor-element-populated\">\n\t\t\t\t\t\t<div class=\"elementor-element elementor-element-f029d25 elementor-widget elementor-widget-text-editor\" data-id=\"f029d25\" data-element_type=\"widget\" data-e-type=\"widget\" data-widget_type=\"text-editor.default\">\n\t\t\t\t<div class=\"elementor-widget-container\">\n\t\t\t\t\t\t\t\t\t<p style=\"text-align: center;\"><a href=\"https:\/\/lostshoecollective.com\/\"><strong>Lost Shoe Collective<\/strong><\/a> Film Production Company<\/p>\t\t\t\t\t\t\t\t<\/div>\n\t\t\t\t<\/div>\n\t\t\t\t\t<\/div>\n\t\t<\/div>\n\t\t\t\t\t<\/div>\n\t\t<\/section>\n\t\t\t\t<section class=\"elementor-section elementor-top-section elementor-element elementor-element-b9cc905 elementor-section-boxed elementor-section-height-default elementor-section-height-default\" data-id=\"b9cc905\" data-element_type=\"section\" data-e-type=\"section\">\n\t\t\t\t\t\t<div class=\"elementor-container elementor-column-gap-default\">\n\t\t\t\t\t<div class=\"elementor-column elementor-col-100 elementor-top-column elementor-element elementor-element-3b7ccdc\" data-id=\"3b7ccdc\" data-element_type=\"column\" data-e-type=\"column\">\n\t\t\t<div class=\"elementor-widget-wrap elementor-element-populated\">\n\t\t\t\t\t\t<div class=\"elementor-element elementor-element-056b114 elementor-shape-rounded elementor-grid-0 e-grid-align-center elementor-widget elementor-widget-social-icons\" data-id=\"056b114\" data-element_type=\"widget\" data-e-type=\"widget\" data-widget_type=\"social-icons.default\">\n\t\t\t\t<div class=\"elementor-widget-container\">\n\t\t\t\t\t\t\t<div class=\"elementor-social-icons-wrapper elementor-grid\" role=\"list\">\n\t\t\t\t\t\t\t<span class=\"elementor-grid-item\" role=\"listitem\">\n\t\t\t\t\t<a class=\"elementor-icon elementor-social-icon elementor-social-icon-vimeo elementor-repeater-item-84b7f6c\" href=\"https:\/\/vimeo.com\/lostshoecollective\" target=\"_blank\">\n\t\t\t\t\t\t<span class=\"elementor-screen-only\">Vimeo<\/span>\n\t\t\t\t\t\t<i aria-hidden=\"true\" class=\"fab fa-vimeo\"><\/i>\t\t\t\t\t<\/a>\n\t\t\t\t<\/span>\n\t\t\t\t\t\t\t<span class=\"elementor-grid-item\" role=\"listitem\">\n\t\t\t\t\t<a class=\"elementor-icon elementor-social-icon elementor-social-icon-instagram elementor-repeater-item-4d281d8\" href=\"https:\/\/www.instagram.com\/lostshoecollective\/\" target=\"_blank\">\n\t\t\t\t\t\t<span class=\"elementor-screen-only\">Instagram<\/span>\n\t\t\t\t\t\t<i aria-hidden=\"true\" class=\"fab fa-instagram\"><\/i>\t\t\t\t\t<\/a>\n\t\t\t\t<\/span>\n\t\t\t\t\t\t\t<span class=\"elementor-grid-item\" role=\"listitem\">\n\t\t\t\t\t<a class=\"elementor-icon elementor-social-icon elementor-social-icon-facebook elementor-repeater-item-0538bf3\" href=\"https:\/\/www.facebook.com\/lostshoecollective\/\" target=\"_blank\">\n\t\t\t\t\t\t<span class=\"elementor-screen-only\">Facebook<\/span>\n\t\t\t\t\t\t<i aria-hidden=\"true\" class=\"fab fa-facebook\"><\/i>\t\t\t\t\t<\/a>\n\t\t\t\t<\/span>\n\t\t\t\t\t<\/div>\n\t\t\t\t\t\t<\/div>\n\t\t\t\t<\/div>\n\t\t\t\t\t<\/div>\n\t\t<\/div>\n\t\t\t\t\t<\/div>\n\t\t<\/section>\n\t\t\t\t<\/div>\n\t\t","protected":false},"excerpt":{"rendered":"<p>&#8220;Claiming art spaces adds a level of drama&#8221; \u00a0 \u201cArt culture is important, otherwise our lives would be very flat and uninteresting.\u201d 38-year-old painter \u00der\u00e1ndur \u00de\u00f3rarinsson was showing his work in Gallery Port in Reykjavik when we interviewed him in the summer. His \u201cold masterly\u201d style depicts historical events in Iceland in new thought provoking<a class=\"more-link\" href=\"https:\/\/lostshoecollective.com\/en\/claiming-art-spaces-adds-a-level-of-drama\/\">Continue reading <span class=\"screen-reader-text\">&#8220;<strong>&#8220;Claiming art spaces adds a level of drama&#8221;<\/strong>&#8220;<\/span><\/a><\/p>\n","protected":false},"author":161824182,"featured_media":0,"parent":0,"menu_order":0,"comment_status":"closed","ping_status":"closed","template":"","meta":{"_crdt_document":"","advanced_seo_description":"","jetpack_seo_html_title":"","jetpack_seo_noindex":false,"jetpack_post_was_ever_published":false,"footnotes":""},"class_list":["post-5152","page","type-page","status-publish","hentry","entry"],"jetpack_likes_enabled":true,"jetpack_sharing_enabled":true,"jetpack_shortlink":"https:\/\/wp.me\/Pe1weW-1l6","jetpack-related-posts":[{"id":4365,"url":"https:\/\/lostshoecollective.com\/en\/artist-run\/","url_meta":{"origin":5152,"position":0},"title":"Artist Run","author":"Lost Shoe Collective Collective","date":"September 26, 2022","format":false,"excerpt":"ARTIST RUN Artist Run\u00a0is a short documentary featuring several artist run galleries in Berlin (Neuk\u00f6lln) and Reykjav\u00edk (city centre) and the actuality that surrounds their spaces. Through interviews we get to know the gallery managers and artists working in the cities or exhibiting in the art spaces during the filming\u2026","rel":"","context":"Similar post","block_context":{"text":"Similar post","link":""},"img":{"alt_text":"","src":"https:\/\/i0.wp.com\/lostshoecollective.com\/wp-content\/uploads\/2022\/09\/Freyja-1-1024x576.png?resize=350%2C200&ssl=1","width":350,"height":200,"srcset":"https:\/\/i0.wp.com\/lostshoecollective.com\/wp-content\/uploads\/2022\/09\/Freyja-1-1024x576.png?resize=350%2C200&ssl=1 1x, https:\/\/i0.wp.com\/lostshoecollective.com\/wp-content\/uploads\/2022\/09\/Freyja-1-1024x576.png?resize=525%2C300&ssl=1 1.5x, https:\/\/i0.wp.com\/lostshoecollective.com\/wp-content\/uploads\/2022\/09\/Freyja-1-1024x576.png?resize=700%2C400&ssl=1 2x"},"classes":[]},{"id":4924,"url":"https:\/\/lostshoecollective.com\/en\/you-have-to-be-imaginative\/","url_meta":{"origin":5152,"position":1},"title":"&#8220;You have to be imaginative&#8221;","author":"Lost Shoe Collective Collective","date":"September 26, 2022","format":false,"excerpt":"\"You have to be imaginative\" \u00a0 \u00a0 \u00a0 Ken Wiatrek Spaces are not an elitist way of bringing art to the public but a populist one, claims artist Ken Wiatrek who runs Keith in Berlin. Keith, a bar that combines art and whisky, has been going for two and a\u2026","rel":"","context":"Similar post","block_context":{"text":"Similar post","link":""},"img":{"alt_text":"","src":"https:\/\/i0.wp.com\/lostshoecollective.com\/wp-content\/uploads\/2022\/09\/Ken-Keith-1-1.png?resize=350%2C200&ssl=1","width":350,"height":200,"srcset":"https:\/\/i0.wp.com\/lostshoecollective.com\/wp-content\/uploads\/2022\/09\/Ken-Keith-1-1.png?resize=350%2C200&ssl=1 1x, https:\/\/i0.wp.com\/lostshoecollective.com\/wp-content\/uploads\/2022\/09\/Ken-Keith-1-1.png?resize=525%2C300&ssl=1 1.5x, https:\/\/i0.wp.com\/lostshoecollective.com\/wp-content\/uploads\/2022\/09\/Ken-Keith-1-1.png?resize=700%2C400&ssl=1 2x, https:\/\/i0.wp.com\/lostshoecollective.com\/wp-content\/uploads\/2022\/09\/Ken-Keith-1-1.png?resize=1050%2C600&ssl=1 3x, https:\/\/i0.wp.com\/lostshoecollective.com\/wp-content\/uploads\/2022\/09\/Ken-Keith-1-1.png?resize=1400%2C800&ssl=1 4x"},"classes":[]},{"id":4789,"url":"https:\/\/lostshoecollective.com\/en\/you-can-open-an-art-space-on-a-pin\/","url_meta":{"origin":5152,"position":2},"title":"&#8220;You can open an art space on a pin&#8221;","author":"Lost Shoe Collective Collective","date":"September 26, 2022","format":false,"excerpt":"\"You can open an art space on a pin\" \u00a0 \u00a0 \u00a0 Freyja Eilif \u201cI\u2019ve always been fascinated by artists claiming space and creating venues. I saw nothing was too small or inconvenient for a creative art space or art venue, like a Mary Poppins\u2019 bag it seems the possibilities\u2026","rel":"","context":"Similar post","block_context":{"text":"Similar post","link":""},"img":{"alt_text":"","src":"https:\/\/i0.wp.com\/lostshoecollective.com\/wp-content\/uploads\/2022\/09\/Freyja-1.png?resize=350%2C200&ssl=1","width":350,"height":200,"srcset":"https:\/\/i0.wp.com\/lostshoecollective.com\/wp-content\/uploads\/2022\/09\/Freyja-1.png?resize=350%2C200&ssl=1 1x, https:\/\/i0.wp.com\/lostshoecollective.com\/wp-content\/uploads\/2022\/09\/Freyja-1.png?resize=525%2C300&ssl=1 1.5x, https:\/\/i0.wp.com\/lostshoecollective.com\/wp-content\/uploads\/2022\/09\/Freyja-1.png?resize=700%2C400&ssl=1 2x, https:\/\/i0.wp.com\/lostshoecollective.com\/wp-content\/uploads\/2022\/09\/Freyja-1.png?resize=1050%2C600&ssl=1 3x, https:\/\/i0.wp.com\/lostshoecollective.com\/wp-content\/uploads\/2022\/09\/Freyja-1.png?resize=1400%2C800&ssl=1 4x"},"classes":[]},{"id":5202,"url":"https:\/\/lostshoecollective.com\/en\/artist-run-spaces-have-more-freedom\/","url_meta":{"origin":5152,"position":3},"title":"&#8220;Artist run spaces have more freedom&#8221;","author":"Lost Shoe Collective Collective","date":"September 26, 2022","format":false,"excerpt":"\"Artist run spaces have more freedom\" \u00a0 \u00a0 \u00a0 Hekla D\u00f6gg J\u00f3nsd\u00f3ttir \u201cArtist run spaces always have more freedom, it gives the artist an opportunity to kind of work without the influence of what it\u2019s supposed to be which can happen in more commercial spaces and to do more interesting\u2026","rel":"","context":"Similar post","block_context":{"text":"Similar post","link":""},"img":{"alt_text":"","src":"https:\/\/i0.wp.com\/lostshoecollective.com\/wp-content\/uploads\/2022\/09\/KlingogBang-1-1.png?resize=350%2C200&ssl=1","width":350,"height":200,"srcset":"https:\/\/i0.wp.com\/lostshoecollective.com\/wp-content\/uploads\/2022\/09\/KlingogBang-1-1.png?resize=350%2C200&ssl=1 1x, https:\/\/i0.wp.com\/lostshoecollective.com\/wp-content\/uploads\/2022\/09\/KlingogBang-1-1.png?resize=525%2C300&ssl=1 1.5x, https:\/\/i0.wp.com\/lostshoecollective.com\/wp-content\/uploads\/2022\/09\/KlingogBang-1-1.png?resize=700%2C400&ssl=1 2x, https:\/\/i0.wp.com\/lostshoecollective.com\/wp-content\/uploads\/2022\/09\/KlingogBang-1-1.png?resize=1050%2C600&ssl=1 3x, https:\/\/i0.wp.com\/lostshoecollective.com\/wp-content\/uploads\/2022\/09\/KlingogBang-1-1.png?resize=1400%2C800&ssl=1 4x"},"classes":[]},{"id":5069,"url":"https:\/\/lostshoecollective.com\/en\/reykjavik-needs-more-artist-run-spaces\/","url_meta":{"origin":5152,"position":4},"title":"&#8220;Reykjavik needs more artist run spaces&#8221;","author":"Lost Shoe Collective Collective","date":"September 26, 2022","format":false,"excerpt":"\"Reykjavik needs more artist run spaces\" \u00a0 \u00a0 \u00a0 \u00c1rni M\u00e1r Erlingsson Tourists are a blessing and a curse for the Icelandic art scene according to the director of Gallery Port, \u00c1rni M\u00e1r Erlingsson. The 30-year-old who started his art career writing on walls at the age of 12, spoke\u2026","rel":"","context":"Similar post","block_context":{"text":"Similar post","link":""},"img":{"alt_text":"","src":"https:\/\/i0.wp.com\/lostshoecollective.com\/wp-content\/uploads\/2022\/09\/Arni_port-1.png?resize=350%2C200&ssl=1","width":350,"height":200,"srcset":"https:\/\/i0.wp.com\/lostshoecollective.com\/wp-content\/uploads\/2022\/09\/Arni_port-1.png?resize=350%2C200&ssl=1 1x, https:\/\/i0.wp.com\/lostshoecollective.com\/wp-content\/uploads\/2022\/09\/Arni_port-1.png?resize=525%2C300&ssl=1 1.5x, https:\/\/i0.wp.com\/lostshoecollective.com\/wp-content\/uploads\/2022\/09\/Arni_port-1.png?resize=700%2C400&ssl=1 2x, https:\/\/i0.wp.com\/lostshoecollective.com\/wp-content\/uploads\/2022\/09\/Arni_port-1.png?resize=1050%2C600&ssl=1 3x, https:\/\/i0.wp.com\/lostshoecollective.com\/wp-content\/uploads\/2022\/09\/Arni_port-1.png?resize=1400%2C800&ssl=1 4x"},"classes":[]},{"id":5115,"url":"https:\/\/lostshoecollective.com\/en\/theres-no-comparison-for-icelandic-artists\/","url_meta":{"origin":5152,"position":5},"title":"&#8220;There&#8217;s no comparison for Icelandic artists&#8221;","author":"Lost Shoe Collective Collective","date":"September 26, 2022","format":false,"excerpt":"\"There's no comparison for Icelandic artists\" \u00a0 \u00a0 \u00a0 Sunneva \u00c1sa Weisshappel Icelandic artists are so free because of the country\u2019s relatively short art history. At least that\u2019s how artist Sunneva \u00c1sa Weisshappel sees it, especially when comparing to other European countries such as France or Germany. \u201cI think because\u2026","rel":"","context":"Similar post","block_context":{"text":"Similar post","link":""},"img":{"alt_text":"","src":"https:\/\/i0.wp.com\/lostshoecollective.com\/wp-content\/uploads\/2022\/09\/sunneva-1.png?resize=350%2C200&ssl=1","width":350,"height":200,"srcset":"https:\/\/i0.wp.com\/lostshoecollective.com\/wp-content\/uploads\/2022\/09\/sunneva-1.png?resize=350%2C200&ssl=1 1x, https:\/\/i0.wp.com\/lostshoecollective.com\/wp-content\/uploads\/2022\/09\/sunneva-1.png?resize=525%2C300&ssl=1 1.5x, https:\/\/i0.wp.com\/lostshoecollective.com\/wp-content\/uploads\/2022\/09\/sunneva-1.png?resize=700%2C400&ssl=1 2x, https:\/\/i0.wp.com\/lostshoecollective.com\/wp-content\/uploads\/2022\/09\/sunneva-1.png?resize=1050%2C600&ssl=1 3x, https:\/\/i0.wp.com\/lostshoecollective.com\/wp-content\/uploads\/2022\/09\/sunneva-1.png?resize=1400%2C800&ssl=1 4x"},"classes":[]}],"_links":{"self":[{"href":"https:\/\/lostshoecollective.com\/en\/wp-json\/wp\/v2\/pages\/5152","targetHints":{"allow":["GET"]}}],"collection":[{"href":"https:\/\/lostshoecollective.com\/en\/wp-json\/wp\/v2\/pages"}],"about":[{"href":"https:\/\/lostshoecollective.com\/en\/wp-json\/wp\/v2\/types\/page"}],"author":[{"embeddable":true,"href":"https:\/\/lostshoecollective.com\/en\/wp-json\/wp\/v2\/users\/161824182"}],"replies":[{"embeddable":true,"href":"https:\/\/lostshoecollective.com\/en\/wp-json\/wp\/v2\/comments?post=5152"}],"version-history":[{"count":18,"href":"https:\/\/lostshoecollective.com\/en\/wp-json\/wp\/v2\/pages\/5152\/revisions"}],"predecessor-version":[{"id":13263,"href":"https:\/\/lostshoecollective.com\/en\/wp-json\/wp\/v2\/pages\/5152\/revisions\/13263"}],"wp:attachment":[{"href":"https:\/\/lostshoecollective.com\/en\/wp-json\/wp\/v2\/media?parent=5152"}],"curies":[{"name":"wp","href":"https:\/\/api.w.org\/{rel}","templated":true}]}}