{"id":4958,"date":"2022-09-26T12:59:16","date_gmt":"2022-09-26T12:59:16","guid":{"rendered":"https:\/\/lostshoecollective.com\/?page_id=4958"},"modified":"2023-03-01T17:10:56","modified_gmt":"2023-03-01T17:10:56","slug":"my-motivation-is-helping-fellow-artists","status":"publish","type":"page","link":"https:\/\/lostshoecollective.com\/en\/my-motivation-is-helping-fellow-artists\/","title":{"rendered":"<strong>&#8220;My motivation is helping fellow artists&#8221;<\/strong>"},"content":{"rendered":"\t\t<div data-elementor-type=\"wp-page\" data-elementor-id=\"4958\" class=\"elementor elementor-4958\" data-elementor-post-type=\"page\">\n\t\t\t\t\t\t<section class=\"elementor-section elementor-top-section elementor-element elementor-element-606fa918 elementor-section-boxed elementor-section-height-default elementor-section-height-default\" data-id=\"606fa918\" data-element_type=\"section\" data-e-type=\"section\">\n\t\t\t\t\t\t<div class=\"elementor-container elementor-column-gap-default\">\n\t\t\t\t\t<div class=\"elementor-column elementor-col-100 elementor-top-column elementor-element elementor-element-408b389b\" data-id=\"408b389b\" data-element_type=\"column\" data-e-type=\"column\">\n\t\t\t<div class=\"elementor-widget-wrap elementor-element-populated\">\n\t\t\t\t\t\t<div class=\"elementor-element elementor-element-7c7288ee elementor-widget elementor-widget-text-editor\" data-id=\"7c7288ee\" data-element_type=\"widget\" data-e-type=\"widget\" data-widget_type=\"text-editor.default\">\n\t\t\t\t<div class=\"elementor-widget-container\">\n\t\t\t\t\t\t\t\t\t<p><\/p>\n<h2 class=\"has-text-align-center wp-block-heading\"><strong>&#8220;My motivation is helping fellow artists&#8221;<\/strong><\/h2>\n<div><strong>\u00a0<\/strong><\/div>\n<p><\/p>\n<p><\/p>\n<figure class=\"wp-block-image size-large\"><img fetchpriority=\"high\" decoding=\"async\" data-attachment-id=\"4971\" data-permalink=\"https:\/\/lostshoecollective.com\/en\/my-motivation-is-helping-fellow-artists\/michael-landingstrip-1-1\/\" data-orig-file=\"https:\/\/i0.wp.com\/lostshoecollective.com\/wp-content\/uploads\/2022\/09\/Michael-Landingstrip-1-1.png?fit=1920%2C1080&amp;ssl=1\" data-orig-size=\"1920,1080\" data-comments-opened=\"1\" data-image-meta=\"{&quot;aperture&quot;:&quot;0&quot;,&quot;credit&quot;:&quot;&quot;,&quot;camera&quot;:&quot;&quot;,&quot;caption&quot;:&quot;&quot;,&quot;created_timestamp&quot;:&quot;0&quot;,&quot;copyright&quot;:&quot;&quot;,&quot;focal_length&quot;:&quot;0&quot;,&quot;iso&quot;:&quot;0&quot;,&quot;shutter_speed&quot;:&quot;0&quot;,&quot;title&quot;:&quot;&quot;,&quot;orientation&quot;:&quot;0&quot;}\" data-image-title=\"Michael-Landingstrip-1-1\" data-image-description=\"\" data-image-caption=\"\" data-medium-file=\"https:\/\/i0.wp.com\/lostshoecollective.com\/wp-content\/uploads\/2022\/09\/Michael-Landingstrip-1-1.png?fit=300%2C169&amp;ssl=1\" data-large-file=\"https:\/\/i0.wp.com\/lostshoecollective.com\/wp-content\/uploads\/2022\/09\/Michael-Landingstrip-1-1.png?fit=750%2C422&amp;ssl=1\" data-recalc-dims=\"1\" height=\"422\" width=\"750\" class=\"wp-image-4971\" src=\"https:\/\/i0.wp.com\/lostshoecollective.com\/wp-content\/uploads\/2022\/09\/Michael-Landingstrip-1-1.png?resize=750%2C422&#038;ssl=1\" alt=\"\" srcset=\"https:\/\/i0.wp.com\/lostshoecollective.com\/wp-content\/uploads\/2022\/09\/Michael-Landingstrip-1-1.png?w=1920&amp;ssl=1 1920w, https:\/\/i0.wp.com\/lostshoecollective.com\/wp-content\/uploads\/2022\/09\/Michael-Landingstrip-1-1.png?resize=300%2C169&amp;ssl=1 300w, https:\/\/i0.wp.com\/lostshoecollective.com\/wp-content\/uploads\/2022\/09\/Michael-Landingstrip-1-1.png?resize=1024%2C576&amp;ssl=1 1024w, https:\/\/i0.wp.com\/lostshoecollective.com\/wp-content\/uploads\/2022\/09\/Michael-Landingstrip-1-1.png?resize=768%2C432&amp;ssl=1 768w, https:\/\/i0.wp.com\/lostshoecollective.com\/wp-content\/uploads\/2022\/09\/Michael-Landingstrip-1-1.png?resize=1536%2C864&amp;ssl=1 1536w, https:\/\/i0.wp.com\/lostshoecollective.com\/wp-content\/uploads\/2022\/09\/Michael-Landingstrip-1-1.png?resize=1200%2C675&amp;ssl=1 1200w\" sizes=\"(max-width: 750px) 100vw, 750px\" \/>\n<p>\u00a0<\/p>\n<figcaption class=\"wp-element-caption\"><strong>\u00a0<\/strong><\/figcaption>\n<figcaption class=\"wp-element-caption\"><strong>Michael Pohl<\/strong><\/figcaption>\n<\/figure>\n<p><\/p>\n<p><\/p>\n<p id=\"viewer-616ds\" class=\"has-text-align-center wp-block-paragraph\">&#8220;Making the projects of fellow artists happen that&#8217;s my core motivation.&#8221;<\/p>\n<p><\/p>\n<p><\/p>\n<p id=\"viewer-e54qb\" class=\"has-text-align-center wp-block-paragraph\">The artist behind Berlin gallery space The Landing Strip, Michael Pohl, believes helping artists &#8211; especially young artists &#8211; with an opportunity to exhibit their work is just as important as his own projects.<\/p>\n<p><\/p>\n<p><\/p>\n<p id=\"viewer-8c1ph\" class=\"has-text-align-center wp-block-paragraph\">The 36-year-old converted half his apartment living room into The Landing Strip in 2015 and has been exhibiting small shows there ever since.<\/p>\n<p><\/p>\n<p><\/p>\n<p id=\"viewer-2fn7q\" class=\"has-text-align-center wp-block-paragraph\">&#8220;It makes me almost as happy as doing my own works to make something happen with other artists&#8217; work I&#8217;m interested in.&#8221;<\/p>\n<p><\/p>\n<p><\/p>\n<p id=\"viewer-cjt0i\" class=\"has-text-align-center wp-block-paragraph\">The Landing Strip has exhibited a diverse number of shows, from political projects to abstract paintings. When we caught up with him, Inga Kr\u00fcger was displaying her latest works about allergy and playing her theme around Michael&#8217;s gallery cat.<\/p>\n<p><\/p>\n<p><\/p>\n<p id=\"viewer-epclk\" class=\"has-text-align-center wp-block-paragraph\">Michael says he tries to make each show at his space different from the one before so the gallery always looks different with every offering.<\/p>\n<p><\/p>\n<p><\/p>\n<p id=\"viewer-a8ucf\" class=\"has-text-align-center wp-block-paragraph\">&#8220;There are so many spaces in my neighbourhood, so many that sometimes I only hear about one when it&#8217;s already closed.<\/p>\n<p><\/p>\n<p><\/p>\n<p id=\"viewer-eknta\" class=\"has-text-align-center wp-block-paragraph\">&#8220;Artist run galleries and little project spaces are not running out here anytime soon.&#8221;<\/p>\n<p><\/p>\n<p><\/p>\n<p id=\"viewer-fetvt\" class=\"has-text-align-center wp-block-paragraph\">Although the artist continued that the magic days of the 1990s when rents on spaces were easier to pay are over and the &#8220;crazy projects&#8221; from those times are much harder to orchestrate now.<\/p>\n<p><\/p>\n<p><\/p>\n<p id=\"viewer-c2ol5\" class=\"has-text-align-center wp-block-paragraph\">He said by converting his apartment he has bypassed the struggle of rent many of his fellow artist run galleries face on a month to month basis.<\/p>\n<p><\/p>\n<p><\/p>\n<p id=\"viewer-16evd\" class=\"has-text-align-center wp-block-paragraph\">&#8220;My plan for this space is that it will continue doing what it&#8217;s been doing so far but maybe we will add little one night things. But we will keep showing young artists that I&#8217;m interested in or that someone else makes me aware of.&#8221;<\/p>\n<p><\/p>\n<p><\/p>\n<p id=\"viewer-2livl\" class=\"has-text-align-center wp-block-paragraph\">Find out more about The Landing Strip <a href=\"http:\/\/thelandingstrip.de\/\" target=\"_blank\" rel=\"noreferrer noopener\"><u>here<\/u><\/a>.<\/p>\n<p><\/p>\n<p><\/p>\n<p class=\"has-text-align-center wp-block-paragraph\"><em>Words by Beth Cherryman<\/em><\/p>\n<div class=\"wp-block-group\">\n<p><\/p>\n<\/div>\n<p><!-- \/wp:group --><\/p>\t\t\t\t\t\t\t\t<\/div>\n\t\t\t\t<\/div>\n\t\t\t\t\t<\/div>\n\t\t<\/div>\n\t\t\t\t\t<\/div>\n\t\t<\/section>\n\t\t\t\t<section class=\"elementor-section elementor-top-section elementor-element elementor-element-17688b3 elementor-section-boxed elementor-section-height-default elementor-section-height-default\" data-id=\"17688b3\" data-element_type=\"section\" data-e-type=\"section\">\n\t\t\t\t\t\t<div class=\"elementor-container elementor-column-gap-default\">\n\t\t\t\t\t<div class=\"elementor-column elementor-col-100 elementor-top-column elementor-element elementor-element-bc7b7cd\" data-id=\"bc7b7cd\" data-element_type=\"column\" data-e-type=\"column\">\n\t\t\t<div class=\"elementor-widget-wrap elementor-element-populated\">\n\t\t\t\t\t\t<div class=\"elementor-element elementor-element-95f43a1 elementor-widget elementor-widget-text-editor\" data-id=\"95f43a1\" data-element_type=\"widget\" data-e-type=\"widget\" data-widget_type=\"text-editor.default\">\n\t\t\t\t<div class=\"elementor-widget-container\">\n\t\t\t\t\t\t\t\t\t<h4 class=\"has-text-align-center\"><a href=\"https:\/\/lostshoecollective.com\/artist-run\/\" data-type=\"page\" data-id=\"4365\">Back To Artist Run<\/a><\/h4>\t\t\t\t\t\t\t\t<\/div>\n\t\t\t\t<\/div>\n\t\t\t\t\t<\/div>\n\t\t<\/div>\n\t\t\t\t\t<\/div>\n\t\t<\/section>\n\t\t\t\t<section class=\"elementor-section elementor-top-section elementor-element elementor-element-306b464 elementor-section-boxed elementor-section-height-default elementor-section-height-default\" data-id=\"306b464\" data-element_type=\"section\" data-e-type=\"section\">\n\t\t\t\t\t\t<div class=\"elementor-container elementor-column-gap-default\">\n\t\t\t\t\t<div class=\"elementor-column elementor-col-100 elementor-top-column elementor-element elementor-element-a8d60e3\" data-id=\"a8d60e3\" data-element_type=\"column\" data-e-type=\"column\">\n\t\t\t<div class=\"elementor-widget-wrap elementor-element-populated\">\n\t\t\t\t\t\t<div class=\"elementor-element elementor-element-6603a01 elementor-widget elementor-widget-text-editor\" data-id=\"6603a01\" data-element_type=\"widget\" data-e-type=\"widget\" data-widget_type=\"text-editor.default\">\n\t\t\t\t<div class=\"elementor-widget-container\">\n\t\t\t\t\t\t\t\t\t<p style=\"text-align: center;\"><a href=\"https:\/\/lostshoecollective.com\/\"><strong>Lost Shoe Collective<\/strong><\/a> Film Production Company<\/p>\t\t\t\t\t\t\t\t<\/div>\n\t\t\t\t<\/div>\n\t\t\t\t\t<\/div>\n\t\t<\/div>\n\t\t\t\t\t<\/div>\n\t\t<\/section>\n\t\t\t\t<section class=\"elementor-section elementor-top-section elementor-element elementor-element-ae84bed elementor-section-boxed elementor-section-height-default elementor-section-height-default\" data-id=\"ae84bed\" data-element_type=\"section\" data-e-type=\"section\">\n\t\t\t\t\t\t<div class=\"elementor-container elementor-column-gap-default\">\n\t\t\t\t\t<div class=\"elementor-column elementor-col-100 elementor-top-column elementor-element elementor-element-2f63384\" data-id=\"2f63384\" data-element_type=\"column\" data-e-type=\"column\">\n\t\t\t<div class=\"elementor-widget-wrap elementor-element-populated\">\n\t\t\t\t\t\t<div class=\"elementor-element elementor-element-7f82e66 elementor-shape-rounded elementor-grid-0 e-grid-align-center elementor-widget elementor-widget-social-icons\" data-id=\"7f82e66\" data-element_type=\"widget\" data-e-type=\"widget\" data-widget_type=\"social-icons.default\">\n\t\t\t\t<div class=\"elementor-widget-container\">\n\t\t\t\t\t\t\t<div class=\"elementor-social-icons-wrapper elementor-grid\" role=\"list\">\n\t\t\t\t\t\t\t<span class=\"elementor-grid-item\" role=\"listitem\">\n\t\t\t\t\t<a class=\"elementor-icon elementor-social-icon elementor-social-icon-vimeo elementor-repeater-item-3912a84\" href=\"https:\/\/vimeo.com\/lostshoecollective\" target=\"_blank\">\n\t\t\t\t\t\t<span class=\"elementor-screen-only\">Vimeo<\/span>\n\t\t\t\t\t\t<i aria-hidden=\"true\" class=\"fab fa-vimeo\"><\/i>\t\t\t\t\t<\/a>\n\t\t\t\t<\/span>\n\t\t\t\t\t\t\t<span class=\"elementor-grid-item\" role=\"listitem\">\n\t\t\t\t\t<a class=\"elementor-icon elementor-social-icon elementor-social-icon-instagram elementor-repeater-item-a0a46ed\" href=\"https:\/\/www.instagram.com\/lostshoecollective\/\" target=\"_blank\">\n\t\t\t\t\t\t<span class=\"elementor-screen-only\">Instagram<\/span>\n\t\t\t\t\t\t<i aria-hidden=\"true\" class=\"fab fa-instagram\"><\/i>\t\t\t\t\t<\/a>\n\t\t\t\t<\/span>\n\t\t\t\t\t\t\t<span class=\"elementor-grid-item\" role=\"listitem\">\n\t\t\t\t\t<a class=\"elementor-icon elementor-social-icon elementor-social-icon-facebook elementor-repeater-item-54fd089\" href=\"https:\/\/www.facebook.com\/lostshoecollective\/\" target=\"_blank\">\n\t\t\t\t\t\t<span class=\"elementor-screen-only\">Facebook<\/span>\n\t\t\t\t\t\t<i aria-hidden=\"true\" class=\"fab fa-facebook\"><\/i>\t\t\t\t\t<\/a>\n\t\t\t\t<\/span>\n\t\t\t\t\t<\/div>\n\t\t\t\t\t\t<\/div>\n\t\t\t\t<\/div>\n\t\t\t\t\t<\/div>\n\t\t<\/div>\n\t\t\t\t\t<\/div>\n\t\t<\/section>\n\t\t\t\t<\/div>\n\t\t","protected":false},"excerpt":{"rendered":"<p>&#8220;My motivation is helping fellow artists&#8221; \u00a0 &#8220;Making the projects of fellow artists happen that&#8217;s my core motivation.&#8221; The artist behind Berlin gallery space The Landing Strip, Michael Pohl, believes helping artists &#8211; especially young artists &#8211; with an opportunity to exhibit their work is just as important as his own projects. The 36-year-old converted<a class=\"more-link\" href=\"https:\/\/lostshoecollective.com\/en\/my-motivation-is-helping-fellow-artists\/\">Continue reading <span class=\"screen-reader-text\">&#8220;<strong>&#8220;My motivation is helping fellow artists&#8221;<\/strong>&#8220;<\/span><\/a><\/p>\n","protected":false},"author":161824182,"featured_media":0,"parent":0,"menu_order":0,"comment_status":"closed","ping_status":"closed","template":"","meta":{"_crdt_document":"","advanced_seo_description":"","jetpack_seo_html_title":"","jetpack_seo_noindex":false,"jetpack_post_was_ever_published":false,"footnotes":""},"class_list":["post-4958","page","type-page","status-publish","hentry","entry"],"jetpack_likes_enabled":true,"jetpack_sharing_enabled":true,"jetpack_shortlink":"https:\/\/wp.me\/Pe1weW-1hY","jetpack-related-posts":[{"id":4365,"url":"https:\/\/lostshoecollective.com\/en\/artist-run\/","url_meta":{"origin":4958,"position":0},"title":"Artist Run","author":"Lost Shoe Collective Collective","date":"September 26, 2022","format":false,"excerpt":"ARTIST RUN Artist Run\u00a0is a short documentary featuring several artist run galleries in Berlin (Neuk\u00f6lln) and Reykjav\u00edk (city centre) and the actuality that surrounds their spaces. Through interviews we get to know the gallery managers and artists working in the cities or exhibiting in the art spaces during the filming\u2026","rel":"","context":"Similar post","block_context":{"text":"Similar post","link":""},"img":{"alt_text":"","src":"https:\/\/i0.wp.com\/lostshoecollective.com\/wp-content\/uploads\/2022\/09\/Freyja-1-1024x576.png?resize=350%2C200&ssl=1","width":350,"height":200,"srcset":"https:\/\/i0.wp.com\/lostshoecollective.com\/wp-content\/uploads\/2022\/09\/Freyja-1-1024x576.png?resize=350%2C200&ssl=1 1x, https:\/\/i0.wp.com\/lostshoecollective.com\/wp-content\/uploads\/2022\/09\/Freyja-1-1024x576.png?resize=525%2C300&ssl=1 1.5x, https:\/\/i0.wp.com\/lostshoecollective.com\/wp-content\/uploads\/2022\/09\/Freyja-1-1024x576.png?resize=700%2C400&ssl=1 2x"},"classes":[]},{"id":5069,"url":"https:\/\/lostshoecollective.com\/en\/reykjavik-needs-more-artist-run-spaces\/","url_meta":{"origin":4958,"position":1},"title":"&#8220;Reykjavik needs more artist run spaces&#8221;","author":"Lost Shoe Collective Collective","date":"September 26, 2022","format":false,"excerpt":"\"Reykjavik needs more artist run spaces\" \u00a0 \u00a0 \u00a0 \u00c1rni M\u00e1r Erlingsson Tourists are a blessing and a curse for the Icelandic art scene according to the director of Gallery Port, \u00c1rni M\u00e1r Erlingsson. The 30-year-old who started his art career writing on walls at the age of 12, spoke\u2026","rel":"","context":"Similar post","block_context":{"text":"Similar post","link":""},"img":{"alt_text":"","src":"https:\/\/i0.wp.com\/lostshoecollective.com\/wp-content\/uploads\/2022\/09\/Arni_port-1.png?resize=350%2C200&ssl=1","width":350,"height":200,"srcset":"https:\/\/i0.wp.com\/lostshoecollective.com\/wp-content\/uploads\/2022\/09\/Arni_port-1.png?resize=350%2C200&ssl=1 1x, https:\/\/i0.wp.com\/lostshoecollective.com\/wp-content\/uploads\/2022\/09\/Arni_port-1.png?resize=525%2C300&ssl=1 1.5x, https:\/\/i0.wp.com\/lostshoecollective.com\/wp-content\/uploads\/2022\/09\/Arni_port-1.png?resize=700%2C400&ssl=1 2x, https:\/\/i0.wp.com\/lostshoecollective.com\/wp-content\/uploads\/2022\/09\/Arni_port-1.png?resize=1050%2C600&ssl=1 3x, https:\/\/i0.wp.com\/lostshoecollective.com\/wp-content\/uploads\/2022\/09\/Arni_port-1.png?resize=1400%2C800&ssl=1 4x"},"classes":[]},{"id":5115,"url":"https:\/\/lostshoecollective.com\/en\/theres-no-comparison-for-icelandic-artists\/","url_meta":{"origin":4958,"position":2},"title":"&#8220;There&#8217;s no comparison for Icelandic artists&#8221;","author":"Lost Shoe Collective Collective","date":"September 26, 2022","format":false,"excerpt":"\"There's no comparison for Icelandic artists\" \u00a0 \u00a0 \u00a0 Sunneva \u00c1sa Weisshappel Icelandic artists are so free because of the country\u2019s relatively short art history. At least that\u2019s how artist Sunneva \u00c1sa Weisshappel sees it, especially when comparing to other European countries such as France or Germany. \u201cI think because\u2026","rel":"","context":"Similar post","block_context":{"text":"Similar post","link":""},"img":{"alt_text":"","src":"https:\/\/i0.wp.com\/lostshoecollective.com\/wp-content\/uploads\/2022\/09\/sunneva-1.png?resize=350%2C200&ssl=1","width":350,"height":200,"srcset":"https:\/\/i0.wp.com\/lostshoecollective.com\/wp-content\/uploads\/2022\/09\/sunneva-1.png?resize=350%2C200&ssl=1 1x, https:\/\/i0.wp.com\/lostshoecollective.com\/wp-content\/uploads\/2022\/09\/sunneva-1.png?resize=525%2C300&ssl=1 1.5x, https:\/\/i0.wp.com\/lostshoecollective.com\/wp-content\/uploads\/2022\/09\/sunneva-1.png?resize=700%2C400&ssl=1 2x, https:\/\/i0.wp.com\/lostshoecollective.com\/wp-content\/uploads\/2022\/09\/sunneva-1.png?resize=1050%2C600&ssl=1 3x, https:\/\/i0.wp.com\/lostshoecollective.com\/wp-content\/uploads\/2022\/09\/sunneva-1.png?resize=1400%2C800&ssl=1 4x"},"classes":[]},{"id":4906,"url":"https:\/\/lostshoecollective.com\/en\/art-is-what-you-make-of-it\/","url_meta":{"origin":4958,"position":3},"title":"&#8220;Art is what you make of it&#8221;","author":"Lost Shoe Collective Collective","date":"September 26, 2022","format":false,"excerpt":"\"Art is what you make of it\" \u00a0 \u00a0 \u00a0 Juwelia Soraya Art is what you make of it, according to Berlin painter and performance artist Juwelia Soraya, both in terms of working as an artist and in art\u2019s interpretation. \u201cSometimes I think I am not an artist, I only\u2026","rel":"","context":"Similar post","block_context":{"text":"Similar post","link":""},"img":{"alt_text":"","src":"https:\/\/i0.wp.com\/lostshoecollective.com\/wp-content\/uploads\/2022\/09\/Juwelia-STST-1-1.png?resize=350%2C200&ssl=1","width":350,"height":200,"srcset":"https:\/\/i0.wp.com\/lostshoecollective.com\/wp-content\/uploads\/2022\/09\/Juwelia-STST-1-1.png?resize=350%2C200&ssl=1 1x, https:\/\/i0.wp.com\/lostshoecollective.com\/wp-content\/uploads\/2022\/09\/Juwelia-STST-1-1.png?resize=525%2C300&ssl=1 1.5x, https:\/\/i0.wp.com\/lostshoecollective.com\/wp-content\/uploads\/2022\/09\/Juwelia-STST-1-1.png?resize=700%2C400&ssl=1 2x, https:\/\/i0.wp.com\/lostshoecollective.com\/wp-content\/uploads\/2022\/09\/Juwelia-STST-1-1.png?resize=1050%2C600&ssl=1 3x, https:\/\/i0.wp.com\/lostshoecollective.com\/wp-content\/uploads\/2022\/09\/Juwelia-STST-1-1.png?resize=1400%2C800&ssl=1 4x"},"classes":[]},{"id":5202,"url":"https:\/\/lostshoecollective.com\/en\/artist-run-spaces-have-more-freedom\/","url_meta":{"origin":4958,"position":4},"title":"&#8220;Artist run spaces have more freedom&#8221;","author":"Lost Shoe Collective Collective","date":"September 26, 2022","format":false,"excerpt":"\"Artist run spaces have more freedom\" \u00a0 \u00a0 \u00a0 Hekla D\u00f6gg J\u00f3nsd\u00f3ttir \u201cArtist run spaces always have more freedom, it gives the artist an opportunity to kind of work without the influence of what it\u2019s supposed to be which can happen in more commercial spaces and to do more interesting\u2026","rel":"","context":"Similar post","block_context":{"text":"Similar post","link":""},"img":{"alt_text":"","src":"https:\/\/i0.wp.com\/lostshoecollective.com\/wp-content\/uploads\/2022\/09\/KlingogBang-1-1.png?resize=350%2C200&ssl=1","width":350,"height":200,"srcset":"https:\/\/i0.wp.com\/lostshoecollective.com\/wp-content\/uploads\/2022\/09\/KlingogBang-1-1.png?resize=350%2C200&ssl=1 1x, https:\/\/i0.wp.com\/lostshoecollective.com\/wp-content\/uploads\/2022\/09\/KlingogBang-1-1.png?resize=525%2C300&ssl=1 1.5x, https:\/\/i0.wp.com\/lostshoecollective.com\/wp-content\/uploads\/2022\/09\/KlingogBang-1-1.png?resize=700%2C400&ssl=1 2x, https:\/\/i0.wp.com\/lostshoecollective.com\/wp-content\/uploads\/2022\/09\/KlingogBang-1-1.png?resize=1050%2C600&ssl=1 3x, https:\/\/i0.wp.com\/lostshoecollective.com\/wp-content\/uploads\/2022\/09\/KlingogBang-1-1.png?resize=1400%2C800&ssl=1 4x"},"classes":[]},{"id":5035,"url":"https:\/\/lostshoecollective.com\/en\/project-your-story-onto-my-work\/","url_meta":{"origin":4958,"position":5},"title":"&#8220;Project your story onto my work&#8221;","author":"Lost Shoe Collective Collective","date":"September 26, 2022","format":false,"excerpt":"\"Project your story onto my work\" \u00a0 \u00a0 \u00a0 Lukas Kindermann Art is about providing people with something that they can project their own stories onto. At least that was the opinion of German artist Lukas Kindermann when we caught up with him in Reykjavik last Summer. Lukas, who was\u2026","rel":"","context":"Similar post","block_context":{"text":"Similar post","link":""},"img":{"alt_text":"","src":"https:\/\/i0.wp.com\/lostshoecollective.com\/wp-content\/uploads\/2022\/09\/Lukas-Kinderman-1.png?resize=350%2C200&ssl=1","width":350,"height":200,"srcset":"https:\/\/i0.wp.com\/lostshoecollective.com\/wp-content\/uploads\/2022\/09\/Lukas-Kinderman-1.png?resize=350%2C200&ssl=1 1x, https:\/\/i0.wp.com\/lostshoecollective.com\/wp-content\/uploads\/2022\/09\/Lukas-Kinderman-1.png?resize=525%2C300&ssl=1 1.5x, https:\/\/i0.wp.com\/lostshoecollective.com\/wp-content\/uploads\/2022\/09\/Lukas-Kinderman-1.png?resize=700%2C400&ssl=1 2x, https:\/\/i0.wp.com\/lostshoecollective.com\/wp-content\/uploads\/2022\/09\/Lukas-Kinderman-1.png?resize=1050%2C600&ssl=1 3x, https:\/\/i0.wp.com\/lostshoecollective.com\/wp-content\/uploads\/2022\/09\/Lukas-Kinderman-1.png?resize=1400%2C800&ssl=1 4x"},"classes":[]}],"_links":{"self":[{"href":"https:\/\/lostshoecollective.com\/en\/wp-json\/wp\/v2\/pages\/4958","targetHints":{"allow":["GET"]}}],"collection":[{"href":"https:\/\/lostshoecollective.com\/en\/wp-json\/wp\/v2\/pages"}],"about":[{"href":"https:\/\/lostshoecollective.com\/en\/wp-json\/wp\/v2\/types\/page"}],"author":[{"embeddable":true,"href":"https:\/\/lostshoecollective.com\/en\/wp-json\/wp\/v2\/users\/161824182"}],"replies":[{"embeddable":true,"href":"https:\/\/lostshoecollective.com\/en\/wp-json\/wp\/v2\/comments?post=4958"}],"version-history":[{"count":19,"href":"https:\/\/lostshoecollective.com\/en\/wp-json\/wp\/v2\/pages\/4958\/revisions"}],"predecessor-version":[{"id":13185,"href":"https:\/\/lostshoecollective.com\/en\/wp-json\/wp\/v2\/pages\/4958\/revisions\/13185"}],"wp:attachment":[{"href":"https:\/\/lostshoecollective.com\/en\/wp-json\/wp\/v2\/media?parent=4958"}],"curies":[{"name":"wp","href":"https:\/\/api.w.org\/{rel}","templated":true}]}}